{"id":4192,"date":"2025-04-27T09:09:16","date_gmt":"2025-04-27T09:09:16","guid":{"rendered":"https:\/\/s-h.dk\/golf\/?page_id=4192"},"modified":"2025-05-02T09:14:42","modified_gmt":"2025-05-02T09:14:42","slug":"golf-proam-i-lisabon-estoril-blue-cours","status":"publish","type":"page","link":"https:\/\/s-h.dk\/golf\/?page_id=4192","title":{"rendered":"Golf Proam i Lisabon  Estoril Blue Cours"},"content":{"rendered":"\n<p>Dansk ProAm som spilles i Portugal<br>Mit hold Var<br>&#8211; Pro fra Helsing\u00f8r golfklub Rossel<br>&#8211; Spiller fra Helsing\u00f8r Golfklub<br>&#8211; X<br>&#8211; S-H Berthelsen K\u00f8ge<\/p>\n","protected":false},"excerpt":{"rendered":"<p>Dansk ProAm som spilles i PortugalMit hold Var&#8211; Pro fra Helsing\u00f8r golfklub Rossel&#8211; Spiller fra Helsing\u00f8r Golfklub&#8211; X&#8211; S-H Berthelsen K\u00f8ge<\/p>\n","protected":false},"author":1,"featured_media":0,"parent":0,"menu_order":0,"comment_status":"closed","ping_status":"closed","template":"","meta":{"ngg_post_thumbnail":0,"footnotes":""},"class_list":["post-4192","page","type-page","status-publish","hentry"],"yoast_head":"<!-- This site is optimized with the Yoast SEO plugin v24.9 - https:\/\/yoast.com\/wordpress\/plugins\/seo\/ -->\n<title>Golf Proam i Lisabon Estoril Blue Cours - Golf billeder<\/title>\n<meta name=\"robots\" content=\"index, follow, max-snippet:-1, max-image-preview:large, max-video-preview:-1\" \/>\n<link rel=\"canonical\" href=\"http:\/\/s-h.dk\/golf\/?page_id=4192\" \/>\n<meta property=\"og:locale\" content=\"da_DK\" \/>\n<meta property=\"og:type\" content=\"article\" \/>\n<meta property=\"og:title\" content=\"Golf Proam i Lisabon Estoril Blue Cours - Golf billeder\" \/>\n<meta property=\"og:description\" content=\"Dansk ProAm som spilles i PortugalMit hold Var&#8211; Pro fra Helsing\u00f8r golfklub Rossel&#8211; Spiller fra Helsing\u00f8r Golfklub&#8211; X&#8211; S-H Berthelsen K\u00f8ge\" \/>\n<meta property=\"og:url\" content=\"http:\/\/s-h.dk\/golf\/?page_id=4192\" \/>\n<meta property=\"og:site_name\" content=\"Golf billeder\" \/>\n<meta property=\"article:modified_time\" content=\"2025-05-02T09:14:42+00:00\" \/>\n<meta name=\"twitter:card\" content=\"summary_large_image\" \/>\n<meta name=\"twitter:label1\" content=\"Estimeret l\u00e6setid\" \/>\n\t<meta name=\"twitter:data1\" content=\"1 minut\" \/>\n<script type=\"application\/ld+json\" class=\"yoast-schema-graph\">{\"@context\":\"https:\/\/schema.org\",\"@graph\":[{\"@type\":\"WebPage\",\"@id\":\"http:\/\/s-h.dk\/golf\/?page_id=4192\",\"url\":\"http:\/\/s-h.dk\/golf\/?page_id=4192\",\"name\":\"Golf Proam i Lisabon Estoril Blue Cours - Golf billeder\",\"isPartOf\":{\"@id\":\"http:\/\/s-h.dk\/golf\/#website\"},\"datePublished\":\"2025-04-27T09:09:16+00:00\",\"dateModified\":\"2025-05-02T09:14:42+00:00\",\"breadcrumb\":{\"@id\":\"http:\/\/s-h.dk\/golf\/?page_id=4192#breadcrumb\"},\"inLanguage\":\"da-DK\",\"potentialAction\":[{\"@type\":\"ReadAction\",\"target\":[\"http:\/\/s-h.dk\/golf\/?page_id=4192\"]}]},{\"@type\":\"BreadcrumbList\",\"@id\":\"http:\/\/s-h.dk\/golf\/?page_id=4192#breadcrumb\",\"itemListElement\":[{\"@type\":\"ListItem\",\"position\":1,\"name\":\"Hjem\",\"item\":\"http:\/\/s-h.dk\/golf\/\"},{\"@type\":\"ListItem\",\"position\":2,\"name\":\"Golf Proam i Lisabon Estoril Blue Cours\"}]},{\"@type\":\"WebSite\",\"@id\":\"http:\/\/s-h.dk\/golf\/#website\",\"url\":\"http:\/\/s-h.dk\/golf\/\",\"name\":\"Golf billeder\",\"description\":\"\",\"potentialAction\":[{\"@type\":\"SearchAction\",\"target\":{\"@type\":\"EntryPoint\",\"urlTemplate\":\"http:\/\/s-h.dk\/golf\/?s={search_term_string}\"},\"query-input\":{\"@type\":\"PropertyValueSpecification\",\"valueRequired\":true,\"valueName\":\"search_term_string\"}}],\"inLanguage\":\"da-DK\"}]}<\/script>\n<!-- \/ Yoast SEO plugin. -->","yoast_head_json":{"title":"Golf Proam i Lisabon Estoril Blue Cours - Golf billeder","robots":{"index":"index","follow":"follow","max-snippet":"max-snippet:-1","max-image-preview":"max-image-preview:large","max-video-preview":"max-video-preview:-1"},"canonical":"http:\/\/s-h.dk\/golf\/?page_id=4192","og_locale":"da_DK","og_type":"article","og_title":"Golf Proam i Lisabon Estoril Blue Cours - Golf billeder","og_description":"Dansk ProAm som spilles i PortugalMit hold Var&#8211; Pro fra Helsing\u00f8r golfklub Rossel&#8211; Spiller fra Helsing\u00f8r Golfklub&#8211; X&#8211; S-H Berthelsen K\u00f8ge","og_url":"http:\/\/s-h.dk\/golf\/?page_id=4192","og_site_name":"Golf billeder","article_modified_time":"2025-05-02T09:14:42+00:00","twitter_card":"summary_large_image","twitter_misc":{"Estimeret l\u00e6setid":"1 minut"},"schema":{"@context":"https:\/\/schema.org","@graph":[{"@type":"WebPage","@id":"http:\/\/s-h.dk\/golf\/?page_id=4192","url":"http:\/\/s-h.dk\/golf\/?page_id=4192","name":"Golf Proam i Lisabon Estoril Blue Cours - Golf billeder","isPartOf":{"@id":"http:\/\/s-h.dk\/golf\/#website"},"datePublished":"2025-04-27T09:09:16+00:00","dateModified":"2025-05-02T09:14:42+00:00","breadcrumb":{"@id":"http:\/\/s-h.dk\/golf\/?page_id=4192#breadcrumb"},"inLanguage":"da-DK","potentialAction":[{"@type":"ReadAction","target":["http:\/\/s-h.dk\/golf\/?page_id=4192"]}]},{"@type":"BreadcrumbList","@id":"http:\/\/s-h.dk\/golf\/?page_id=4192#breadcrumb","itemListElement":[{"@type":"ListItem","position":1,"name":"Hjem","item":"http:\/\/s-h.dk\/golf\/"},{"@type":"ListItem","position":2,"name":"Golf Proam i Lisabon Estoril Blue Cours"}]},{"@type":"WebSite","@id":"http:\/\/s-h.dk\/golf\/#website","url":"http:\/\/s-h.dk\/golf\/","name":"Golf billeder","description":"","potentialAction":[{"@type":"SearchAction","target":{"@type":"EntryPoint","urlTemplate":"http:\/\/s-h.dk\/golf\/?s={search_term_string}"},"query-input":{"@type":"PropertyValueSpecification","valueRequired":true,"valueName":"search_term_string"}}],"inLanguage":"da-DK"}]}},"_links":{"self":[{"href":"https:\/\/s-h.dk\/golf\/index.php?rest_route=\/wp\/v2\/pages\/4192","targetHints":{"allow":["GET"]}}],"collection":[{"href":"https:\/\/s-h.dk\/golf\/index.php?rest_route=\/wp\/v2\/pages"}],"about":[{"href":"https:\/\/s-h.dk\/golf\/index.php?rest_route=\/wp\/v2\/types\/page"}],"author":[{"embeddable":true,"href":"https:\/\/s-h.dk\/golf\/index.php?rest_route=\/wp\/v2\/users\/1"}],"replies":[{"embeddable":true,"href":"https:\/\/s-h.dk\/golf\/index.php?rest_route=%2Fwp%2Fv2%2Fcomments&post=4192"}],"version-history":[{"count":2,"href":"https:\/\/s-h.dk\/golf\/index.php?rest_route=\/wp\/v2\/pages\/4192\/revisions"}],"predecessor-version":[{"id":4213,"href":"https:\/\/s-h.dk\/golf\/index.php?rest_route=\/wp\/v2\/pages\/4192\/revisions\/4213"}],"wp:attachment":[{"href":"https:\/\/s-h.dk\/golf\/index.php?rest_route=%2Fwp%2Fv2%2Fmedia&parent=4192"}],"curies":[{"name":"wp","href":"https:\/\/api.w.org\/{rel}","templated":true}]}}