{"id":4150,"date":"2025-04-27T07:26:18","date_gmt":"2025-04-27T07:26:18","guid":{"rendered":"https:\/\/s-h.dk\/golf\/?page_id=4150"},"modified":"2025-04-27T08:04:37","modified_gmt":"2025-04-27T08:04:37","slug":"golf-i-marianske-lazne","status":"publish","type":"page","link":"https:\/\/s-h.dk\/golf\/?page_id=4150","title":{"rendered":"Golf i Marianske Lazne"},"content":{"rendered":"\n<div class=\"wp-block-soliloquy-soliloquywp\"><div class=\"soliloquy-outer-container\" data-soliloquy-loaded=\"0\"><div aria-live=\"polite\" id=\"soliloquy-container-3389\" class=\"soliloquy-container soliloquy-transition-fade soliloquy-fade soliloquy-controls-active  soliloquy-theme-classic no-js\" style=\"max-width:1024px;margin:0 auto 20px;\"><ul id=\"soliloquy-3389\" class=\"soliloquy-slider soliloquy-slides soliloquy-wrap soliloquy-clear\"><li aria-hidden=\"true\" class=\"soliloquy-item soliloquy-item-1 soliloquy-id-3391 soliloquy-image-slide\" draggable=\"false\" style=\"list-style:none;\"><img decoding=\"async\" loading=\"lazy\" id=\"soliloquy-image-3391\" class=\"soliloquy-image soliloquy-image-1\" src=\"https:\/\/s-h.dk\/golf\/wp-content\/uploads\/2025\/03\/Test1-1-1024x649.jpg\" alt=\"Hold og bes\u00e6tning\" \/><div class=\"soliloquy-caption soliloquy-caption-bottom\"><div class=\"soliloquy-caption-inside\">Mekaniker - S-H Berthelsen - Pete Sund - 2 piloter - Pouls svoger - Poul Matiesen Jan M\u00f8ller og S\u00f8ren Pedersen mangler her<\/div><\/div><\/li><li aria-hidden=\"true\" class=\"soliloquy-item soliloquy-item-2 soliloquy-id-3390 soliloquy-image-slide\" draggable=\"false\" style=\"list-style:none;\"><img decoding=\"async\" loading=\"lazy\" id=\"soliloquy-image-3390\" class=\"soliloquy-image soliloquy-image-2 soliloquy-preload\" src=\"https:\/\/s-h.dk\/golf\/wp-content\/plugins\/soliloquy\/assets\/css\/images\/holder.gif\" data-soliloquy-src=\"https:\/\/s-h.dk\/golf\/wp-content\/uploads\/2025\/03\/Test1-1024x649.jpg\" alt=\"Holdet og bes\u00e6tning\" \/><div class=\"soliloquy-caption soliloquy-caption-bottom\"><div class=\"soliloquy-caption-inside\">Mekaniker - S-H Berthelsen - Pete Sund - 2 piloter - Pouls svoger - Poul Matiesen Jan M\u00f8ller og S\u00f8ren Pedersen mangler her<\/div><\/div><\/li><\/ul><\/div><noscript><div class=\"soliloquy-no-js\" style=\"display:none;visibility:hidden;height:0;line-height:0;opacity:0;\"><img decoding=\"async\" class=\"soliloquy-image soliloquy-no-js-image skip-lazy\" loading=\"lazy\" src=\"https:\/\/s-h.dk\/golf\/wp-content\/uploads\/2025\/03\/Test1-1-1024x649.jpg\" alt=\"Hold og bes\u00e6tning\" \/><img decoding=\"async\" class=\"soliloquy-image soliloquy-no-js-image skip-lazy\" loading=\"lazy\" src=\"https:\/\/s-h.dk\/golf\/wp-content\/uploads\/2025\/03\/Test1-1024x649.jpg\" alt=\"Holdet og bes\u00e6tning\" \/><\/div><\/noscript><\/div><\/div>\n\n\n\n<p>Tur med bus over \u00f8sttyskland om natten.Kom til Prag n\u00e6ste morgen hvor vi blev indlogeret<br>p\u00e5 et hotelskib midt i Prag. Fest om aften hvor S\u00f8ren aftalte med en tjekkisk kvinde at hendes bror n\u00e6ste morgen skulle k\u00f8re os til Marianske Lazne.<\/p>\n\n\n\n<p>Det lykkedes n\u00e6ste morgen at f\u00e5 alt v\u00e6res golfudstyr og maden som jan havde medbragt<br>da han ikke var sikker p\u00e5 hvordan maden i Tjekiet var. <\/p>\n\n\n\n<p>Der var s\u00e6der til  personer s\u00e5 vi var 2 der fik en taburet at sidde p\u00e5 e 2 1\/2 time turen varede.<br>Ankom til fint golfhotel som l\u00e5 p\u00e5 selve golfbanen og om eftermiddagen var der dansemusik og de lokalt piger og deres unge fyre dansede og fik eftermiddags the og kager.  <\/p>\n\n\n\n<p>Deltager var<br>Tarsan (Poul Matiesen)<br>Poul Matiesens svoger<br>Jan M\u00f8ller<br>Pete Sund<br>S\u00f8ren Pedersen (Rejsearrang\u00f8r)<br>Svend-Henrik Berthelsen<\/p>\n","protected":false},"excerpt":{"rendered":"<p>Tur med bus over \u00f8sttyskland om natten.Kom til Prag n\u00e6ste morgen hvor vi blev indlogeretp\u00e5 et hotelskib midt i Prag. Fest om aften hvor S\u00f8ren aftalte med en tjekkisk kvinde at hendes bror n\u00e6ste morgen skulle k\u00f8re os til Marianske Lazne. Det lykkedes n\u00e6ste morgen at f\u00e5 alt v\u00e6res golfudstyr og maden som jan havde medbragtda han ikke var sikker p\u00e5 hvordan maden i Tjekiet var. Der var s\u00e6der til personer s\u00e5 vi var 2 der fik en taburet at sidde p\u00e5 e 2 1\/2 time turen varede.Ankom til fint golfhotel som l\u00e5 p\u00e5 selve golfbanen og om eftermiddagen var der dansemusik og de lokalt piger og deres unge fyre &hellip; <a href=\"https:\/\/s-h.dk\/golf\/?page_id=4150\">L\u00e6s resten <span class=\"meta-nav\">&rarr;<\/span><\/a><\/p>\n","protected":false},"author":1,"featured_media":0,"parent":0,"menu_order":0,"comment_status":"closed","ping_status":"closed","template":"","meta":{"ngg_post_thumbnail":0,"footnotes":""},"class_list":["post-4150","page","type-page","status-publish","hentry"],"yoast_head":"<!-- This site is optimized with the Yoast SEO plugin v24.9 - https:\/\/yoast.com\/wordpress\/plugins\/seo\/ -->\n<title>Golf i Marianske Lazne - Golf billeder<\/title>\n<meta name=\"robots\" content=\"index, follow, max-snippet:-1, max-image-preview:large, max-video-preview:-1\" \/>\n<link rel=\"canonical\" href=\"https:\/\/s-h.dk\/golf\/?page_id=4150\" \/>\n<meta property=\"og:locale\" content=\"da_DK\" \/>\n<meta property=\"og:type\" content=\"article\" \/>\n<meta property=\"og:title\" content=\"Golf i Marianske Lazne - Golf billeder\" \/>\n<meta property=\"og:description\" content=\"Tur med bus over \u00f8sttyskland om natten.Kom til Prag n\u00e6ste morgen hvor vi blev indlogeretp\u00e5 et hotelskib midt i Prag. Fest om aften hvor S\u00f8ren aftalte med en tjekkisk kvinde at hendes bror n\u00e6ste morgen skulle k\u00f8re os til Marianske Lazne. Det lykkedes n\u00e6ste morgen at f\u00e5 alt v\u00e6res golfudstyr og maden som jan havde medbragtda han ikke var sikker p\u00e5 hvordan maden i Tjekiet var. Der var s\u00e6der til personer s\u00e5 vi var 2 der fik en taburet at sidde p\u00e5 e 2 1\/2 time turen varede.Ankom til fint golfhotel som l\u00e5 p\u00e5 selve golfbanen og om eftermiddagen var der dansemusik og de lokalt piger og deres unge fyre &hellip; L\u00e6s resten &rarr;\" \/>\n<meta property=\"og:url\" content=\"https:\/\/s-h.dk\/golf\/?page_id=4150\" \/>\n<meta property=\"og:site_name\" content=\"Golf billeder\" \/>\n<meta property=\"article:modified_time\" content=\"2025-04-27T08:04:37+00:00\" \/>\n<meta name=\"twitter:card\" content=\"summary_large_image\" \/>\n<meta name=\"twitter:label1\" content=\"Estimeret l\u00e6setid\" \/>\n\t<meta name=\"twitter:data1\" content=\"1 minut\" \/>\n<script type=\"application\/ld+json\" class=\"yoast-schema-graph\">{\"@context\":\"https:\/\/schema.org\",\"@graph\":[{\"@type\":\"WebPage\",\"@id\":\"https:\/\/s-h.dk\/golf\/?page_id=4150\",\"url\":\"https:\/\/s-h.dk\/golf\/?page_id=4150\",\"name\":\"Golf i Marianske Lazne - Golf billeder\",\"isPartOf\":{\"@id\":\"https:\/\/s-h.dk\/golf\/#website\"},\"datePublished\":\"2025-04-27T07:26:18+00:00\",\"dateModified\":\"2025-04-27T08:04:37+00:00\",\"breadcrumb\":{\"@id\":\"https:\/\/s-h.dk\/golf\/?page_id=4150#breadcrumb\"},\"inLanguage\":\"da-DK\",\"potentialAction\":[{\"@type\":\"ReadAction\",\"target\":[\"https:\/\/s-h.dk\/golf\/?page_id=4150\"]}]},{\"@type\":\"BreadcrumbList\",\"@id\":\"https:\/\/s-h.dk\/golf\/?page_id=4150#breadcrumb\",\"itemListElement\":[{\"@type\":\"ListItem\",\"position\":1,\"name\":\"Hjem\",\"item\":\"https:\/\/s-h.dk\/golf\/\"},{\"@type\":\"ListItem\",\"position\":2,\"name\":\"Golf i Marianske Lazne\"}]},{\"@type\":\"WebSite\",\"@id\":\"https:\/\/s-h.dk\/golf\/#website\",\"url\":\"https:\/\/s-h.dk\/golf\/\",\"name\":\"Golf billeder\",\"description\":\"\",\"potentialAction\":[{\"@type\":\"SearchAction\",\"target\":{\"@type\":\"EntryPoint\",\"urlTemplate\":\"https:\/\/s-h.dk\/golf\/?s={search_term_string}\"},\"query-input\":{\"@type\":\"PropertyValueSpecification\",\"valueRequired\":true,\"valueName\":\"search_term_string\"}}],\"inLanguage\":\"da-DK\"}]}<\/script>\n<!-- \/ Yoast SEO plugin. -->","yoast_head_json":{"title":"Golf i Marianske Lazne - Golf billeder","robots":{"index":"index","follow":"follow","max-snippet":"max-snippet:-1","max-image-preview":"max-image-preview:large","max-video-preview":"max-video-preview:-1"},"canonical":"https:\/\/s-h.dk\/golf\/?page_id=4150","og_locale":"da_DK","og_type":"article","og_title":"Golf i Marianske Lazne - Golf billeder","og_description":"Tur med bus over \u00f8sttyskland om natten.Kom til Prag n\u00e6ste morgen hvor vi blev indlogeretp\u00e5 et hotelskib midt i Prag. Fest om aften hvor S\u00f8ren aftalte med en tjekkisk kvinde at hendes bror n\u00e6ste morgen skulle k\u00f8re os til Marianske Lazne. Det lykkedes n\u00e6ste morgen at f\u00e5 alt v\u00e6res golfudstyr og maden som jan havde medbragtda han ikke var sikker p\u00e5 hvordan maden i Tjekiet var. Der var s\u00e6der til personer s\u00e5 vi var 2 der fik en taburet at sidde p\u00e5 e 2 1\/2 time turen varede.Ankom til fint golfhotel som l\u00e5 p\u00e5 selve golfbanen og om eftermiddagen var der dansemusik og de lokalt piger og deres unge fyre &hellip; L\u00e6s resten &rarr;","og_url":"https:\/\/s-h.dk\/golf\/?page_id=4150","og_site_name":"Golf billeder","article_modified_time":"2025-04-27T08:04:37+00:00","twitter_card":"summary_large_image","twitter_misc":{"Estimeret l\u00e6setid":"1 minut"},"schema":{"@context":"https:\/\/schema.org","@graph":[{"@type":"WebPage","@id":"https:\/\/s-h.dk\/golf\/?page_id=4150","url":"https:\/\/s-h.dk\/golf\/?page_id=4150","name":"Golf i Marianske Lazne - Golf billeder","isPartOf":{"@id":"https:\/\/s-h.dk\/golf\/#website"},"datePublished":"2025-04-27T07:26:18+00:00","dateModified":"2025-04-27T08:04:37+00:00","breadcrumb":{"@id":"https:\/\/s-h.dk\/golf\/?page_id=4150#breadcrumb"},"inLanguage":"da-DK","potentialAction":[{"@type":"ReadAction","target":["https:\/\/s-h.dk\/golf\/?page_id=4150"]}]},{"@type":"BreadcrumbList","@id":"https:\/\/s-h.dk\/golf\/?page_id=4150#breadcrumb","itemListElement":[{"@type":"ListItem","position":1,"name":"Hjem","item":"https:\/\/s-h.dk\/golf\/"},{"@type":"ListItem","position":2,"name":"Golf i Marianske Lazne"}]},{"@type":"WebSite","@id":"https:\/\/s-h.dk\/golf\/#website","url":"https:\/\/s-h.dk\/golf\/","name":"Golf billeder","description":"","potentialAction":[{"@type":"SearchAction","target":{"@type":"EntryPoint","urlTemplate":"https:\/\/s-h.dk\/golf\/?s={search_term_string}"},"query-input":{"@type":"PropertyValueSpecification","valueRequired":true,"valueName":"search_term_string"}}],"inLanguage":"da-DK"}]}},"_links":{"self":[{"href":"https:\/\/s-h.dk\/golf\/index.php?rest_route=\/wp\/v2\/pages\/4150","targetHints":{"allow":["GET"]}}],"collection":[{"href":"https:\/\/s-h.dk\/golf\/index.php?rest_route=\/wp\/v2\/pages"}],"about":[{"href":"https:\/\/s-h.dk\/golf\/index.php?rest_route=\/wp\/v2\/types\/page"}],"author":[{"embeddable":true,"href":"https:\/\/s-h.dk\/golf\/index.php?rest_route=\/wp\/v2\/users\/1"}],"replies":[{"embeddable":true,"href":"https:\/\/s-h.dk\/golf\/index.php?rest_route=%2Fwp%2Fv2%2Fcomments&post=4150"}],"version-history":[{"count":2,"href":"https:\/\/s-h.dk\/golf\/index.php?rest_route=\/wp\/v2\/pages\/4150\/revisions"}],"predecessor-version":[{"id":4159,"href":"https:\/\/s-h.dk\/golf\/index.php?rest_route=\/wp\/v2\/pages\/4150\/revisions\/4159"}],"wp:attachment":[{"href":"https:\/\/s-h.dk\/golf\/index.php?rest_route=%2Fwp%2Fv2%2Fmedia&parent=4150"}],"curies":[{"name":"wp","href":"https:\/\/api.w.org\/{rel}","templated":true}]}}