{"id":4120,"date":"2025-04-03T04:35:15","date_gmt":"2025-04-03T04:35:15","guid":{"rendered":"https:\/\/s-h.dk\/golf\/?page_id=4120"},"modified":"2025-04-03T05:19:26","modified_gmt":"2025-04-03T05:19:26","slug":"1-golf-tur-helsingborg-4-7-2013","status":"publish","type":"page","link":"https:\/\/s-h.dk\/golf\/?page_id=4120","title":{"rendered":"1 Herreture Helsingborg"},"content":{"rendered":"\n<p>Vasatorp GK 4\/7\/2013<br>&#8211; Tournament Course<br>&#8211; Gl.banan<\/p>\n\n\n\n<div class=\"wp-block-soliloquy-soliloquywp\"><div class=\"soliloquy-outer-container\" data-soliloquy-loaded=\"0\"><div aria-live=\"polite\" id=\"soliloquy-container-4125\" class=\"soliloquy-container soliloquy-transition-fade soliloquy-fade soliloquy-controls-active soliloquy-arrows-active  soliloquy-theme-base no-js\" style=\"max-width:2600px;margin:0 auto 20px;\"><ul id=\"soliloquy-4125\" class=\"soliloquy-slider soliloquy-slides soliloquy-wrap soliloquy-clear\"><li aria-hidden=\"true\" class=\"soliloquy-item soliloquy-item-1 soliloquy-id-4126 soliloquy-image-slide\" draggable=\"false\" style=\"list-style:none;\"><img decoding=\"async\" loading=\"lazy\" id=\"soliloquy-image-4126\" class=\"soliloquy-image soliloquy-image-1\" src=\"https:\/\/s-h.dk\/golf\/wp-content\/uploads\/2025\/04\/hels-2600x2000_c.jpg\" alt=\"hels\" \/><div class=\"soliloquy-caption soliloquy-caption-bottom\"><div class=\"soliloquy-caption-inside\">Billede \u00d8verst H\u00f8jre: Ove Nielsen - Bj\u00f8rn Laversen - S\u00f8ren Steensbjerg - Palle (Musik) Larsen og x<\/div><\/div><\/li><\/ul><\/div><noscript><div class=\"soliloquy-no-js\" style=\"display:none;visibility:hidden;height:0;line-height:0;opacity:0;\"><img decoding=\"async\" class=\"soliloquy-image soliloquy-no-js-image skip-lazy\" loading=\"lazy\" src=\"https:\/\/s-h.dk\/golf\/wp-content\/uploads\/2025\/04\/hels.jpg\" alt=\"hels\" \/><\/div><\/noscript><\/div><\/div>\n","protected":false},"excerpt":{"rendered":"<p>Vasatorp GK 4\/7\/2013&#8211; Tournament Course&#8211; Gl.banan<\/p>\n","protected":false},"author":1,"featured_media":0,"parent":0,"menu_order":0,"comment_status":"closed","ping_status":"closed","template":"","meta":{"ngg_post_thumbnail":0,"footnotes":""},"class_list":["post-4120","page","type-page","status-publish","hentry"],"yoast_head":"<!-- This site is optimized with the Yoast SEO plugin v24.9 - https:\/\/yoast.com\/wordpress\/plugins\/seo\/ -->\n<title>1 Herreture Helsingborg - Golf billeder<\/title>\n<meta name=\"robots\" content=\"index, follow, max-snippet:-1, max-image-preview:large, max-video-preview:-1\" \/>\n<link rel=\"canonical\" href=\"http:\/\/s-h.dk\/golf\/?page_id=4120\" \/>\n<meta property=\"og:locale\" content=\"da_DK\" \/>\n<meta property=\"og:type\" content=\"article\" \/>\n<meta property=\"og:title\" content=\"1 Herreture Helsingborg - Golf billeder\" \/>\n<meta property=\"og:description\" content=\"Vasatorp GK 4\/7\/2013&#8211; Tournament Course&#8211; Gl.banan\" \/>\n<meta property=\"og:url\" content=\"http:\/\/s-h.dk\/golf\/?page_id=4120\" \/>\n<meta property=\"og:site_name\" content=\"Golf billeder\" \/>\n<meta property=\"article:modified_time\" content=\"2025-04-03T05:19:26+00:00\" \/>\n<meta name=\"twitter:card\" content=\"summary_large_image\" \/>\n<meta name=\"twitter:label1\" content=\"Estimeret l\u00e6setid\" \/>\n\t<meta name=\"twitter:data1\" content=\"1 minut\" \/>\n<script type=\"application\/ld+json\" class=\"yoast-schema-graph\">{\"@context\":\"https:\/\/schema.org\",\"@graph\":[{\"@type\":\"WebPage\",\"@id\":\"http:\/\/s-h.dk\/golf\/?page_id=4120\",\"url\":\"http:\/\/s-h.dk\/golf\/?page_id=4120\",\"name\":\"1 Herreture Helsingborg - Golf billeder\",\"isPartOf\":{\"@id\":\"http:\/\/s-h.dk\/golf\/#website\"},\"datePublished\":\"2025-04-03T04:35:15+00:00\",\"dateModified\":\"2025-04-03T05:19:26+00:00\",\"breadcrumb\":{\"@id\":\"http:\/\/s-h.dk\/golf\/?page_id=4120#breadcrumb\"},\"inLanguage\":\"da-DK\",\"potentialAction\":[{\"@type\":\"ReadAction\",\"target\":[\"http:\/\/s-h.dk\/golf\/?page_id=4120\"]}]},{\"@type\":\"BreadcrumbList\",\"@id\":\"http:\/\/s-h.dk\/golf\/?page_id=4120#breadcrumb\",\"itemListElement\":[{\"@type\":\"ListItem\",\"position\":1,\"name\":\"Hjem\",\"item\":\"http:\/\/s-h.dk\/golf\/\"},{\"@type\":\"ListItem\",\"position\":2,\"name\":\"1 Herreture Helsingborg\"}]},{\"@type\":\"WebSite\",\"@id\":\"http:\/\/s-h.dk\/golf\/#website\",\"url\":\"http:\/\/s-h.dk\/golf\/\",\"name\":\"Golf billeder\",\"description\":\"\",\"potentialAction\":[{\"@type\":\"SearchAction\",\"target\":{\"@type\":\"EntryPoint\",\"urlTemplate\":\"http:\/\/s-h.dk\/golf\/?s={search_term_string}\"},\"query-input\":{\"@type\":\"PropertyValueSpecification\",\"valueRequired\":true,\"valueName\":\"search_term_string\"}}],\"inLanguage\":\"da-DK\"}]}<\/script>\n<!-- \/ Yoast SEO plugin. -->","yoast_head_json":{"title":"1 Herreture Helsingborg - Golf billeder","robots":{"index":"index","follow":"follow","max-snippet":"max-snippet:-1","max-image-preview":"max-image-preview:large","max-video-preview":"max-video-preview:-1"},"canonical":"http:\/\/s-h.dk\/golf\/?page_id=4120","og_locale":"da_DK","og_type":"article","og_title":"1 Herreture Helsingborg - Golf billeder","og_description":"Vasatorp GK 4\/7\/2013&#8211; Tournament Course&#8211; Gl.banan","og_url":"http:\/\/s-h.dk\/golf\/?page_id=4120","og_site_name":"Golf billeder","article_modified_time":"2025-04-03T05:19:26+00:00","twitter_card":"summary_large_image","twitter_misc":{"Estimeret l\u00e6setid":"1 minut"},"schema":{"@context":"https:\/\/schema.org","@graph":[{"@type":"WebPage","@id":"http:\/\/s-h.dk\/golf\/?page_id=4120","url":"http:\/\/s-h.dk\/golf\/?page_id=4120","name":"1 Herreture Helsingborg - Golf billeder","isPartOf":{"@id":"http:\/\/s-h.dk\/golf\/#website"},"datePublished":"2025-04-03T04:35:15+00:00","dateModified":"2025-04-03T05:19:26+00:00","breadcrumb":{"@id":"http:\/\/s-h.dk\/golf\/?page_id=4120#breadcrumb"},"inLanguage":"da-DK","potentialAction":[{"@type":"ReadAction","target":["http:\/\/s-h.dk\/golf\/?page_id=4120"]}]},{"@type":"BreadcrumbList","@id":"http:\/\/s-h.dk\/golf\/?page_id=4120#breadcrumb","itemListElement":[{"@type":"ListItem","position":1,"name":"Hjem","item":"http:\/\/s-h.dk\/golf\/"},{"@type":"ListItem","position":2,"name":"1 Herreture Helsingborg"}]},{"@type":"WebSite","@id":"http:\/\/s-h.dk\/golf\/#website","url":"http:\/\/s-h.dk\/golf\/","name":"Golf billeder","description":"","potentialAction":[{"@type":"SearchAction","target":{"@type":"EntryPoint","urlTemplate":"http:\/\/s-h.dk\/golf\/?s={search_term_string}"},"query-input":{"@type":"PropertyValueSpecification","valueRequired":true,"valueName":"search_term_string"}}],"inLanguage":"da-DK"}]}},"_links":{"self":[{"href":"https:\/\/s-h.dk\/golf\/index.php?rest_route=\/wp\/v2\/pages\/4120","targetHints":{"allow":["GET"]}}],"collection":[{"href":"https:\/\/s-h.dk\/golf\/index.php?rest_route=\/wp\/v2\/pages"}],"about":[{"href":"https:\/\/s-h.dk\/golf\/index.php?rest_route=\/wp\/v2\/types\/page"}],"author":[{"embeddable":true,"href":"https:\/\/s-h.dk\/golf\/index.php?rest_route=\/wp\/v2\/users\/1"}],"replies":[{"embeddable":true,"href":"https:\/\/s-h.dk\/golf\/index.php?rest_route=%2Fwp%2Fv2%2Fcomments&post=4120"}],"version-history":[{"count":5,"href":"https:\/\/s-h.dk\/golf\/index.php?rest_route=\/wp\/v2\/pages\/4120\/revisions"}],"predecessor-version":[{"id":4142,"href":"https:\/\/s-h.dk\/golf\/index.php?rest_route=\/wp\/v2\/pages\/4120\/revisions\/4142"}],"wp:attachment":[{"href":"https:\/\/s-h.dk\/golf\/index.php?rest_route=%2Fwp%2Fv2%2Fmedia&parent=4120"}],"curies":[{"name":"wp","href":"https:\/\/api.w.org\/{rel}","templated":true}]}}