{"id":3785,"date":"2025-03-23T03:16:03","date_gmt":"2025-03-23T03:16:03","guid":{"rendered":"https:\/\/s-h.dk\/golf\/?page_id=3785"},"modified":"2025-04-27T08:00:51","modified_gmt":"2025-04-27T08:00:51","slug":"tjekiet","status":"publish","type":"page","link":"https:\/\/s-h.dk\/golf\/?page_id=3785","title":{"rendered":"Tjekiet"},"content":{"rendered":"\n<p>Tur med bus over \u00f8sttyskland om natten.Kom til Prag n\u00e6ste morgen hvor vi blev indlogeret<br>p\u00e5 et hotelskib midt i Prag. Fest om aften hvor S\u00f8ren aftalte med en tjekkisk kvinde at hendes bror n\u00e6ste morgen skulle k\u00f8re os til Marianske Lazne.<\/p>\n\n\n\n<p>Det lykkedes n\u00e6ste morgen at f\u00e5 alt v\u00e6res golfudstyr og maden som jan havde medbragt<br>da han ikke var sikker p\u00e5 hvordan maden i Tjekiet var. <\/p>\n\n\n\n<p>Der var s\u00e6der til  personer s\u00e5 vi var 2 der fik en taburet at sidde p\u00e5 e 2 1\/2 time turen varede.<br>Ankom til fint golfhotel som l\u00e5 p\u00e5 selve golfbanen og om eftermiddagen var der dansemusik og de lokalt piger og deres unge fyre dansede og fik eftermiddags the og kager.  <\/p>\n\n\n\n<p>Deltager var<br>Tarsan (Poul Matiesen)<br>Poul Matiesens svoger<br>Jan M\u00f8ller<br>Pete Sund<br>S\u00f8ren Pedersen (Rejsearrang\u00f8r)<br>Svend-Henrik Berthelsen<\/p>\n\n\n\n<p><\/p>\n","protected":false},"excerpt":{"rendered":"<p>Tur med bus over \u00f8sttyskland om natten.Kom til Prag n\u00e6ste morgen hvor vi blev indlogeretp\u00e5 et hotelskib midt i Prag. Fest om aften hvor S\u00f8ren aftalte med en tjekkisk kvinde at hendes bror n\u00e6ste morgen skulle k\u00f8re os til Marianske Lazne. Det lykkedes n\u00e6ste morgen at f\u00e5 alt v\u00e6res golfudstyr og maden som jan havde medbragtda han ikke var sikker p\u00e5 hvordan maden i Tjekiet var. Der var s\u00e6der til personer s\u00e5 vi var 2 der fik en taburet at sidde p\u00e5 e 2 1\/2 time turen varede.Ankom til fint golfhotel som l\u00e5 p\u00e5 selve golfbanen og om eftermiddagen var der dansemusik og de lokalt piger og deres unge fyre &hellip; <a href=\"https:\/\/s-h.dk\/golf\/?page_id=3785\">L\u00e6s resten <span class=\"meta-nav\">&rarr;<\/span><\/a><\/p>\n","protected":false},"author":1,"featured_media":0,"parent":0,"menu_order":0,"comment_status":"closed","ping_status":"closed","template":"","meta":{"ngg_post_thumbnail":0,"footnotes":""},"class_list":["post-3785","page","type-page","status-publish","hentry"],"yoast_head":"<!-- This site is optimized with the Yoast SEO plugin v24.9 - https:\/\/yoast.com\/wordpress\/plugins\/seo\/ -->\n<title>Tjekiet - Golf billeder<\/title>\n<meta name=\"robots\" content=\"index, follow, max-snippet:-1, max-image-preview:large, max-video-preview:-1\" \/>\n<link rel=\"canonical\" href=\"https:\/\/s-h.dk\/golf\/?page_id=3785\" \/>\n<meta property=\"og:locale\" content=\"da_DK\" \/>\n<meta property=\"og:type\" content=\"article\" \/>\n<meta property=\"og:title\" content=\"Tjekiet - Golf billeder\" \/>\n<meta property=\"og:description\" content=\"Tur med bus over \u00f8sttyskland om natten.Kom til Prag n\u00e6ste morgen hvor vi blev indlogeretp\u00e5 et hotelskib midt i Prag. Fest om aften hvor S\u00f8ren aftalte med en tjekkisk kvinde at hendes bror n\u00e6ste morgen skulle k\u00f8re os til Marianske Lazne. Det lykkedes n\u00e6ste morgen at f\u00e5 alt v\u00e6res golfudstyr og maden som jan havde medbragtda han ikke var sikker p\u00e5 hvordan maden i Tjekiet var. Der var s\u00e6der til personer s\u00e5 vi var 2 der fik en taburet at sidde p\u00e5 e 2 1\/2 time turen varede.Ankom til fint golfhotel som l\u00e5 p\u00e5 selve golfbanen og om eftermiddagen var der dansemusik og de lokalt piger og deres unge fyre &hellip; L\u00e6s resten &rarr;\" \/>\n<meta property=\"og:url\" content=\"https:\/\/s-h.dk\/golf\/?page_id=3785\" \/>\n<meta property=\"og:site_name\" content=\"Golf billeder\" \/>\n<meta property=\"article:modified_time\" content=\"2025-04-27T08:00:51+00:00\" \/>\n<meta name=\"twitter:card\" content=\"summary_large_image\" \/>\n<meta name=\"twitter:label1\" content=\"Estimeret l\u00e6setid\" \/>\n\t<meta name=\"twitter:data1\" content=\"1 minut\" \/>\n<script type=\"application\/ld+json\" class=\"yoast-schema-graph\">{\"@context\":\"https:\/\/schema.org\",\"@graph\":[{\"@type\":\"WebPage\",\"@id\":\"https:\/\/s-h.dk\/golf\/?page_id=3785\",\"url\":\"https:\/\/s-h.dk\/golf\/?page_id=3785\",\"name\":\"Tjekiet - Golf billeder\",\"isPartOf\":{\"@id\":\"http:\/\/s-h.dk\/golf\/#website\"},\"datePublished\":\"2025-03-23T03:16:03+00:00\",\"dateModified\":\"2025-04-27T08:00:51+00:00\",\"breadcrumb\":{\"@id\":\"https:\/\/s-h.dk\/golf\/?page_id=3785#breadcrumb\"},\"inLanguage\":\"da-DK\",\"potentialAction\":[{\"@type\":\"ReadAction\",\"target\":[\"https:\/\/s-h.dk\/golf\/?page_id=3785\"]}]},{\"@type\":\"BreadcrumbList\",\"@id\":\"https:\/\/s-h.dk\/golf\/?page_id=3785#breadcrumb\",\"itemListElement\":[{\"@type\":\"ListItem\",\"position\":1,\"name\":\"Hjem\",\"item\":\"http:\/\/s-h.dk\/golf\/\"},{\"@type\":\"ListItem\",\"position\":2,\"name\":\"Tjekiet\"}]},{\"@type\":\"WebSite\",\"@id\":\"http:\/\/s-h.dk\/golf\/#website\",\"url\":\"http:\/\/s-h.dk\/golf\/\",\"name\":\"Golf billeder\",\"description\":\"\",\"potentialAction\":[{\"@type\":\"SearchAction\",\"target\":{\"@type\":\"EntryPoint\",\"urlTemplate\":\"http:\/\/s-h.dk\/golf\/?s={search_term_string}\"},\"query-input\":{\"@type\":\"PropertyValueSpecification\",\"valueRequired\":true,\"valueName\":\"search_term_string\"}}],\"inLanguage\":\"da-DK\"}]}<\/script>\n<!-- \/ Yoast SEO plugin. -->","yoast_head_json":{"title":"Tjekiet - Golf billeder","robots":{"index":"index","follow":"follow","max-snippet":"max-snippet:-1","max-image-preview":"max-image-preview:large","max-video-preview":"max-video-preview:-1"},"canonical":"https:\/\/s-h.dk\/golf\/?page_id=3785","og_locale":"da_DK","og_type":"article","og_title":"Tjekiet - Golf billeder","og_description":"Tur med bus over \u00f8sttyskland om natten.Kom til Prag n\u00e6ste morgen hvor vi blev indlogeretp\u00e5 et hotelskib midt i Prag. Fest om aften hvor S\u00f8ren aftalte med en tjekkisk kvinde at hendes bror n\u00e6ste morgen skulle k\u00f8re os til Marianske Lazne. Det lykkedes n\u00e6ste morgen at f\u00e5 alt v\u00e6res golfudstyr og maden som jan havde medbragtda han ikke var sikker p\u00e5 hvordan maden i Tjekiet var. Der var s\u00e6der til personer s\u00e5 vi var 2 der fik en taburet at sidde p\u00e5 e 2 1\/2 time turen varede.Ankom til fint golfhotel som l\u00e5 p\u00e5 selve golfbanen og om eftermiddagen var der dansemusik og de lokalt piger og deres unge fyre &hellip; L\u00e6s resten &rarr;","og_url":"https:\/\/s-h.dk\/golf\/?page_id=3785","og_site_name":"Golf billeder","article_modified_time":"2025-04-27T08:00:51+00:00","twitter_card":"summary_large_image","twitter_misc":{"Estimeret l\u00e6setid":"1 minut"},"schema":{"@context":"https:\/\/schema.org","@graph":[{"@type":"WebPage","@id":"https:\/\/s-h.dk\/golf\/?page_id=3785","url":"https:\/\/s-h.dk\/golf\/?page_id=3785","name":"Tjekiet - Golf billeder","isPartOf":{"@id":"http:\/\/s-h.dk\/golf\/#website"},"datePublished":"2025-03-23T03:16:03+00:00","dateModified":"2025-04-27T08:00:51+00:00","breadcrumb":{"@id":"https:\/\/s-h.dk\/golf\/?page_id=3785#breadcrumb"},"inLanguage":"da-DK","potentialAction":[{"@type":"ReadAction","target":["https:\/\/s-h.dk\/golf\/?page_id=3785"]}]},{"@type":"BreadcrumbList","@id":"https:\/\/s-h.dk\/golf\/?page_id=3785#breadcrumb","itemListElement":[{"@type":"ListItem","position":1,"name":"Hjem","item":"http:\/\/s-h.dk\/golf\/"},{"@type":"ListItem","position":2,"name":"Tjekiet"}]},{"@type":"WebSite","@id":"http:\/\/s-h.dk\/golf\/#website","url":"http:\/\/s-h.dk\/golf\/","name":"Golf billeder","description":"","potentialAction":[{"@type":"SearchAction","target":{"@type":"EntryPoint","urlTemplate":"http:\/\/s-h.dk\/golf\/?s={search_term_string}"},"query-input":{"@type":"PropertyValueSpecification","valueRequired":true,"valueName":"search_term_string"}}],"inLanguage":"da-DK"}]}},"_links":{"self":[{"href":"https:\/\/s-h.dk\/golf\/index.php?rest_route=\/wp\/v2\/pages\/3785","targetHints":{"allow":["GET"]}}],"collection":[{"href":"https:\/\/s-h.dk\/golf\/index.php?rest_route=\/wp\/v2\/pages"}],"about":[{"href":"https:\/\/s-h.dk\/golf\/index.php?rest_route=\/wp\/v2\/types\/page"}],"author":[{"embeddable":true,"href":"https:\/\/s-h.dk\/golf\/index.php?rest_route=\/wp\/v2\/users\/1"}],"replies":[{"embeddable":true,"href":"https:\/\/s-h.dk\/golf\/index.php?rest_route=%2Fwp%2Fv2%2Fcomments&post=3785"}],"version-history":[{"count":5,"href":"https:\/\/s-h.dk\/golf\/index.php?rest_route=\/wp\/v2\/pages\/3785\/revisions"}],"predecessor-version":[{"id":4158,"href":"https:\/\/s-h.dk\/golf\/index.php?rest_route=\/wp\/v2\/pages\/3785\/revisions\/4158"}],"wp:attachment":[{"href":"https:\/\/s-h.dk\/golf\/index.php?rest_route=%2Fwp%2Fv2%2Fmedia&parent=3785"}],"curies":[{"name":"wp","href":"https:\/\/api.w.org\/{rel}","templated":true}]}}