{"id":1756,"date":"2015-03-18T07:16:25","date_gmt":"2015-03-18T07:16:25","guid":{"rendered":"http:\/\/s-h.dk\/wp\/shop\/?page_id=1756"},"modified":"2025-04-01T05:25:37","modified_gmt":"2025-04-01T05:25:37","slug":"golf-proam-sydsjaeland","status":"publish","type":"page","link":"https:\/\/s-h.dk\/golf\/?page_id=1756","title":{"rendered":"Golf ProAm Sydsj\u00e6land"},"content":{"rendered":"\n<div class=\"wp-block-soliloquy-soliloquywp\"><div class=\"soliloquy-outer-container\" data-soliloquy-loaded=\"0\"><div aria-live=\"polite\" id=\"soliloquy-container-3366\" class=\"soliloquy-container soliloquy-transition-fade soliloquy-fade soliloquy-controls-active soliloquy-arrows-active  soliloquy-theme-base no-js\" style=\"max-width:1024px;margin:0 auto 20px;\"><ul id=\"soliloquy-3366\" class=\"soliloquy-slider soliloquy-slides soliloquy-wrap soliloquy-clear\"><li aria-hidden=\"true\" class=\"soliloquy-item soliloquy-item-1 soliloquy-id-3369 soliloquy-image-slide\" draggable=\"false\" style=\"list-style:none;\"><img decoding=\"async\" loading=\"lazy\" id=\"soliloquy-image-3369\" class=\"soliloquy-image soliloquy-image-1\" src=\"https:\/\/s-h.dk\/golf\/wp-content\/uploads\/2025\/03\/ProAm-Sydsjaelland-1-1024x675.jpg\" alt=\"ProAm-Sydsj\u00e6lland-1\" \/><div class=\"soliloquy-caption soliloquy-caption-bottom\"><div class=\"soliloquy-caption-inside\">2 plads Svend-Henrik Berthelsen - x - Mogens <\/div><\/div><\/li><li aria-hidden=\"true\" class=\"soliloquy-item soliloquy-item-2 soliloquy-id-3370 soliloquy-image-slide\" draggable=\"false\" style=\"list-style:none;\"><img decoding=\"async\" loading=\"lazy\" id=\"soliloquy-image-3370\" class=\"soliloquy-image soliloquy-image-2 soliloquy-preload\" src=\"https:\/\/s-h.dk\/golf\/wp-content\/plugins\/soliloquy\/assets\/css\/images\/holder.gif\" data-soliloquy-src=\"https:\/\/s-h.dk\/golf\/wp-content\/uploads\/2025\/03\/ProAm-Sydsjaelland-2-1024x675.jpg\" alt=\"ProAm-Sydsj\u00e6lland-2\" \/><div class=\"soliloquy-caption soliloquy-caption-bottom\"><div class=\"soliloquy-caption-inside\">4. Plads for ProAm hold fra K\u00f8ge<br \/>Svend-Henrik Berthelsen - Pro Henrik Berggreen - J\u00f8rgen M\u00f8ller-Helt - Mette Taylor<\/div><\/div><\/li><\/ul><\/div><noscript><div class=\"soliloquy-no-js\" style=\"display:none;visibility:hidden;height:0;line-height:0;opacity:0;\"><img decoding=\"async\" class=\"soliloquy-image soliloquy-no-js-image skip-lazy\" loading=\"lazy\" src=\"https:\/\/s-h.dk\/golf\/wp-content\/uploads\/2025\/03\/ProAm-Sydsjaelland-1-1024x675.jpg\" alt=\"ProAm-Sydsj\u00e6lland-1\" \/><img decoding=\"async\" class=\"soliloquy-image soliloquy-no-js-image skip-lazy\" loading=\"lazy\" src=\"https:\/\/s-h.dk\/golf\/wp-content\/uploads\/2025\/03\/ProAm-Sydsjaelland-2-1024x675.jpg\" alt=\"ProAm-Sydsj\u00e6lland-2\" \/><\/div><\/noscript><\/div><\/div>\n\n\n\n<p>ProAm&#8217;s Mogenstrup \/ Sydsj\u00e6lland<\/p>\n\n\n\n<ul class=\"wp-block-list\">\n<li>1990 Holdet var Marianne Krag &#8211; S\u00f8ren Pedersen og S-H Berthelsen og Pro&#8217;en Lars L\u00f8gstrup (Kl\u00f8ver)<br>Resultat:Lars delt 1 Plads<\/li>\n\n\n\n<li>199x Holdet var &#8211; S\u00f8ren Pedersen og S-H Berthelsen Pro&#8217;en ?<br><\/li>\n\n\n\n<li>199x Holdet var &#8211; J\u00f8rgen M\u00f8ller Helt &#8211; Mette Taylor og S-H Berthelsen Pro&#8217;en Henrik Berggreen<br><\/li>\n<\/ul>\n\n\n\n<p><\/p>\n","protected":false},"excerpt":{"rendered":"<p>ProAm&#8217;s Mogenstrup \/ Sydsj\u00e6lland<\/p>\n","protected":false},"author":1,"featured_media":0,"parent":0,"menu_order":0,"comment_status":"closed","ping_status":"closed","template":"","meta":{"ngg_post_thumbnail":0,"footnotes":""},"class_list":["post-1756","page","type-page","status-publish","hentry"],"yoast_head":"<!-- This site is optimized with the Yoast SEO plugin v24.9 - https:\/\/yoast.com\/wordpress\/plugins\/seo\/ -->\n<title>Golf ProAm Sydsj\u00e6land - Golf billeder<\/title>\n<meta name=\"robots\" content=\"index, follow, max-snippet:-1, max-image-preview:large, max-video-preview:-1\" \/>\n<link rel=\"canonical\" href=\"https:\/\/s-h.dk\/golf\/?page_id=1756\" \/>\n<meta property=\"og:locale\" content=\"da_DK\" \/>\n<meta property=\"og:type\" content=\"article\" \/>\n<meta property=\"og:title\" content=\"Golf ProAm Sydsj\u00e6land - Golf billeder\" \/>\n<meta property=\"og:description\" content=\"ProAm&#8217;s Mogenstrup \/ Sydsj\u00e6lland\" \/>\n<meta property=\"og:url\" content=\"https:\/\/s-h.dk\/golf\/?page_id=1756\" \/>\n<meta property=\"og:site_name\" content=\"Golf billeder\" \/>\n<meta property=\"article:modified_time\" content=\"2025-04-01T05:25:37+00:00\" \/>\n<meta name=\"twitter:card\" content=\"summary_large_image\" \/>\n<meta name=\"twitter:label1\" content=\"Estimeret l\u00e6setid\" \/>\n\t<meta name=\"twitter:data1\" content=\"1 minut\" \/>\n<script type=\"application\/ld+json\" class=\"yoast-schema-graph\">{\"@context\":\"https:\/\/schema.org\",\"@graph\":[{\"@type\":\"WebPage\",\"@id\":\"https:\/\/s-h.dk\/golf\/?page_id=1756\",\"url\":\"https:\/\/s-h.dk\/golf\/?page_id=1756\",\"name\":\"Golf ProAm Sydsj\u00e6land - Golf billeder\",\"isPartOf\":{\"@id\":\"http:\/\/s-h.dk\/golf\/#website\"},\"datePublished\":\"2015-03-18T07:16:25+00:00\",\"dateModified\":\"2025-04-01T05:25:37+00:00\",\"breadcrumb\":{\"@id\":\"https:\/\/s-h.dk\/golf\/?page_id=1756#breadcrumb\"},\"inLanguage\":\"da-DK\",\"potentialAction\":[{\"@type\":\"ReadAction\",\"target\":[\"https:\/\/s-h.dk\/golf\/?page_id=1756\"]}]},{\"@type\":\"BreadcrumbList\",\"@id\":\"https:\/\/s-h.dk\/golf\/?page_id=1756#breadcrumb\",\"itemListElement\":[{\"@type\":\"ListItem\",\"position\":1,\"name\":\"Hjem\",\"item\":\"http:\/\/s-h.dk\/golf\/\"},{\"@type\":\"ListItem\",\"position\":2,\"name\":\"Golf ProAm Sydsj\u00e6land\"}]},{\"@type\":\"WebSite\",\"@id\":\"http:\/\/s-h.dk\/golf\/#website\",\"url\":\"http:\/\/s-h.dk\/golf\/\",\"name\":\"Golf billeder\",\"description\":\"\",\"potentialAction\":[{\"@type\":\"SearchAction\",\"target\":{\"@type\":\"EntryPoint\",\"urlTemplate\":\"http:\/\/s-h.dk\/golf\/?s={search_term_string}\"},\"query-input\":{\"@type\":\"PropertyValueSpecification\",\"valueRequired\":true,\"valueName\":\"search_term_string\"}}],\"inLanguage\":\"da-DK\"}]}<\/script>\n<!-- \/ Yoast SEO plugin. -->","yoast_head_json":{"title":"Golf ProAm Sydsj\u00e6land - Golf billeder","robots":{"index":"index","follow":"follow","max-snippet":"max-snippet:-1","max-image-preview":"max-image-preview:large","max-video-preview":"max-video-preview:-1"},"canonical":"https:\/\/s-h.dk\/golf\/?page_id=1756","og_locale":"da_DK","og_type":"article","og_title":"Golf ProAm Sydsj\u00e6land - Golf billeder","og_description":"ProAm&#8217;s Mogenstrup \/ Sydsj\u00e6lland","og_url":"https:\/\/s-h.dk\/golf\/?page_id=1756","og_site_name":"Golf billeder","article_modified_time":"2025-04-01T05:25:37+00:00","twitter_card":"summary_large_image","twitter_misc":{"Estimeret l\u00e6setid":"1 minut"},"schema":{"@context":"https:\/\/schema.org","@graph":[{"@type":"WebPage","@id":"https:\/\/s-h.dk\/golf\/?page_id=1756","url":"https:\/\/s-h.dk\/golf\/?page_id=1756","name":"Golf ProAm Sydsj\u00e6land - Golf billeder","isPartOf":{"@id":"http:\/\/s-h.dk\/golf\/#website"},"datePublished":"2015-03-18T07:16:25+00:00","dateModified":"2025-04-01T05:25:37+00:00","breadcrumb":{"@id":"https:\/\/s-h.dk\/golf\/?page_id=1756#breadcrumb"},"inLanguage":"da-DK","potentialAction":[{"@type":"ReadAction","target":["https:\/\/s-h.dk\/golf\/?page_id=1756"]}]},{"@type":"BreadcrumbList","@id":"https:\/\/s-h.dk\/golf\/?page_id=1756#breadcrumb","itemListElement":[{"@type":"ListItem","position":1,"name":"Hjem","item":"http:\/\/s-h.dk\/golf\/"},{"@type":"ListItem","position":2,"name":"Golf ProAm Sydsj\u00e6land"}]},{"@type":"WebSite","@id":"http:\/\/s-h.dk\/golf\/#website","url":"http:\/\/s-h.dk\/golf\/","name":"Golf billeder","description":"","potentialAction":[{"@type":"SearchAction","target":{"@type":"EntryPoint","urlTemplate":"http:\/\/s-h.dk\/golf\/?s={search_term_string}"},"query-input":{"@type":"PropertyValueSpecification","valueRequired":true,"valueName":"search_term_string"}}],"inLanguage":"da-DK"}]}},"_links":{"self":[{"href":"https:\/\/s-h.dk\/golf\/index.php?rest_route=\/wp\/v2\/pages\/1756","targetHints":{"allow":["GET"]}}],"collection":[{"href":"https:\/\/s-h.dk\/golf\/index.php?rest_route=\/wp\/v2\/pages"}],"about":[{"href":"https:\/\/s-h.dk\/golf\/index.php?rest_route=\/wp\/v2\/types\/page"}],"author":[{"embeddable":true,"href":"https:\/\/s-h.dk\/golf\/index.php?rest_route=\/wp\/v2\/users\/1"}],"replies":[{"embeddable":true,"href":"https:\/\/s-h.dk\/golf\/index.php?rest_route=%2Fwp%2Fv2%2Fcomments&post=1756"}],"version-history":[{"count":7,"href":"https:\/\/s-h.dk\/golf\/index.php?rest_route=\/wp\/v2\/pages\/1756\/revisions"}],"predecessor-version":[{"id":4117,"href":"https:\/\/s-h.dk\/golf\/index.php?rest_route=\/wp\/v2\/pages\/1756\/revisions\/4117"}],"wp:attachment":[{"href":"https:\/\/s-h.dk\/golf\/index.php?rest_route=%2Fwp%2Fv2%2Fmedia&parent=1756"}],"curies":[{"name":"wp","href":"https:\/\/api.w.org\/{rel}","templated":true}]}}