{"id":1719,"date":"2015-03-17T13:48:31","date_gmt":"2015-03-17T13:48:31","guid":{"rendered":"http:\/\/s-h.dk\/wp\/shop\/?page_id=1719"},"modified":"2025-05-02T09:44:07","modified_gmt":"2025-05-02T09:44:07","slug":"golf-proam-koege","status":"publish","type":"page","link":"https:\/\/s-h.dk\/golf\/?page_id=1719","title":{"rendered":"Golf ProAm K\u00f8ge"},"content":{"rendered":"\n<div class=\"wp-block-soliloquy-soliloquywp\"><div class=\"soliloquy-outer-container\" data-soliloquy-loaded=\"0\"><div aria-live=\"polite\" id=\"soliloquy-container-2599\" class=\"soliloquy-container soliloquy-transition-fade soliloquy-fade soliloquy-controls-active  soliloquy-theme-base no-js\" style=\"max-width:1024px;margin:0 auto 20px;\"><ul id=\"soliloquy-2599\" class=\"soliloquy-slider soliloquy-slides soliloquy-wrap soliloquy-clear\"><li aria-hidden=\"true\" class=\"soliloquy-item soliloquy-item-1 soliloquy-id-2211 soliloquy-image-slide\" draggable=\"false\" style=\"list-style:none;\"><img decoding=\"async\" loading=\"lazy\" id=\"soliloquy-image-2211\" class=\"soliloquy-image soliloquy-image-1\" src=\"https:\/\/s-h.dk\/golf\/wp-content\/uploads\/revslider\/Golf%20ProAm%20K\u00f8ge\/K\u00f8ge-12-1024x692.jpg\" alt=\"K\u00f8ge-12.jpg\" \/><div class=\"soliloquy-caption soliloquy-caption-bottom\"><div class=\"soliloquy-caption-inside\">Henry Nielsen - Tage Thorngaard - Ole Therkilsen - Gunnar Jensen - Svend-Henrik Berthelsen<br \/><br \/><br \/><p>Er fra Nyborg Golfklub til 40-50-60 turnering<\/p> <\/div><\/div><\/li><li aria-hidden=\"true\" class=\"soliloquy-item soliloquy-item-2 soliloquy-id-2210 soliloquy-image-slide\" draggable=\"false\" style=\"list-style:none;\"><img decoding=\"async\" loading=\"lazy\" id=\"soliloquy-image-2210\" class=\"soliloquy-image soliloquy-image-2 soliloquy-preload\" src=\"https:\/\/s-h.dk\/golf\/wp-content\/plugins\/soliloquy\/assets\/css\/images\/holder.gif\" data-soliloquy-src=\"https:\/\/s-h.dk\/golf\/wp-content\/uploads\/revslider\/Golf%20ProAm%20K\u00f8ge\/ProAm-K\u00f8ge-11-1024x734.jpg\" alt=\"ProAm-K\u00f8ge-11.jpg\" \/><div class=\"soliloquy-caption soliloquy-caption-bottom\"><div class=\"soliloquy-caption-inside\">S\u00f8ren Thomassen - Martyn Davies - Svend-Henrik Berthelsen - Ove Nielsen<br \/>1994<\/div><\/div><\/li><li aria-hidden=\"true\" class=\"soliloquy-item soliloquy-item-3 soliloquy-id-2209 soliloquy-image-slide\" draggable=\"false\" style=\"list-style:none;\"><img decoding=\"async\" loading=\"lazy\" id=\"soliloquy-image-2209\" class=\"soliloquy-image soliloquy-image-3 soliloquy-preload\" src=\"https:\/\/s-h.dk\/golf\/wp-content\/plugins\/soliloquy\/assets\/css\/images\/holder.gif\" data-soliloquy-src=\"https:\/\/s-h.dk\/golf\/wp-content\/uploads\/revslider\/Golf%20ProAm%20K\u00f8ge\/ProAm-K\u00f8ge-2-1024x753.jpg\" alt=\"ProAm-K\u00f8ge-2.jpg\" \/><div class=\"soliloquy-caption soliloquy-caption-bottom\"><div class=\"soliloquy-caption-inside\">Ove Nielsen - S\u00f8ren Thomassen - Axel Krag - Svend-Henrik Berthelsen <br \/>1990 Korfitzen udskiftet med Axel Krag<\/div><\/div><\/li><li aria-hidden=\"true\" class=\"soliloquy-item soliloquy-item-4 soliloquy-id-2212 soliloquy-image-slide\" draggable=\"false\" style=\"list-style:none;\"><img decoding=\"async\" loading=\"lazy\" id=\"soliloquy-image-2212\" class=\"soliloquy-image soliloquy-image-4 soliloquy-preload\" src=\"https:\/\/s-h.dk\/golf\/wp-content\/plugins\/soliloquy\/assets\/css\/images\/holder.gif\" data-soliloquy-src=\"https:\/\/s-h.dk\/golf\/wp-content\/uploads\/revslider\/Golf%20ProAm%20K\u00f8ge\/ProAm-K\u00f8ge-3-e1426327399754-1024x744.jpg\" alt=\"ProAm-K\u00f8ge-3-e1426327399754.jpg\" \/><div class=\"soliloquy-caption soliloquy-caption-bottom\"><div class=\"soliloquy-caption-inside\">S-h Berthelsen putter p\u00e5 Hul 18 1994<\/div><\/div><\/li><\/ul><\/div><noscript><div class=\"soliloquy-no-js\" style=\"display:none;visibility:hidden;height:0;line-height:0;opacity:0;\"><img decoding=\"async\" class=\"soliloquy-image soliloquy-no-js-image skip-lazy\" loading=\"lazy\" src=\"https:\/\/s-h.dk\/golf\/wp-content\/uploads\/revslider\/Golf%20ProAm%20K\u00f8ge\/K\u00f8ge-12-1024x692.jpg\" alt=\"K\u00f8ge-12.jpg\" \/><img decoding=\"async\" class=\"soliloquy-image soliloquy-no-js-image skip-lazy\" loading=\"lazy\" src=\"https:\/\/s-h.dk\/golf\/wp-content\/uploads\/revslider\/Golf%20ProAm%20K\u00f8ge\/ProAm-K\u00f8ge-11-1024x734.jpg\" alt=\"ProAm-K\u00f8ge-11.jpg\" \/><img decoding=\"async\" class=\"soliloquy-image soliloquy-no-js-image skip-lazy\" loading=\"lazy\" src=\"https:\/\/s-h.dk\/golf\/wp-content\/uploads\/revslider\/Golf%20ProAm%20K\u00f8ge\/ProAm-K\u00f8ge-2-1024x753.jpg\" alt=\"ProAm-K\u00f8ge-2.jpg\" \/><img decoding=\"async\" class=\"soliloquy-image soliloquy-no-js-image skip-lazy\" loading=\"lazy\" src=\"https:\/\/s-h.dk\/golf\/wp-content\/uploads\/revslider\/Golf%20ProAm%20K\u00f8ge\/ProAm-K\u00f8ge-3-e1426327399754-1024x744.jpg\" alt=\"ProAm-K\u00f8ge-3-e1426327399754.jpg\" \/><\/div><\/noscript><\/div><\/div>\n\n\n\n<p>Ved klik p\u00e5 ProAm Program vises hvilke deltager og hold der var det \u00e5r<\/p>\n\n\n\n<ul class=\"wp-block-list\">\n<li>1986 F\u00f8rste \u00e5r for Proam<\/li>\n\n\n\n<li>1987 <a href=\"http:\/\/s-h.dk\/wp\/1-proam-1987\">ProAm Program<\/a><br>Jeg havde intet hold med<\/li>\n\n\n\n<li>1988 <a href=\"http:\/\/s-h.dk\/wp\/1-proam-1988\">ProAm Program<\/a><br>Jeg havde intet hold med<\/li>\n\n\n\n<li>1989&nbsp; <a href=\"http:\/\/s-h.dk\/wp\/1-proam-1989\">ProAm Program<\/a><br>Holdet var SOS Data og bestod af<br>S\u00f8ren Thomassen &#8211; Erik Petersen &#8211; S-H Berthelsen og Pro&#8217;en Nigel Willet<\/li>\n\n\n\n<li>1990 <a href=\"http:\/\/s-h.dk\/wp\/1-proam-1990\">ProAm Program<br><\/a>Holdet var SOS Data og bestod af<br>S\u00f8ren Thomassen &#8211; Ove Nielsen &#8211; S-H Berthelsen og Pro&#8217;en J\u00f8rgen Korfitzen<br>Korfitzen udskiftet med Axel Krag<\/li>\n\n\n\n<li>1991 Jeg har intet Program<\/li>\n\n\n\n<li>1992 <a href=\"http:\/\/s-h.dk\/wp\/1-proam-1992\">ProAm Program<\/a><br>Holdet var SOS Data og bestod af<br>S\u00f8ren Thomassen &#8211; Ove Nielsen &#8211; S-H Berthelsen og Pro&#8217;en Mark Dewdney<\/li>\n\n\n\n<li>1993 <a href=\"http:\/\/s-h.dk\/wp\/1-proam-1993\">ProAm Program<\/a><br>Holdet var SOS Data og bestod af<br>S\u00f8ren Thomassen &#8211; Ove Nielsen &#8211; S-H Berthelsen og&nbsp; Pro&#8217;en Mark Dewdney<br>Resultat<\/li>\n\n\n\n<li>1994 <a href=\"http:\/\/s-h.dk\/wp\/1-proam-1994\">ProAm Program<\/a><br>Holdet var Cafe au lait og bestod af<br>S\u00f8ren Thomassen &#8211; Ove Nielsen &#8211; S-H Berthelsen og&nbsp; Pro&#8217;en Martyn Davies<\/li>\n\n\n\n<li>1995 <a href=\"http:\/\/s-h.dk\/wp\/1-proam-1995\">ProAm Program<\/a><br>Holdet var Cafe au lait og bestod af<br>S\u00f8ren Thomassen &#8211; Ove Nielsen &#8211; S-H Berthelsen og&nbsp; Pro&#8217;en Christian Post Davies<\/li>\n\n\n\n<li>1996 <a href=\"http:\/\/s-h.dk\/wp\/1-proam-1996\">ProAm Program<\/a><br>Holdet var Cafe au lait og bestod af<br>S\u00f8ren Thomassen &#8211; Marianne Metcalf &#8211; S-H Berthelsen og&nbsp; Pro&#8217;en Arne Tinnng<\/li>\n\n\n\n<li>1997 Jeg har intet Program<\/li>\n\n\n\n<li>1998 <a href=\"http:\/\/s-h.dk\/wp\/1-proam-1998\">ProAm Program<\/a><br>Holdet var Hole in One og bestod af<br>Arne Krag &#8211; Karin Krag &#8211; S-H Berthelsen og jeg mener Pro&#8217;en&nbsp; Mikael Krantz<br>Holdet fundes ikke i ProAm programmet da vi blev efteranmeldt og selv fandt en Pro<br>Resultat: Vinder af sweep<\/li>\n\n\n\n<li>1999 <a href=\"http:\/\/s-h.dk\/wp\/1-proam-1999\">ProAm Program<\/a><br>Holdet var Hole in One og bestod af<br>Arne Krag &#8211; Karin Krag &#8211; S-H Berthelsen Pro&#8217;en Ulrik Marcher<br>Resultatet<\/li>\n\n\n\n<li>2000 <a href=\"http:\/\/s-h.dk\/wp\/1-proam-2000\">ProAm Program<\/a><br>Holdet var Hole in One og bestod af<br>Arne Krag &#8211; Karin Krag &#8211; S-H Berthelsen og&nbsp; Pro&#8217;en&nbsp; Morten Backhausen<\/li>\n\n\n\n<li>2001 <a href=\"http:\/\/s-h.dk\/wp\/1-proam-2001\">ProAm Program<\/a><br>Holdet var Hole in One og bestod af<br>Arne Krag &#8211; Karin Krag og S-H Berthelsen og Pro&#8217;en Jonas Madsen<br>Resultat<\/li>\n\n\n\n<li>2002 <a href=\"http:\/\/s-h.dk\/wp\/proam-2002\">ProAm Program<\/a><br>Holdet var Hole in One og bestod af<br>Arne Krag &#8211; Karin Krag &#8211; S-H Berthelsen og Pro&#8217;en&nbsp; Rene Michelsen<\/li>\n<\/ul>\n\n\n\n<p>Underholdning i Robert &#8220;Bobbi&#8221; Kristiensen og Howard Barton<\/p>\n","protected":false},"excerpt":{"rendered":"<p>Ved klik p\u00e5 ProAm Program vises hvilke deltager og hold der var det \u00e5r Underholdning i Robert &#8220;Bobbi&#8221; Kristiensen og Howard Barton<\/p>\n","protected":false},"author":1,"featured_media":3411,"parent":0,"menu_order":0,"comment_status":"closed","ping_status":"closed","template":"","meta":{"ngg_post_thumbnail":0,"footnotes":""},"class_list":["post-1719","page","type-page","status-publish","has-post-thumbnail","hentry"],"yoast_head":"<!-- This site is optimized with the Yoast SEO plugin v24.9 - https:\/\/yoast.com\/wordpress\/plugins\/seo\/ -->\n<title>Golf ProAm K\u00f8ge - Golf billeder<\/title>\n<meta name=\"robots\" content=\"index, follow, max-snippet:-1, max-image-preview:large, max-video-preview:-1\" \/>\n<link rel=\"canonical\" href=\"https:\/\/s-h.dk\/golf\/?page_id=1719\" \/>\n<meta property=\"og:locale\" content=\"da_DK\" \/>\n<meta property=\"og:type\" content=\"article\" \/>\n<meta property=\"og:title\" content=\"Golf ProAm K\u00f8ge - Golf billeder\" \/>\n<meta property=\"og:description\" content=\"Ved klik p\u00e5 ProAm Program vises hvilke deltager og hold der var det \u00e5r Underholdning i Robert &#8220;Bobbi&#8221; Kristiensen og Howard Barton\" \/>\n<meta property=\"og:url\" content=\"https:\/\/s-h.dk\/golf\/?page_id=1719\" \/>\n<meta property=\"og:site_name\" content=\"Golf billeder\" \/>\n<meta property=\"article:modified_time\" content=\"2025-05-02T09:44:07+00:00\" \/>\n<meta property=\"og:image\" content=\"https:\/\/s-h.dk\/golf\/wp-content\/uploads\/2025\/03\/cropped-ProAm-Koege-1-1.jpg\" \/>\n\t<meta property=\"og:image:width\" content=\"1260\" \/>\n\t<meta property=\"og:image:height\" content=\"443\" \/>\n\t<meta property=\"og:image:type\" content=\"image\/jpeg\" \/>\n<meta name=\"twitter:card\" content=\"summary_large_image\" \/>\n<meta name=\"twitter:label1\" content=\"Estimeret l\u00e6setid\" \/>\n\t<meta name=\"twitter:data1\" content=\"3 minutter\" \/>\n<script type=\"application\/ld+json\" class=\"yoast-schema-graph\">{\"@context\":\"https:\/\/schema.org\",\"@graph\":[{\"@type\":\"WebPage\",\"@id\":\"https:\/\/s-h.dk\/golf\/?page_id=1719\",\"url\":\"https:\/\/s-h.dk\/golf\/?page_id=1719\",\"name\":\"Golf ProAm K\u00f8ge - Golf billeder\",\"isPartOf\":{\"@id\":\"http:\/\/s-h.dk\/golf\/#website\"},\"primaryImageOfPage\":{\"@id\":\"https:\/\/s-h.dk\/golf\/?page_id=1719#primaryimage\"},\"image\":{\"@id\":\"https:\/\/s-h.dk\/golf\/?page_id=1719#primaryimage\"},\"thumbnailUrl\":\"https:\/\/s-h.dk\/golf\/wp-content\/uploads\/2025\/03\/cropped-ProAm-Koege-1-1.jpg\",\"datePublished\":\"2015-03-17T13:48:31+00:00\",\"dateModified\":\"2025-05-02T09:44:07+00:00\",\"breadcrumb\":{\"@id\":\"https:\/\/s-h.dk\/golf\/?page_id=1719#breadcrumb\"},\"inLanguage\":\"da-DK\",\"potentialAction\":[{\"@type\":\"ReadAction\",\"target\":[\"https:\/\/s-h.dk\/golf\/?page_id=1719\"]}]},{\"@type\":\"ImageObject\",\"inLanguage\":\"da-DK\",\"@id\":\"https:\/\/s-h.dk\/golf\/?page_id=1719#primaryimage\",\"url\":\"https:\/\/s-h.dk\/golf\/wp-content\/uploads\/2025\/03\/cropped-ProAm-Koege-1-1.jpg\",\"contentUrl\":\"https:\/\/s-h.dk\/golf\/wp-content\/uploads\/2025\/03\/cropped-ProAm-Koege-1-1.jpg\",\"width\":1260,\"height\":443},{\"@type\":\"BreadcrumbList\",\"@id\":\"https:\/\/s-h.dk\/golf\/?page_id=1719#breadcrumb\",\"itemListElement\":[{\"@type\":\"ListItem\",\"position\":1,\"name\":\"Hjem\",\"item\":\"http:\/\/s-h.dk\/golf\/\"},{\"@type\":\"ListItem\",\"position\":2,\"name\":\"Golf ProAm K\u00f8ge\"}]},{\"@type\":\"WebSite\",\"@id\":\"http:\/\/s-h.dk\/golf\/#website\",\"url\":\"http:\/\/s-h.dk\/golf\/\",\"name\":\"Golf billeder\",\"description\":\"\",\"potentialAction\":[{\"@type\":\"SearchAction\",\"target\":{\"@type\":\"EntryPoint\",\"urlTemplate\":\"http:\/\/s-h.dk\/golf\/?s={search_term_string}\"},\"query-input\":{\"@type\":\"PropertyValueSpecification\",\"valueRequired\":true,\"valueName\":\"search_term_string\"}}],\"inLanguage\":\"da-DK\"}]}<\/script>\n<!-- \/ Yoast SEO plugin. -->","yoast_head_json":{"title":"Golf ProAm K\u00f8ge - Golf billeder","robots":{"index":"index","follow":"follow","max-snippet":"max-snippet:-1","max-image-preview":"max-image-preview:large","max-video-preview":"max-video-preview:-1"},"canonical":"https:\/\/s-h.dk\/golf\/?page_id=1719","og_locale":"da_DK","og_type":"article","og_title":"Golf ProAm K\u00f8ge - Golf billeder","og_description":"Ved klik p\u00e5 ProAm Program vises hvilke deltager og hold der var det \u00e5r Underholdning i Robert &#8220;Bobbi&#8221; Kristiensen og Howard Barton","og_url":"https:\/\/s-h.dk\/golf\/?page_id=1719","og_site_name":"Golf billeder","article_modified_time":"2025-05-02T09:44:07+00:00","og_image":[{"width":1260,"height":443,"url":"https:\/\/s-h.dk\/golf\/wp-content\/uploads\/2025\/03\/cropped-ProAm-Koege-1-1.jpg","type":"image\/jpeg"}],"twitter_card":"summary_large_image","twitter_misc":{"Estimeret l\u00e6setid":"3 minutter"},"schema":{"@context":"https:\/\/schema.org","@graph":[{"@type":"WebPage","@id":"https:\/\/s-h.dk\/golf\/?page_id=1719","url":"https:\/\/s-h.dk\/golf\/?page_id=1719","name":"Golf ProAm K\u00f8ge - Golf billeder","isPartOf":{"@id":"http:\/\/s-h.dk\/golf\/#website"},"primaryImageOfPage":{"@id":"https:\/\/s-h.dk\/golf\/?page_id=1719#primaryimage"},"image":{"@id":"https:\/\/s-h.dk\/golf\/?page_id=1719#primaryimage"},"thumbnailUrl":"https:\/\/s-h.dk\/golf\/wp-content\/uploads\/2025\/03\/cropped-ProAm-Koege-1-1.jpg","datePublished":"2015-03-17T13:48:31+00:00","dateModified":"2025-05-02T09:44:07+00:00","breadcrumb":{"@id":"https:\/\/s-h.dk\/golf\/?page_id=1719#breadcrumb"},"inLanguage":"da-DK","potentialAction":[{"@type":"ReadAction","target":["https:\/\/s-h.dk\/golf\/?page_id=1719"]}]},{"@type":"ImageObject","inLanguage":"da-DK","@id":"https:\/\/s-h.dk\/golf\/?page_id=1719#primaryimage","url":"https:\/\/s-h.dk\/golf\/wp-content\/uploads\/2025\/03\/cropped-ProAm-Koege-1-1.jpg","contentUrl":"https:\/\/s-h.dk\/golf\/wp-content\/uploads\/2025\/03\/cropped-ProAm-Koege-1-1.jpg","width":1260,"height":443},{"@type":"BreadcrumbList","@id":"https:\/\/s-h.dk\/golf\/?page_id=1719#breadcrumb","itemListElement":[{"@type":"ListItem","position":1,"name":"Hjem","item":"http:\/\/s-h.dk\/golf\/"},{"@type":"ListItem","position":2,"name":"Golf ProAm K\u00f8ge"}]},{"@type":"WebSite","@id":"http:\/\/s-h.dk\/golf\/#website","url":"http:\/\/s-h.dk\/golf\/","name":"Golf billeder","description":"","potentialAction":[{"@type":"SearchAction","target":{"@type":"EntryPoint","urlTemplate":"http:\/\/s-h.dk\/golf\/?s={search_term_string}"},"query-input":{"@type":"PropertyValueSpecification","valueRequired":true,"valueName":"search_term_string"}}],"inLanguage":"da-DK"}]}},"_links":{"self":[{"href":"https:\/\/s-h.dk\/golf\/index.php?rest_route=\/wp\/v2\/pages\/1719","targetHints":{"allow":["GET"]}}],"collection":[{"href":"https:\/\/s-h.dk\/golf\/index.php?rest_route=\/wp\/v2\/pages"}],"about":[{"href":"https:\/\/s-h.dk\/golf\/index.php?rest_route=\/wp\/v2\/types\/page"}],"author":[{"embeddable":true,"href":"https:\/\/s-h.dk\/golf\/index.php?rest_route=\/wp\/v2\/users\/1"}],"replies":[{"embeddable":true,"href":"https:\/\/s-h.dk\/golf\/index.php?rest_route=%2Fwp%2Fv2%2Fcomments&post=1719"}],"version-history":[{"count":41,"href":"https:\/\/s-h.dk\/golf\/index.php?rest_route=\/wp\/v2\/pages\/1719\/revisions"}],"predecessor-version":[{"id":4215,"href":"https:\/\/s-h.dk\/golf\/index.php?rest_route=\/wp\/v2\/pages\/1719\/revisions\/4215"}],"wp:featuredmedia":[{"embeddable":true,"href":"https:\/\/s-h.dk\/golf\/index.php?rest_route=\/wp\/v2\/media\/3411"}],"wp:attachment":[{"href":"https:\/\/s-h.dk\/golf\/index.php?rest_route=%2Fwp%2Fv2%2Fmedia&parent=1719"}],"curies":[{"name":"wp","href":"https:\/\/api.w.org\/{rel}","templated":true}]}}