{"id":6,"date":"2013-12-29T10:12:57","date_gmt":"2013-12-29T10:12:57","guid":{"rendered":"http:\/\/s-h.dk\/cv\/?page_id=6"},"modified":"2023-02-07T11:34:51","modified_gmt":"2023-02-07T10:34:51","slug":"svend-henrik-cv","status":"publish","type":"page","link":"https:\/\/s-h.dk\/cv\/","title":{"rendered":"Curriculum Vitae"},"content":{"rendered":"<p><strong><a title=\"Vejledning til hjemmeside\" href=\"http:\/\/s-h.dk\/cv\/?page_id=1341\"><span style=\"text-decoration: underline;\">Vejledning til Hjemmeside <\/span><\/a><\/strong><\/p>\n<h6>Svend-Henrik Cv<\/h6>\n<p><a href=\"http:\/\/s-h.dk\/cv\/wp-content\/uploads\/2013\/12\/svend.jpg\"><img decoding=\"async\" loading=\"lazy\" class=\"alignright size-medium wp-image-1224\" src=\"http:\/\/s-h.dk\/cv\/wp-content\/uploads\/2013\/12\/svend-300x256.jpg\" alt=\"svend\" width=\"300\" height=\"256\" srcset=\"https:\/\/s-h.dk\/cv\/wp-content\/uploads\/2013\/12\/svend-300x256.jpg 300w, https:\/\/s-h.dk\/cv\/wp-content\/uploads\/2013\/12\/svend-e1390213289139-150x128.jpg 150w, https:\/\/s-h.dk\/cv\/wp-content\/uploads\/2013\/12\/svend.jpg 909w\" sizes=\"(max-width: 300px) 100vw, 300px\" \/><\/a>Navnet er Svend-Henrik Berthelsen.<br \/>\nJeg har udf\u00f8rt arbejde i n\u00e6sten alle omr\u00e5der indenfor It. Jeg startede med IBMs EDB maskiner som blev kodet via ledninger p\u00e5 en koblingstavle (IBM 1440). Siden har jeg uddannet mig til Systemprogramm\u00f8r inden for system 360 &#8211; 370 teknologi. Fra 1980 har jeg v\u00e6ret freelance konsulent som kan forklare m\u00e6ngden af firmaer som jeg har arbejdet for. I perioden 1985 til 1996 udviklede jeg sammen med et par venner en standardiseret metode til installation af software produkter p\u00e5 IBM mainframe som vi implementerede hos n\u00e6sten alle store firmaer p\u00e5 Sj\u00e6lland. Sprogligt er dansk mit modersm\u00e5l og jeg forst\u00e5r og svensk, norsk. Engelsk beherskes i skrift og tale p\u00e5 forretnings niveau. I perioden 1978 til 2000 har jeg sidel\u00f8bende med konsulent arbejdet, haft fritids interesser som import\u00f8r af akvariefisk og som cafe restaurat\u00f8r. For nuv\u00e6rende er det som golfspiller jeg bruger min fritid.<\/p>\n<p>I de efterf\u00f8lgende tekster er <strong>r\u00f8de fremh\u00e6vede <\/strong>ord links til uddybende informationer.<\/p>\n<h6>Fagomr\u00e5der<\/h6>\n<p><strong><a title=\"Systemprogramm\u00f8r\" href=\"http:\/\/s-h.dk\/cv\/?page_id=8\">Systemprogramm\u00f8r<\/a><\/strong><\/p>\n<p>Cics \u2013 Ims\/Vs Online<br \/>\nDL\/1 \u2013 DB2 \u2013 Adabas Databaser<br \/>\nDiverse MVS \u2013 DOS\/VSE Styresystemer<br \/>\nPerformance optimering af systemer og applikationer<\/p>\n<p><strong><a title=\"Design \u2013 Konstruktion \u2013 Drift \u2013 Administration\" href=\"http:\/\/s-h.dk\/cv\/?page_id=230\">Design \u2013 Konstruktion \u2013 Drift &#8211; Administration<\/a><\/strong><\/p>\n<p>Udvikling<br \/>\nArkitektur<br \/>\nProduktion<br \/>\nLedelse<\/p>\n<p><strong><a title=\"Applikations Programm\u00f8r (Batch \u2013 Online)\" href=\"http:\/\/s-h.dk\/cv\/?page_id=57\">Applikations Programm\u00f8r <\/a><\/strong><\/p>\n<p>Assembler &#8211; Cobol &#8211; PL\/1 &#8211; RPG<br \/>\nNebula (Blue Ph\u00f8nix)<br \/>\nNatural (Software AG)<br \/>\nRexx<br \/>\nCics\u00a0\u00a0\u00a0\u00a0\u00a0\u00a0\u00a0\u00a0\u00a0\u00a0\u00a0\u00a0\u00a0\u00a0\u00a0\u00a0\u00a0\u00a0\u00a0\u00a0\u00a0\u00a0\u00a0\u00a0\u00a0\u00a0\u00a0\u00a0\u00a0\u00a0\u00a0\u00a0\u00a0 (Macro og Command\u00a0 level programmering)<br \/>\nSDF &#8211; SDF2 \u00a0 \u00a0 \u00a0 \u00a0 \u00a0 \u00a0 \u00a0 \u00a0 \u00a0\u00a0 (3270 billede generator)<br \/>\nTSO\/Ispf\u00a0\u00a0\u00a0\u00a0\u00a0\u00a0\u00a0\u00a0\u00a0\u00a0\u00a0\u00a0\u00a0\u00a0\u00a0\u00a0\u00a0\u00a0\u00a0\u00a0\u00a0\u00a0\u00a0\u00a0 (Clister \u2013 Tables \u2013 Message \u2013 Panels \u2013 Interface til programmer)<br \/>\nDatamanager \u2013 Appbuilder<br \/>\nSpufi \u2013 SQL<br \/>\nJCL Mvs\/Vse<\/p>\n<p><a title=\"Internet programmeringssprog\" href=\"http:\/\/s-h.dk\/cv\/?page_id=199\"><strong>Internet programmerings<\/strong><\/a><\/p>\n<p>HTML &#8211; CSS\u00a0\u00a0\u00a0\u00a0\u00a0\u00a0\u00a0\u00a0\u00a0\u00a0\u00a0\u00a0\u00a0\u00a0\u00a0\u00a0\u00a0 Sprog til hjemmesider<br \/>\nCMS \u00a0\u00a0 \u00a0\u00a0\u00a0\u00a0\u00a0\u00a0\u00a0\u00a0\u00a0\u00a0\u00a0\u00a0\u00a0\u00a0\u00a0\u00a0\u00a0\u00a0\u00a0\u00a0\u00a0\u00a0\u00a0\u00a0\u00a0\u00a0\u00a0 Kodning af \u00a0hjemmesider via WordPress<br \/>\nWordpress\u00a0\u00a0\u00a0\u00a0\u00a0\u00a0\u00a0\u00a0\u00a0\u00a0\u00a0\u00a0\u00a0\u00a0\u00a0\u00a0\u00a0\u00a0 Kodning og ops\u00e6tning<\/p>\n<p><a title=\"Tester\" href=\"http:\/\/s-h.dk\/cv\/?page_id=201\"><strong>Tester<\/strong><\/a><\/p>\n<p>Design af testcases<br \/>\nUdarbejdelse af. Testplaner &#8211; Test drejebog &#8211;<br \/>\nExcel regneark<br \/>\nUnit test &#8211; Process test &#8211; System test \u2013 Regressions test &#8211; Automatiseret test<br \/>\nHP Quality Center V\u00e6rkt\u00f8jer<br \/>\nTest Runner V\u00e6rkt\u00f8jer<\/p>\n<p><a title=\"Andet Arbejde\" href=\"http:\/\/s-h.dk\/cv\/?page_id=203\"><strong>Andet Arbejde<\/strong><\/a><\/p>\n<p><strong>Firmaer hvor arbejdet er udf\u00f8rt<\/strong><\/p>\n<ul>\n<li><strong><a title=\"Handel\" href=\"http:\/\/s-h.dk\/cv\/?page_id=364\">Handel<\/a><\/strong><br \/>\nLK-NES, SAS Catering, Spies, Texaco, DFDS, J Lauritzen, Xerox, Magasin, BMC<\/li>\n<li><strong><a title=\"Industri\" href=\"http:\/\/s-h.dk\/cv\/?page_id=368\">Industri<\/a><\/strong><br \/>\nTulip, Brdr Dahl, Carlsberg, NKT, Novenco, SID,\u00a0 Danisco, Sofus Berendsen, Philips<\/li>\n<li><strong><a title=\"Finans\" href=\"http:\/\/s-h.dk\/cv\/?page_id=373\">Finans<\/a><\/strong><br \/>\nDanske Bank, DM Data, Nordea, Nykredit, Realkredit Danmark, SDC A\/S, PBS (Nets),<br \/>\nBEC A\/S<\/li>\n<li><strong><a title=\"Offentlig forvaltning\" href=\"http:\/\/s-h.dk\/cv\/?page_id=378\">Offentlig forvaltning<\/a><\/strong><br \/>\nKtas, Frederiksborg Amt, Fyns Amt, KMD A\/S, KD Data, Nesa, ATP, Forsvars kommandoen, Hjemmev\u00e6rnet, Danmarks Radio, Licenskontoret, K\u00f8benhavn Havn, Kastellet, Rigshospitalet, Kommune Data<\/li>\n<li><strong><a title=\"Farmaka\" href=\"http:\/\/s-h.dk\/cv\/?page_id=382\">Farmaka<\/a><\/strong><br \/>\nNovo A\/S<\/li>\n<li><strong><a title=\"Forsikring\" href=\"http:\/\/s-h.dk\/cv\/?page_id=386\">Forsikring<\/a><\/strong><br \/>\nHafnia,Statsanstalten for Livs forsikring, Alm. Brand, Nordisk Re<\/li>\n<li><strong><a title=\"Markeds Analyse\" href=\"http:\/\/s-h.dk\/cv\/?page_id=664\">Markeds Analyse<\/a><br \/>\n<\/strong>AIM<strong> (<\/strong>Nielsen)<strong><br \/>\n<\/strong><\/li>\n<li><strong><a title=\"Software \/ Konsulent huse\" href=\"http:\/\/s-h.dk\/cv\/?page_id=390\">Software \/ Konsulent huse<\/a><\/strong><br \/>\nT-Bak Jensen, ISI, Sterling, IBM A\/S, SOS Data, Prodata, SCR Gruppen,Ec-Soft,<br \/>\nSaxtorph Konsulentservice<\/li>\n<\/ul>\n<p><strong>Kontakt oplysninger:<\/strong><\/p>\n<p>Svend-Henrik Berthelsen<br \/>\nGodth\u00e5bsv\u00e6nget 13 1th, 2000 Frederiksberg<br \/>\nTelefon +45 407-66-407 eller +45 36-171513<\/p>\n<p>E-mail.\u00a0 Shb@live.dk<\/p>\n","protected":false},"excerpt":{"rendered":"<p>Vejledning til Hjemmeside Svend-Henrik Cv Navnet er Svend-Henrik Berthelsen. Jeg har udf\u00f8rt arbejde i n\u00e6sten alle omr\u00e5der indenfor It. Jeg startede med IBMs EDB maskiner som blev kodet via ledninger p\u00e5 en koblingstavle (IBM 1440). Siden har jeg uddannet mig til Systemprogramm\u00f8r inden for system 360 &#8211; 370 teknologi. Fra 1980 har jeg v\u00e6ret freelance &hellip; <a href=\"https:\/\/s-h.dk\/cv\/\" class=\"more-link\">L\u00e6s videre <span class=\"screen-reader-text\">Curriculum Vitae<\/span> <span class=\"meta-nav\">&rarr;<\/span><\/a><\/p>\n","protected":false},"author":1,"featured_media":0,"parent":0,"menu_order":0,"comment_status":"closed","ping_status":"closed","template":"","meta":[],"yoast_head":"<!-- This site is optimized with the Yoast SEO plugin v21.0 - https:\/\/yoast.com\/wordpress\/plugins\/seo\/ -->\n<title>Svend-H Berthelsen Cv<\/title>\n<meta name=\"description\" content=\"Svend-H Berthelsen Cv\" \/>\n<meta name=\"robots\" content=\"index, follow, max-snippet:-1, max-image-preview:large, max-video-preview:-1\" \/>\n<link rel=\"canonical\" href=\"http:\/\/s-h.dk\/cv\/\" \/>\n<meta property=\"og:locale\" content=\"da_DK\" \/>\n<meta property=\"og:type\" content=\"article\" \/>\n<meta property=\"og:title\" content=\"Svend-H Berthelsen Cv\" \/>\n<meta property=\"og:description\" content=\"Svend-H Berthelsen Cv\" \/>\n<meta property=\"og:url\" content=\"http:\/\/s-h.dk\/cv\/\" \/>\n<meta property=\"og:site_name\" content=\"Cv\" \/>\n<meta property=\"article:modified_time\" content=\"2023-02-07T10:34:51+00:00\" \/>\n<meta property=\"og:image\" content=\"http:\/\/s-h.dk\/cv\/wp-content\/uploads\/2013\/12\/svend-300x256.jpg\" \/>\n<meta name=\"twitter:label1\" content=\"Estimeret l\u00e6setid\" \/>\n\t<meta name=\"twitter:data1\" content=\"3 minutter\" \/>\n<script type=\"application\/ld+json\" class=\"yoast-schema-graph\">{\"@context\":\"https:\/\/schema.org\",\"@graph\":[{\"@type\":\"WebPage\",\"@id\":\"http:\/\/s-h.dk\/cv\/\",\"url\":\"http:\/\/s-h.dk\/cv\/\",\"name\":\"Svend-H Berthelsen Cv\",\"isPartOf\":{\"@id\":\"http:\/\/s-h.dk\/cv\/#website\"},\"datePublished\":\"2013-12-29T10:12:57+00:00\",\"dateModified\":\"2023-02-07T10:34:51+00:00\",\"description\":\"Svend-H Berthelsen Cv\",\"breadcrumb\":{\"@id\":\"http:\/\/s-h.dk\/cv\/#breadcrumb\"},\"inLanguage\":\"da-DK\",\"potentialAction\":[{\"@type\":\"ReadAction\",\"target\":[\"http:\/\/s-h.dk\/cv\/\"]}]},{\"@type\":\"BreadcrumbList\",\"@id\":\"http:\/\/s-h.dk\/cv\/#breadcrumb\",\"itemListElement\":[{\"@type\":\"ListItem\",\"position\":1,\"name\":\"Hjem\",\"item\":\"http:\/\/s-h.dk\/cv\/\"},{\"@type\":\"ListItem\",\"position\":2,\"name\":\"Curriculum Vitae\"}]},{\"@type\":\"WebSite\",\"@id\":\"http:\/\/s-h.dk\/cv\/#website\",\"url\":\"http:\/\/s-h.dk\/cv\/\",\"name\":\"Cv\",\"description\":\"Svend-Henrik Berthelsen\",\"publisher\":{\"@id\":\"http:\/\/s-h.dk\/cv\/#\/schema\/person\/d1069187103bbc1b58c393674a1555d0\"},\"potentialAction\":[{\"@type\":\"SearchAction\",\"target\":{\"@type\":\"EntryPoint\",\"urlTemplate\":\"http:\/\/s-h.dk\/cv\/?s={search_term_string}\"},\"query-input\":\"required name=search_term_string\"}],\"inLanguage\":\"da-DK\"},{\"@type\":[\"Person\",\"Organization\"],\"@id\":\"http:\/\/s-h.dk\/cv\/#\/schema\/person\/d1069187103bbc1b58c393674a1555d0\",\"name\":\"shb\",\"image\":{\"@type\":\"ImageObject\",\"inLanguage\":\"da-DK\",\"@id\":\"http:\/\/s-h.dk\/cv\/#\/schema\/person\/image\/\",\"url\":\"https:\/\/secure.gravatar.com\/avatar\/6b36c0dc5af3408f9ce5f6dcff103e4a?s=96&d=mm&r=g\",\"contentUrl\":\"https:\/\/secure.gravatar.com\/avatar\/6b36c0dc5af3408f9ce5f6dcff103e4a?s=96&d=mm&r=g\",\"caption\":\"shb\"},\"logo\":{\"@id\":\"http:\/\/s-h.dk\/cv\/#\/schema\/person\/image\/\"}}]}<\/script>\n<!-- \/ Yoast SEO plugin. -->","yoast_head_json":{"title":"Svend-H Berthelsen Cv","description":"Svend-H Berthelsen Cv","robots":{"index":"index","follow":"follow","max-snippet":"max-snippet:-1","max-image-preview":"max-image-preview:large","max-video-preview":"max-video-preview:-1"},"canonical":"http:\/\/s-h.dk\/cv\/","og_locale":"da_DK","og_type":"article","og_title":"Svend-H Berthelsen Cv","og_description":"Svend-H Berthelsen Cv","og_url":"http:\/\/s-h.dk\/cv\/","og_site_name":"Cv","article_modified_time":"2023-02-07T10:34:51+00:00","og_image":[{"url":"http:\/\/s-h.dk\/cv\/wp-content\/uploads\/2013\/12\/svend-300x256.jpg"}],"twitter_misc":{"Estimeret l\u00e6setid":"3 minutter"},"schema":{"@context":"https:\/\/schema.org","@graph":[{"@type":"WebPage","@id":"http:\/\/s-h.dk\/cv\/","url":"http:\/\/s-h.dk\/cv\/","name":"Svend-H Berthelsen Cv","isPartOf":{"@id":"http:\/\/s-h.dk\/cv\/#website"},"datePublished":"2013-12-29T10:12:57+00:00","dateModified":"2023-02-07T10:34:51+00:00","description":"Svend-H Berthelsen Cv","breadcrumb":{"@id":"http:\/\/s-h.dk\/cv\/#breadcrumb"},"inLanguage":"da-DK","potentialAction":[{"@type":"ReadAction","target":["http:\/\/s-h.dk\/cv\/"]}]},{"@type":"BreadcrumbList","@id":"http:\/\/s-h.dk\/cv\/#breadcrumb","itemListElement":[{"@type":"ListItem","position":1,"name":"Hjem","item":"http:\/\/s-h.dk\/cv\/"},{"@type":"ListItem","position":2,"name":"Curriculum Vitae"}]},{"@type":"WebSite","@id":"http:\/\/s-h.dk\/cv\/#website","url":"http:\/\/s-h.dk\/cv\/","name":"Cv","description":"Svend-Henrik Berthelsen","publisher":{"@id":"http:\/\/s-h.dk\/cv\/#\/schema\/person\/d1069187103bbc1b58c393674a1555d0"},"potentialAction":[{"@type":"SearchAction","target":{"@type":"EntryPoint","urlTemplate":"http:\/\/s-h.dk\/cv\/?s={search_term_string}"},"query-input":"required name=search_term_string"}],"inLanguage":"da-DK"},{"@type":["Person","Organization"],"@id":"http:\/\/s-h.dk\/cv\/#\/schema\/person\/d1069187103bbc1b58c393674a1555d0","name":"shb","image":{"@type":"ImageObject","inLanguage":"da-DK","@id":"http:\/\/s-h.dk\/cv\/#\/schema\/person\/image\/","url":"https:\/\/secure.gravatar.com\/avatar\/6b36c0dc5af3408f9ce5f6dcff103e4a?s=96&d=mm&r=g","contentUrl":"https:\/\/secure.gravatar.com\/avatar\/6b36c0dc5af3408f9ce5f6dcff103e4a?s=96&d=mm&r=g","caption":"shb"},"logo":{"@id":"http:\/\/s-h.dk\/cv\/#\/schema\/person\/image\/"}}]}},"_links":{"self":[{"href":"https:\/\/s-h.dk\/cv\/wp-json\/wp\/v2\/pages\/6"}],"collection":[{"href":"https:\/\/s-h.dk\/cv\/wp-json\/wp\/v2\/pages"}],"about":[{"href":"https:\/\/s-h.dk\/cv\/wp-json\/wp\/v2\/types\/page"}],"author":[{"embeddable":true,"href":"https:\/\/s-h.dk\/cv\/wp-json\/wp\/v2\/users\/1"}],"replies":[{"embeddable":true,"href":"https:\/\/s-h.dk\/cv\/wp-json\/wp\/v2\/comments?post=6"}],"version-history":[{"count":114,"href":"https:\/\/s-h.dk\/cv\/wp-json\/wp\/v2\/pages\/6\/revisions"}],"predecessor-version":[{"id":1561,"href":"https:\/\/s-h.dk\/cv\/wp-json\/wp\/v2\/pages\/6\/revisions\/1561"}],"wp:attachment":[{"href":"https:\/\/s-h.dk\/cv\/wp-json\/wp\/v2\/media?parent=6"}],"curies":[{"name":"wp","href":"https:\/\/api.w.org\/{rel}","templated":true}]}}