{"id":57,"date":"2013-12-30T10:50:00","date_gmt":"2013-12-30T10:50:00","guid":{"rendered":"http:\/\/s-h.dk\/cv\/?page_id=57"},"modified":"2015-02-04T08:58:26","modified_gmt":"2015-02-04T08:58:26","slug":"applikations-programmor","status":"publish","type":"page","link":"https:\/\/s-h.dk\/cv\/applikations-programmor\/","title":{"rendered":"App. Programm\u00f8r"},"content":{"rendered":"<p>Applikations Programm\u00f8r (Batch &#8211; Online &#8211; Standard programmer) omhandler hvilke typer af opgaver der er udf\u00f8rt som applikationsprogramm\u00f8r og med i hvilket programmerings sprog.<\/p>\n<p>Der er tale om programmerings sprog. <strong><a title=\"Quick\" href=\"http:\/\/s-h.dk\/cv\/?page_id=94\">Quick reference over erfaring i sprog<\/a><\/strong><\/p>\n<ul>\n<li><strong><a title=\"Assembler\" href=\"http:\/\/s-h.dk\/cv\/?page_id=62\">Assembler<\/a><\/strong><\/li>\n<li><strong><a title=\"Cobol\" href=\"http:\/\/s-h.dk\/cv\/?page_id=64\">Cobol<\/a><\/strong><\/li>\n<li><strong><a title=\"PL\/1\" href=\"http:\/\/s-h.dk\/cv\/?page_id=66\">PL\/1<\/a><\/strong><\/li>\n<li><a title=\"Plx\" href=\"http:\/\/s-h.dk\/cv\/?page_id=1273\"><strong>PLx<\/strong><\/a><\/li>\n<li><strong><a title=\"RPG\" href=\"http:\/\/s-h.dk\/cv\/?page_id=68\">RPG<\/a><\/strong><\/li>\n<li><strong><a title=\"Nebula\" href=\"http:\/\/s-h.dk\/cv\/?page_id=1347\">Nebula (Blue Ph\u00f8nix)<\/a><\/strong><\/li>\n<li><a title=\"Natural\" href=\"http:\/\/s-h.dk\/cv\/?page_id=71\"><strong>Natural (Software AG)<\/strong><\/a><\/li>\n<li><strong><a title=\"Rexx\" href=\"http:\/\/s-h.dk\/cv\/?page_id=142\">Rexx<\/a><\/strong><\/li>\n<li><strong><a title=\"Cics\" href=\"http:\/\/s-h.dk\/cv\/?page_id=1375\">Cics\u00a0<\/a>\u00a0\u00a0\u00a0\u00a0 \u00a0 \u00a0\u00a0\u00a0\u00a0 \u00a0\u00a0 (Macro og Command\u00a0 level programmering)<\/strong><\/li>\n<li><strong><a title=\"SDF \u2013 SDF2\" href=\"http:\/\/s-h.dk\/cv\/?page_id=1387\">SDF &#8211; SDF2<\/a> (3270 billede generator)<\/strong><\/li>\n<li><strong><a title=\"TSO\/Ispf\" href=\"http:\/\/s-h.dk\/cv\/?page_id=145\">TSO\/Ispf\u00a0\u00a0<\/a> \u00a0\u00a0 ( Clister \u2013 Tables \u2013 Message \u2013 panels \u2013 Interface til programmer)<\/strong><\/li>\n<li><strong><a title=\"Datamanager\" href=\"http:\/\/s-h.dk\/cv\/?page_id=147\">Datamanager<\/a><\/strong><\/li>\n<li><strong><a title=\"Appbuilder\" href=\"http:\/\/s-h.dk\/cv\/?page_id=149\">Appbuilder<\/a><\/strong><\/li>\n<li><strong><a title=\"Spufi\" href=\"http:\/\/s-h.dk\/cv\/?page_id=151\">Spufi<\/a><\/strong><\/li>\n<li><strong><a title=\"SQL\" href=\"http:\/\/s-h.dk\/cv\/?page_id=153\">SQL<\/a><\/strong><\/li>\n<li><strong><a title=\"JCL Mvs\/Vse\" href=\"http:\/\/s-h.dk\/cv\/?page_id=155\">JCL MVS\/DOS<\/a><\/strong><\/li>\n<li><strong><a title=\"Cman\" href=\"http:\/\/s-h.dk\/cv\/?page_id=167\">Cman<\/a><\/strong><\/li>\n<li><a title=\"Internet programmering\" href=\"http:\/\/s-h.dk\/cv\/?page_id=199\"><strong>Htlm &#8211; CSS<\/strong><\/a><\/li>\n<\/ul>\n<p class=\"columnLeft\"><strong>Batch programmering<\/strong><\/p>\n<ul>\n<li>Kodning af konverterings programmer til konvertering af DOS\/VSE programmer til MVS Programmer. Med udgangspunkt i oplysninger fundet i programmerne at danne JCL til afvikling af programmerne p\u00e5 MVS systemet.<br \/>\nUdviklet i Assembler &#8211; Cobol afviklet under TSO\/Ispf<\/li>\n<li>Basel II system (Risiko beregning af bank virksomhed) som var en opsamling af alle data i en bank som kan p\u00e5virke risikoen. Der var opsamling af og merge af data fra ca 300 delsystemer som blev input til datamodeller til beregningen.<br \/>\nUdviklet i Cobol &#8211; DB2 og SAS datamodellering.<\/li>\n<li>Kodning af diverse funktioner af IBM&#8217;s worldwide PTF system.<br \/>\nUdviklet i Assembler<\/li>\n<\/ul>\n<p class=\"columnLeft\"><strong>Online programmering<\/strong><\/p>\n<ul>\n<li>Fakturerings system (Industri)\u00a0\u00a0\u00a0\u00a0\u00a0\u00a0\u00a0\u00a0\u00a0\u00a0\u00a0\u00a0\u00a0\u00a0\u00a0\u00a0\u00a0\u00a0\u00a0\u00a0\u00a0\u00a0 Assembler<\/li>\n<li>Standard L\u00f8n l\u00f8nsystem\u00a0\u00a0\u00a0\u00a0\u00a0\u00a0\u00a0\u00a0\u00a0\u00a0\u00a0\u00a0\u00a0\u00a0\u00a0\u00a0\u00a0\u00a0\u00a0\u00a0\u00a0\u00a0\u00a0\u00a0\u00a0\u00a0\u00a0\u00a0\u00a0\u00a0\u00a0\u00a0\u00a0\u00a0 Cobol<\/li>\n<li>Catering administrations system\u00a0\u00a0\u00a0\u00a0\u00a0\u00a0\u00a0\u00a0\u00a0\u00a0\u00a0\u00a0\u00a0\u00a0\u00a0\u00a0\u00a0 Cobol<\/li>\n<li>Kodning af bruger interface til\u00a0 IBM&#8217;s worldwide PTF system.<br \/>\nUdviklet i TSO\/Ispf<\/li>\n<\/ul>\n<p><strong>\u00a0Standard System programmering<\/strong><\/p>\n<ul>\n<li>Cics Forward Recovery\u00a0\u00a0\u00a0\u00a0\u00a0\u00a0\u00a0\u00a0\u00a0\u00a0\u00a0\u00a0\u00a0\u00a0\u00a0\u00a0\u00a0\u00a0\u00a0\u00a0\u00a0\u00a0\u00a0\u00a0\u00a0\u00a0\u00a0\u00a0\u00a0\u00a0\u00a0\u00a0\u00a0\u00a0\u00a0 \u00a0 \u00a0 \u00a0 \u00a0 \u00a0 \u00a0 \u00a0 \u00a0 \u00a0 \u00a0 \u00a0 \u00a0\u00a0\u00a0\u00a0\u00a0\u00a0\u00a0\u00a0\u00a0\u00a0\u00a0\u00a0\u00a0\u00a0\u00a0\u00a0\u00a0 35 licenser som max.<br \/>\nAssembler<\/li>\n<li>Administration af programmer i udviklings &#8211; drift afdelinger\u00a0 13 licenser som max.<br \/>\nAssembler &#8211; Cobol &#8211; TSO\/Ispf &#8211; JCL<\/li>\n<li>Menu system\u00a0\u00a0\u00a0\u00a0\u00a0\u00a0\u00a0\u00a0\u00a0\u00a0\u00a0\u00a0\u00a0\u00a0\u00a0\u00a0\u00a0\u00a0\u00a0\u00a0\u00a0\u00a0\u00a0\u00a0\u00a0\u00a0\u00a0\u00a0\u00a0\u00a0\u00a0\u00a0\u00a0\u00a0\u00a0\u00a0\u00a0\u00a0\u00a0\u00a0\u00a0\u00a0\u00a0\u00a0\u00a0\u00a0\u00a0\u00a0\u00a0\u00a0\u00a0\u00a0\u00a0\u00a0\u00a0\u00a0\u00a0\u00a0\u00a0\u00a0\u00a0\u00a0\u00a0\u00a0\u00a0\u00a0\u00a0\u00a0\u00a0\u00a0\u00a0\u00a0\u00a0\u00a0\u00a0\u00a0\u00a0\u00a0\u00a0\u00a0\u00a0\u00a0\u00a0\u00a0\u00a0\u00a0\u00a0\u00a0\u00a0\u00a0\u00a0\u00a0\u00a0\u00a0\u00a0\u00a0\u00a0\u00a0 1 licens som max.<br \/>\nCics &#8211; Assembler &#8211; Cobol DB2<\/li>\n<li>Decentralt print styrings system\u00a0\u00a0\u00a0\u00a0\u00a0\u00a0\u00a0\u00a0\u00a0\u00a0\u00a0\u00a0\u00a0\u00a0\u00a0\u00a0\u00a0\u00a0\u00a0\u00a0\u00a0\u00a0\u00a0\u00a0\u00a0\u00a0\u00a0\u00a0\u00a0\u00a0\u00a0\u00a0\u00a0\u00a0\u00a0\u00a0\u00a0\u00a0\u00a0\u00a0\u00a0\u00a0\u00a0\u00a0\u00a0\u00a0\u00a0\u00a0\u00a0\u00a0\u00a0\u00a0\u00a0\u00a0\u00a0\u00a0\u00a0\u00a0\u00a0\u00a0 6 licenser som max.<br \/>\nCics &#8211; Cobol &#8211; DB2<\/li>\n<li>Job administration og submit af jobs \u00a0 \u00a0 \u00a0 \u00a0 \u00a0 \u00a0 \u00a0 \u00a0 \u00a0 \u00a0 \u00a0 \u00a0 \u00a0 \u00a0 \u00a0 \u00a0 \u00a0 \u00a0 \u00a0 \u00a0 \u00a0 \u00a0 \u00a0 \u00a0\u00a0 2 licenser som max.<br \/>\nCics &#8211; Cobol &#8211; DB2 &#8211; Vsam<\/li>\n<\/ul>\n<p>&nbsp;<\/p>\n","protected":false},"excerpt":{"rendered":"<p>Applikations Programm\u00f8r (Batch &#8211; Online &#8211; Standard programmer) omhandler hvilke typer af opgaver der er udf\u00f8rt som applikationsprogramm\u00f8r og med i hvilket programmerings sprog. Der er tale om programmerings sprog. Quick reference over erfaring i sprog Assembler Cobol PL\/1 PLx RPG Nebula (Blue Ph\u00f8nix) Natural (Software AG) Rexx Cics\u00a0\u00a0\u00a0\u00a0\u00a0 \u00a0 \u00a0\u00a0\u00a0\u00a0 \u00a0\u00a0 (Macro og Command\u00a0 &hellip; <a href=\"https:\/\/s-h.dk\/cv\/applikations-programmor\/\" class=\"more-link\">L\u00e6s videre <span class=\"screen-reader-text\">App. Programm\u00f8r<\/span> <span class=\"meta-nav\">&rarr;<\/span><\/a><\/p>\n","protected":false},"author":1,"featured_media":0,"parent":0,"menu_order":0,"comment_status":"closed","ping_status":"open","template":"","meta":[],"yoast_head":"<!-- This site is optimized with the Yoast SEO plugin v21.0 - https:\/\/yoast.com\/wordpress\/plugins\/seo\/ -->\n<title>App. Programm\u00f8r  - Cv<\/title>\n<meta name=\"robots\" content=\"index, follow, max-snippet:-1, max-image-preview:large, max-video-preview:-1\" \/>\n<link rel=\"canonical\" href=\"https:\/\/s-h.dk\/cv\/applikations-programmor\/\" \/>\n<meta property=\"og:locale\" content=\"da_DK\" \/>\n<meta property=\"og:type\" content=\"article\" \/>\n<meta property=\"og:title\" content=\"App. Programm\u00f8r  - Cv\" \/>\n<meta property=\"og:description\" content=\"Applikations Programm\u00f8r (Batch &#8211; Online &#8211; Standard programmer) omhandler hvilke typer af opgaver der er udf\u00f8rt som applikationsprogramm\u00f8r og med i hvilket programmerings sprog. Der er tale om programmerings sprog. Quick reference over erfaring i sprog Assembler Cobol PL\/1 PLx RPG Nebula (Blue Ph\u00f8nix) Natural (Software AG) Rexx Cics\u00a0\u00a0\u00a0\u00a0\u00a0 \u00a0 \u00a0\u00a0\u00a0\u00a0 \u00a0\u00a0 (Macro og Command\u00a0 &hellip; L\u00e6s videre App. Programm\u00f8r &rarr;\" \/>\n<meta property=\"og:url\" content=\"https:\/\/s-h.dk\/cv\/applikations-programmor\/\" \/>\n<meta property=\"og:site_name\" content=\"Cv\" \/>\n<meta property=\"article:modified_time\" content=\"2015-02-04T08:58:26+00:00\" \/>\n<meta name=\"twitter:label1\" content=\"Estimeret l\u00e6setid\" \/>\n\t<meta name=\"twitter:data1\" content=\"1 minut\" \/>\n<script type=\"application\/ld+json\" class=\"yoast-schema-graph\">{\"@context\":\"https:\/\/schema.org\",\"@graph\":[{\"@type\":\"WebPage\",\"@id\":\"https:\/\/s-h.dk\/cv\/applikations-programmor\/\",\"url\":\"https:\/\/s-h.dk\/cv\/applikations-programmor\/\",\"name\":\"App. Programm\u00f8r - Cv\",\"isPartOf\":{\"@id\":\"http:\/\/s-h.dk\/cv\/#website\"},\"datePublished\":\"2013-12-30T10:50:00+00:00\",\"dateModified\":\"2015-02-04T08:58:26+00:00\",\"breadcrumb\":{\"@id\":\"https:\/\/s-h.dk\/cv\/applikations-programmor\/#breadcrumb\"},\"inLanguage\":\"da-DK\",\"potentialAction\":[{\"@type\":\"ReadAction\",\"target\":[\"https:\/\/s-h.dk\/cv\/applikations-programmor\/\"]}]},{\"@type\":\"BreadcrumbList\",\"@id\":\"https:\/\/s-h.dk\/cv\/applikations-programmor\/#breadcrumb\",\"itemListElement\":[{\"@type\":\"ListItem\",\"position\":1,\"name\":\"Hjem\",\"item\":\"http:\/\/s-h.dk\/cv\/\"},{\"@type\":\"ListItem\",\"position\":2,\"name\":\"App. Programm\u00f8r\"}]},{\"@type\":\"WebSite\",\"@id\":\"http:\/\/s-h.dk\/cv\/#website\",\"url\":\"http:\/\/s-h.dk\/cv\/\",\"name\":\"Cv\",\"description\":\"Svend-Henrik Berthelsen\",\"publisher\":{\"@id\":\"http:\/\/s-h.dk\/cv\/#\/schema\/person\/d1069187103bbc1b58c393674a1555d0\"},\"potentialAction\":[{\"@type\":\"SearchAction\",\"target\":{\"@type\":\"EntryPoint\",\"urlTemplate\":\"http:\/\/s-h.dk\/cv\/?s={search_term_string}\"},\"query-input\":\"required name=search_term_string\"}],\"inLanguage\":\"da-DK\"},{\"@type\":[\"Person\",\"Organization\"],\"@id\":\"http:\/\/s-h.dk\/cv\/#\/schema\/person\/d1069187103bbc1b58c393674a1555d0\",\"name\":\"shb\",\"image\":{\"@type\":\"ImageObject\",\"inLanguage\":\"da-DK\",\"@id\":\"http:\/\/s-h.dk\/cv\/#\/schema\/person\/image\/\",\"url\":\"https:\/\/secure.gravatar.com\/avatar\/6b36c0dc5af3408f9ce5f6dcff103e4a?s=96&d=mm&r=g\",\"contentUrl\":\"https:\/\/secure.gravatar.com\/avatar\/6b36c0dc5af3408f9ce5f6dcff103e4a?s=96&d=mm&r=g\",\"caption\":\"shb\"},\"logo\":{\"@id\":\"http:\/\/s-h.dk\/cv\/#\/schema\/person\/image\/\"}}]}<\/script>\n<!-- \/ Yoast SEO plugin. -->","yoast_head_json":{"title":"App. Programm\u00f8r  - Cv","robots":{"index":"index","follow":"follow","max-snippet":"max-snippet:-1","max-image-preview":"max-image-preview:large","max-video-preview":"max-video-preview:-1"},"canonical":"https:\/\/s-h.dk\/cv\/applikations-programmor\/","og_locale":"da_DK","og_type":"article","og_title":"App. Programm\u00f8r  - Cv","og_description":"Applikations Programm\u00f8r (Batch &#8211; Online &#8211; Standard programmer) omhandler hvilke typer af opgaver der er udf\u00f8rt som applikationsprogramm\u00f8r og med i hvilket programmerings sprog. Der er tale om programmerings sprog. Quick reference over erfaring i sprog Assembler Cobol PL\/1 PLx RPG Nebula (Blue Ph\u00f8nix) Natural (Software AG) Rexx Cics\u00a0\u00a0\u00a0\u00a0\u00a0 \u00a0 \u00a0\u00a0\u00a0\u00a0 \u00a0\u00a0 (Macro og Command\u00a0 &hellip; L\u00e6s videre App. Programm\u00f8r &rarr;","og_url":"https:\/\/s-h.dk\/cv\/applikations-programmor\/","og_site_name":"Cv","article_modified_time":"2015-02-04T08:58:26+00:00","twitter_misc":{"Estimeret l\u00e6setid":"1 minut"},"schema":{"@context":"https:\/\/schema.org","@graph":[{"@type":"WebPage","@id":"https:\/\/s-h.dk\/cv\/applikations-programmor\/","url":"https:\/\/s-h.dk\/cv\/applikations-programmor\/","name":"App. Programm\u00f8r - Cv","isPartOf":{"@id":"http:\/\/s-h.dk\/cv\/#website"},"datePublished":"2013-12-30T10:50:00+00:00","dateModified":"2015-02-04T08:58:26+00:00","breadcrumb":{"@id":"https:\/\/s-h.dk\/cv\/applikations-programmor\/#breadcrumb"},"inLanguage":"da-DK","potentialAction":[{"@type":"ReadAction","target":["https:\/\/s-h.dk\/cv\/applikations-programmor\/"]}]},{"@type":"BreadcrumbList","@id":"https:\/\/s-h.dk\/cv\/applikations-programmor\/#breadcrumb","itemListElement":[{"@type":"ListItem","position":1,"name":"Hjem","item":"http:\/\/s-h.dk\/cv\/"},{"@type":"ListItem","position":2,"name":"App. Programm\u00f8r"}]},{"@type":"WebSite","@id":"http:\/\/s-h.dk\/cv\/#website","url":"http:\/\/s-h.dk\/cv\/","name":"Cv","description":"Svend-Henrik Berthelsen","publisher":{"@id":"http:\/\/s-h.dk\/cv\/#\/schema\/person\/d1069187103bbc1b58c393674a1555d0"},"potentialAction":[{"@type":"SearchAction","target":{"@type":"EntryPoint","urlTemplate":"http:\/\/s-h.dk\/cv\/?s={search_term_string}"},"query-input":"required name=search_term_string"}],"inLanguage":"da-DK"},{"@type":["Person","Organization"],"@id":"http:\/\/s-h.dk\/cv\/#\/schema\/person\/d1069187103bbc1b58c393674a1555d0","name":"shb","image":{"@type":"ImageObject","inLanguage":"da-DK","@id":"http:\/\/s-h.dk\/cv\/#\/schema\/person\/image\/","url":"https:\/\/secure.gravatar.com\/avatar\/6b36c0dc5af3408f9ce5f6dcff103e4a?s=96&d=mm&r=g","contentUrl":"https:\/\/secure.gravatar.com\/avatar\/6b36c0dc5af3408f9ce5f6dcff103e4a?s=96&d=mm&r=g","caption":"shb"},"logo":{"@id":"http:\/\/s-h.dk\/cv\/#\/schema\/person\/image\/"}}]}},"_links":{"self":[{"href":"https:\/\/s-h.dk\/cv\/wp-json\/wp\/v2\/pages\/57"}],"collection":[{"href":"https:\/\/s-h.dk\/cv\/wp-json\/wp\/v2\/pages"}],"about":[{"href":"https:\/\/s-h.dk\/cv\/wp-json\/wp\/v2\/types\/page"}],"author":[{"embeddable":true,"href":"https:\/\/s-h.dk\/cv\/wp-json\/wp\/v2\/users\/1"}],"replies":[{"embeddable":true,"href":"https:\/\/s-h.dk\/cv\/wp-json\/wp\/v2\/comments?post=57"}],"version-history":[{"count":35,"href":"https:\/\/s-h.dk\/cv\/wp-json\/wp\/v2\/pages\/57\/revisions"}],"predecessor-version":[{"id":1427,"href":"https:\/\/s-h.dk\/cv\/wp-json\/wp\/v2\/pages\/57\/revisions\/1427"}],"wp:attachment":[{"href":"https:\/\/s-h.dk\/cv\/wp-json\/wp\/v2\/media?parent=57"}],"curies":[{"name":"wp","href":"https:\/\/api.w.org\/{rel}","templated":true}]}}