{"id":1384,"date":"2014-09-16T10:43:30","date_gmt":"2014-09-16T08:43:30","guid":{"rendered":"http:\/\/s-h.dk\/wp\/?page_id=1384"},"modified":"2014-09-16T11:07:07","modified_gmt":"2014-09-16T09:07:07","slug":"1-proam-1995","status":"publish","type":"page","link":"http:\/\/s-h.dk\/wp\/1-proam-1995","title":{"rendered":"ProAm 1995"},"content":{"rendered":"<p>Hvis du \u00f8nsker at l\u00e6se indholdet i programmet klik da med musen p\u00e5 f\u00f8rste billede \/ side og brug derefter pilene til at bladre fremad<\/p>\n<p>&nbsp;<\/p>\nngg_shortcode_0_placeholder\n","protected":false},"excerpt":{"rendered":"<p>Hvis du \u00f8nsker at l\u00e6se indholdet i programmet klik da med musen p\u00e5 f\u00f8rste billede \/ side og brug derefter pilene til at bladre fremad &nbsp;<\/p>\n","protected":false},"author":1,"featured_media":0,"parent":0,"menu_order":0,"comment_status":"closed","ping_status":"closed","template":"","meta":{"ngg_post_thumbnail":0,"footnotes":""},"class_list":["post-1384","page","type-page","status-publish","hentry"],"yoast_head":"<!-- This site is optimized with the Yoast SEO plugin v24.7 - https:\/\/yoast.com\/wordpress\/plugins\/seo\/ -->\n<title>ProAm 1995 - Svend-Henrik Berthelsen Sport<\/title>\n<meta name=\"robots\" content=\"index, follow, max-snippet:-1, max-image-preview:large, max-video-preview:-1\" \/>\n<link rel=\"canonical\" href=\"http:\/\/s-h.dk\/wp\/1-proam-1995\" \/>\n<meta property=\"og:locale\" content=\"da_DK\" \/>\n<meta property=\"og:type\" content=\"article\" \/>\n<meta property=\"og:title\" content=\"ProAm 1995 - Svend-Henrik Berthelsen Sport\" \/>\n<meta property=\"og:description\" content=\"Hvis du \u00f8nsker at l\u00e6se indholdet i programmet klik da med musen p\u00e5 f\u00f8rste billede \/ side og brug derefter pilene til at bladre fremad &nbsp;\" \/>\n<meta property=\"og:url\" content=\"http:\/\/s-h.dk\/wp\/1-proam-1995\" \/>\n<meta property=\"og:site_name\" content=\"Svend-Henrik Berthelsen Sport\" \/>\n<meta property=\"article:modified_time\" content=\"2014-09-16T09:07:07+00:00\" \/>\n<script type=\"application\/ld+json\" class=\"yoast-schema-graph\">{\"@context\":\"https:\/\/schema.org\",\"@graph\":[{\"@type\":\"WebPage\",\"@id\":\"http:\/\/s-h.dk\/wp\/1-proam-1995\",\"url\":\"http:\/\/s-h.dk\/wp\/1-proam-1995\",\"name\":\"ProAm 1995 - Svend-Henrik Berthelsen Sport\",\"isPartOf\":{\"@id\":\"http:\/\/s-h.dk\/wp\/#website\"},\"datePublished\":\"2014-09-16T08:43:30+00:00\",\"dateModified\":\"2014-09-16T09:07:07+00:00\",\"inLanguage\":\"da-DK\",\"potentialAction\":[{\"@type\":\"ReadAction\",\"target\":[\"http:\/\/s-h.dk\/wp\/1-proam-1995\"]}]},{\"@type\":\"WebSite\",\"@id\":\"http:\/\/s-h.dk\/wp\/#website\",\"url\":\"http:\/\/s-h.dk\/wp\/\",\"name\":\"Svend-Henrik Berthelsen Sport\",\"description\":\"\",\"potentialAction\":[{\"@type\":\"SearchAction\",\"target\":{\"@type\":\"EntryPoint\",\"urlTemplate\":\"http:\/\/s-h.dk\/wp\/?s={search_term_string}\"},\"query-input\":{\"@type\":\"PropertyValueSpecification\",\"valueRequired\":true,\"valueName\":\"search_term_string\"}}],\"inLanguage\":\"da-DK\"}]}<\/script>\n<!-- \/ Yoast SEO plugin. -->","yoast_head_json":{"title":"ProAm 1995 - Svend-Henrik Berthelsen Sport","robots":{"index":"index","follow":"follow","max-snippet":"max-snippet:-1","max-image-preview":"max-image-preview:large","max-video-preview":"max-video-preview:-1"},"canonical":"http:\/\/s-h.dk\/wp\/1-proam-1995","og_locale":"da_DK","og_type":"article","og_title":"ProAm 1995 - Svend-Henrik Berthelsen Sport","og_description":"Hvis du \u00f8nsker at l\u00e6se indholdet i programmet klik da med musen p\u00e5 f\u00f8rste billede \/ side og brug derefter pilene til at bladre fremad &nbsp;","og_url":"http:\/\/s-h.dk\/wp\/1-proam-1995","og_site_name":"Svend-Henrik Berthelsen Sport","article_modified_time":"2014-09-16T09:07:07+00:00","schema":{"@context":"https:\/\/schema.org","@graph":[{"@type":"WebPage","@id":"http:\/\/s-h.dk\/wp\/1-proam-1995","url":"http:\/\/s-h.dk\/wp\/1-proam-1995","name":"ProAm 1995 - Svend-Henrik Berthelsen Sport","isPartOf":{"@id":"http:\/\/s-h.dk\/wp\/#website"},"datePublished":"2014-09-16T08:43:30+00:00","dateModified":"2014-09-16T09:07:07+00:00","inLanguage":"da-DK","potentialAction":[{"@type":"ReadAction","target":["http:\/\/s-h.dk\/wp\/1-proam-1995"]}]},{"@type":"WebSite","@id":"http:\/\/s-h.dk\/wp\/#website","url":"http:\/\/s-h.dk\/wp\/","name":"Svend-Henrik Berthelsen Sport","description":"","potentialAction":[{"@type":"SearchAction","target":{"@type":"EntryPoint","urlTemplate":"http:\/\/s-h.dk\/wp\/?s={search_term_string}"},"query-input":{"@type":"PropertyValueSpecification","valueRequired":true,"valueName":"search_term_string"}}],"inLanguage":"da-DK"}]}},"_links":{"self":[{"href":"http:\/\/s-h.dk\/wp\/wp-json\/wp\/v2\/pages\/1384","targetHints":{"allow":["GET"]}}],"collection":[{"href":"http:\/\/s-h.dk\/wp\/wp-json\/wp\/v2\/pages"}],"about":[{"href":"http:\/\/s-h.dk\/wp\/wp-json\/wp\/v2\/types\/page"}],"author":[{"embeddable":true,"href":"http:\/\/s-h.dk\/wp\/wp-json\/wp\/v2\/users\/1"}],"replies":[{"embeddable":true,"href":"http:\/\/s-h.dk\/wp\/wp-json\/wp\/v2\/comments?post=1384"}],"version-history":[{"count":3,"href":"http:\/\/s-h.dk\/wp\/wp-json\/wp\/v2\/pages\/1384\/revisions"}],"predecessor-version":[{"id":1429,"href":"http:\/\/s-h.dk\/wp\/wp-json\/wp\/v2\/pages\/1384\/revisions\/1429"}],"wp:attachment":[{"href":"http:\/\/s-h.dk\/wp\/wp-json\/wp\/v2\/media?parent=1384"}],"curies":[{"name":"wp","href":"https:\/\/api.w.org\/{rel}","templated":true}]}}