{"id":784,"date":"2014-01-10T12:03:34","date_gmt":"2014-01-10T12:03:34","guid":{"rendered":"http:\/\/s-h.dk\/cv\/?page_id=784"},"modified":"2014-01-18T10:12:15","modified_gmt":"2014-01-18T10:12:15","slug":"rigshospitalet","status":"publish","type":"page","link":"http:\/\/s-h.dk\/cv\/rigshospitalet\/","title":{"rendered":"Rigshospitalet"},"content":{"rendered":"<p>Mine prim\u00e6re opgaver hos\u00a0Philips var f\u00f8lgende.<\/p>\n<ol>\n<li>Analyse af Rigshospitalet&#8217;s EDB programmer og frem finde de program source versioner der modsvarede de k\u00f8rende programmer.<\/li>\n<li>Ops\u00e6tte DPA (Dialog Program Administration) og overf\u00f8re alle program sourcer til dette system.<\/li>\n<li>Undervise programm\u00f8rer i TSO\/Ispf og JCL og DPA<\/li>\n<li>Undervise drift operat\u00f8rer i jobafvikling og drift siden af DPA<\/li>\n<\/ol>\n<p>&nbsp;<\/p>\n<p>Opgave udf\u00f8rt som konsulent. Perioden 1988\/10 &#8211; 1990\/04<\/p>\n","protected":false},"excerpt":{"rendered":"<p>Mine prim\u00e6re opgaver hos\u00a0Philips var f\u00f8lgende. Analyse af Rigshospitalet&#8217;s EDB programmer og frem finde de program source versioner der modsvarede de k\u00f8rende programmer. Ops\u00e6tte DPA (Dialog Program Administration) og overf\u00f8re alle program sourcer til dette system. Undervise programm\u00f8rer i TSO\/Ispf og JCL og DPA Undervise drift operat\u00f8rer i jobafvikling og drift siden af DPA &nbsp; &hellip; <a href=\"http:\/\/s-h.dk\/cv\/rigshospitalet\/\" class=\"more-link\">L\u00e6s videre <span class=\"screen-reader-text\">Rigshospitalet<\/span> <span class=\"meta-nav\">&rarr;<\/span><\/a><\/p>\n","protected":false},"author":1,"featured_media":0,"parent":0,"menu_order":0,"comment_status":"closed","ping_status":"open","template":"","meta":[],"yoast_head":"<!-- This site is optimized with the Yoast SEO plugin v21.0 - https:\/\/yoast.com\/wordpress\/plugins\/seo\/ -->\n<title>Rigshospitalet - Cv<\/title>\n<meta name=\"robots\" content=\"index, follow, max-snippet:-1, max-image-preview:large, max-video-preview:-1\" \/>\n<link rel=\"canonical\" href=\"http:\/\/s-h.dk\/cv\/rigshospitalet\/\" \/>\n<meta property=\"og:locale\" content=\"da_DK\" \/>\n<meta property=\"og:type\" content=\"article\" \/>\n<meta property=\"og:title\" content=\"Rigshospitalet - Cv\" \/>\n<meta property=\"og:description\" content=\"Mine prim\u00e6re opgaver hos\u00a0Philips var f\u00f8lgende. Analyse af Rigshospitalet&#8217;s EDB programmer og frem finde de program source versioner der modsvarede de k\u00f8rende programmer. Ops\u00e6tte DPA (Dialog Program Administration) og overf\u00f8re alle program sourcer til dette system. Undervise programm\u00f8rer i TSO\/Ispf og JCL og DPA Undervise drift operat\u00f8rer i jobafvikling og drift siden af DPA &nbsp; &hellip; L\u00e6s videre Rigshospitalet &rarr;\" \/>\n<meta property=\"og:url\" content=\"http:\/\/s-h.dk\/cv\/rigshospitalet\/\" \/>\n<meta property=\"og:site_name\" content=\"Cv\" \/>\n<meta property=\"article:modified_time\" content=\"2014-01-18T10:12:15+00:00\" \/>\n<script type=\"application\/ld+json\" class=\"yoast-schema-graph\">{\"@context\":\"https:\/\/schema.org\",\"@graph\":[{\"@type\":\"WebPage\",\"@id\":\"http:\/\/s-h.dk\/cv\/rigshospitalet\/\",\"url\":\"http:\/\/s-h.dk\/cv\/rigshospitalet\/\",\"name\":\"Rigshospitalet - Cv\",\"isPartOf\":{\"@id\":\"https:\/\/s-h.dk\/cv\/#website\"},\"datePublished\":\"2014-01-10T12:03:34+00:00\",\"dateModified\":\"2014-01-18T10:12:15+00:00\",\"breadcrumb\":{\"@id\":\"http:\/\/s-h.dk\/cv\/rigshospitalet\/#breadcrumb\"},\"inLanguage\":\"da-DK\",\"potentialAction\":[{\"@type\":\"ReadAction\",\"target\":[\"http:\/\/s-h.dk\/cv\/rigshospitalet\/\"]}]},{\"@type\":\"BreadcrumbList\",\"@id\":\"http:\/\/s-h.dk\/cv\/rigshospitalet\/#breadcrumb\",\"itemListElement\":[{\"@type\":\"ListItem\",\"position\":1,\"name\":\"Hjem\",\"item\":\"https:\/\/s-h.dk\/cv\/\"},{\"@type\":\"ListItem\",\"position\":2,\"name\":\"Rigshospitalet\"}]},{\"@type\":\"WebSite\",\"@id\":\"https:\/\/s-h.dk\/cv\/#website\",\"url\":\"https:\/\/s-h.dk\/cv\/\",\"name\":\"Cv\",\"description\":\"Svend-Henrik Berthelsen\",\"publisher\":{\"@id\":\"https:\/\/s-h.dk\/cv\/#\/schema\/person\/d1069187103bbc1b58c393674a1555d0\"},\"potentialAction\":[{\"@type\":\"SearchAction\",\"target\":{\"@type\":\"EntryPoint\",\"urlTemplate\":\"https:\/\/s-h.dk\/cv\/?s={search_term_string}\"},\"query-input\":\"required name=search_term_string\"}],\"inLanguage\":\"da-DK\"},{\"@type\":[\"Person\",\"Organization\"],\"@id\":\"https:\/\/s-h.dk\/cv\/#\/schema\/person\/d1069187103bbc1b58c393674a1555d0\",\"name\":\"shb\",\"image\":{\"@type\":\"ImageObject\",\"inLanguage\":\"da-DK\",\"@id\":\"https:\/\/s-h.dk\/cv\/#\/schema\/person\/image\/\",\"url\":\"http:\/\/0.gravatar.com\/avatar\/6b36c0dc5af3408f9ce5f6dcff103e4a?s=96&d=mm&r=g\",\"contentUrl\":\"http:\/\/0.gravatar.com\/avatar\/6b36c0dc5af3408f9ce5f6dcff103e4a?s=96&d=mm&r=g\",\"caption\":\"shb\"},\"logo\":{\"@id\":\"https:\/\/s-h.dk\/cv\/#\/schema\/person\/image\/\"}}]}<\/script>\n<!-- \/ Yoast SEO plugin. -->","yoast_head_json":{"title":"Rigshospitalet - Cv","robots":{"index":"index","follow":"follow","max-snippet":"max-snippet:-1","max-image-preview":"max-image-preview:large","max-video-preview":"max-video-preview:-1"},"canonical":"http:\/\/s-h.dk\/cv\/rigshospitalet\/","og_locale":"da_DK","og_type":"article","og_title":"Rigshospitalet - Cv","og_description":"Mine prim\u00e6re opgaver hos\u00a0Philips var f\u00f8lgende. Analyse af Rigshospitalet&#8217;s EDB programmer og frem finde de program source versioner der modsvarede de k\u00f8rende programmer. Ops\u00e6tte DPA (Dialog Program Administration) og overf\u00f8re alle program sourcer til dette system. Undervise programm\u00f8rer i TSO\/Ispf og JCL og DPA Undervise drift operat\u00f8rer i jobafvikling og drift siden af DPA &nbsp; &hellip; L\u00e6s videre Rigshospitalet &rarr;","og_url":"http:\/\/s-h.dk\/cv\/rigshospitalet\/","og_site_name":"Cv","article_modified_time":"2014-01-18T10:12:15+00:00","schema":{"@context":"https:\/\/schema.org","@graph":[{"@type":"WebPage","@id":"http:\/\/s-h.dk\/cv\/rigshospitalet\/","url":"http:\/\/s-h.dk\/cv\/rigshospitalet\/","name":"Rigshospitalet - Cv","isPartOf":{"@id":"https:\/\/s-h.dk\/cv\/#website"},"datePublished":"2014-01-10T12:03:34+00:00","dateModified":"2014-01-18T10:12:15+00:00","breadcrumb":{"@id":"http:\/\/s-h.dk\/cv\/rigshospitalet\/#breadcrumb"},"inLanguage":"da-DK","potentialAction":[{"@type":"ReadAction","target":["http:\/\/s-h.dk\/cv\/rigshospitalet\/"]}]},{"@type":"BreadcrumbList","@id":"http:\/\/s-h.dk\/cv\/rigshospitalet\/#breadcrumb","itemListElement":[{"@type":"ListItem","position":1,"name":"Hjem","item":"https:\/\/s-h.dk\/cv\/"},{"@type":"ListItem","position":2,"name":"Rigshospitalet"}]},{"@type":"WebSite","@id":"https:\/\/s-h.dk\/cv\/#website","url":"https:\/\/s-h.dk\/cv\/","name":"Cv","description":"Svend-Henrik Berthelsen","publisher":{"@id":"https:\/\/s-h.dk\/cv\/#\/schema\/person\/d1069187103bbc1b58c393674a1555d0"},"potentialAction":[{"@type":"SearchAction","target":{"@type":"EntryPoint","urlTemplate":"https:\/\/s-h.dk\/cv\/?s={search_term_string}"},"query-input":"required name=search_term_string"}],"inLanguage":"da-DK"},{"@type":["Person","Organization"],"@id":"https:\/\/s-h.dk\/cv\/#\/schema\/person\/d1069187103bbc1b58c393674a1555d0","name":"shb","image":{"@type":"ImageObject","inLanguage":"da-DK","@id":"https:\/\/s-h.dk\/cv\/#\/schema\/person\/image\/","url":"http:\/\/0.gravatar.com\/avatar\/6b36c0dc5af3408f9ce5f6dcff103e4a?s=96&d=mm&r=g","contentUrl":"http:\/\/0.gravatar.com\/avatar\/6b36c0dc5af3408f9ce5f6dcff103e4a?s=96&d=mm&r=g","caption":"shb"},"logo":{"@id":"https:\/\/s-h.dk\/cv\/#\/schema\/person\/image\/"}}]}},"_links":{"self":[{"href":"http:\/\/s-h.dk\/cv\/wp-json\/wp\/v2\/pages\/784"}],"collection":[{"href":"http:\/\/s-h.dk\/cv\/wp-json\/wp\/v2\/pages"}],"about":[{"href":"http:\/\/s-h.dk\/cv\/wp-json\/wp\/v2\/types\/page"}],"author":[{"embeddable":true,"href":"http:\/\/s-h.dk\/cv\/wp-json\/wp\/v2\/users\/1"}],"replies":[{"embeddable":true,"href":"http:\/\/s-h.dk\/cv\/wp-json\/wp\/v2\/comments?post=784"}],"version-history":[{"count":3,"href":"http:\/\/s-h.dk\/cv\/wp-json\/wp\/v2\/pages\/784\/revisions"}],"predecessor-version":[{"id":1174,"href":"http:\/\/s-h.dk\/cv\/wp-json\/wp\/v2\/pages\/784\/revisions\/1174"}],"wp:attachment":[{"href":"http:\/\/s-h.dk\/cv\/wp-json\/wp\/v2\/media?parent=784"}],"curies":[{"name":"wp","href":"https:\/\/api.w.org\/{rel}","templated":true}]}}