{"id":752,"date":"2014-01-10T10:00:09","date_gmt":"2014-01-10T10:00:09","guid":{"rendered":"http:\/\/s-h.dk\/cv\/?page_id=752"},"modified":"2014-01-23T10:45:38","modified_gmt":"2014-01-23T10:45:38","slug":"oversigt-krono","status":"publish","type":"page","link":"http:\/\/s-h.dk\/cv\/oversigt-krono\/","title":{"rendered":"R\u00e6kkef\u00f8lge i tabel form for firmaer"},"content":{"rendered":"<p>Denne side giver en oversigt over i hvilken r\u00e6kkef\u00f8lge og i hvilke \u00e5r jeg arbejde i de enkelte firmaer.<\/p>\n<table>\n<tbody>\n<tr>\n<td><strong>Firma<\/strong><\/td>\n<td><strong>Start \u00c5r\/Md<\/strong><\/td>\n<td><strong>Slut \u00c5r\/Md<\/strong><\/td>\n<td><strong>Bem\u00e6rkninger<\/strong><\/td>\n<\/tr>\n<tr>\n<td>Lk-Nes<\/td>\n<td>1970\/91<\/td>\n<td>1974\/06<\/td>\n<td>Ansat<\/td>\n<\/tr>\n<tr>\n<td>T-Bak Jensen<\/td>\n<td>1974\/06<\/td>\n<td>1974\/12<\/td>\n<td>Ansat<\/td>\n<\/tr>\n<tr>\n<td>SDC A\/S<\/td>\n<td>1974\/12<\/td>\n<td>1978\/06<\/td>\n<td>Ansat<\/td>\n<\/tr>\n<tr>\n<td>Xerox<\/td>\n<td>1978\/06<\/td>\n<td>1978\/12<\/td>\n<td>Ansat hos ISI<\/td>\n<\/tr>\n<tr>\n<td>SAS Catering<\/td>\n<td>1979\/06<\/td>\n<td>1979\/09<\/td>\n<td>Ansat hos ISI<\/td>\n<\/tr>\n<tr>\n<td>ISI L\u00f8n<\/td>\n<td>1979\/08<\/td>\n<td>1979\/12<\/td>\n<td>Ansat hos ISI<\/td>\n<\/tr>\n<tr>\n<td><\/td>\n<td><\/td>\n<td><\/td>\n<td>Herfra er det<br \/>\nSelvst\u00e6ndig Konsulent<\/td>\n<\/tr>\n<tr>\n<td>Hafnia<\/td>\n<td>1980\/01<\/td>\n<td>1980\/12<\/td>\n<td>Ansat hos ISI<\/td>\n<\/tr>\n<tr>\n<td>Danmarks Radio<\/td>\n<td>1981\/01<\/td>\n<td>1982\/02<\/td>\n<td><\/td>\n<\/tr>\n<tr>\n<td>Licens Kontoret<\/td>\n<td>1982\/01<\/td>\n<td>1982\/02<\/td>\n<td><\/td>\n<\/tr>\n<tr>\n<td>PBS (Nets)<\/td>\n<td>1982\/03<\/td>\n<td>1983\/09<\/td>\n<td><\/td>\n<\/tr>\n<tr>\n<td>Ktas<\/td>\n<td>1983\/10<\/td>\n<td>1985\/01<\/td>\n<td><\/td>\n<\/tr>\n<tr>\n<td>Sos Data<\/td>\n<td>1985\/01<\/td>\n<td>1996\/10<\/td>\n<td>\u00a0Formidler for nedenst\u00e5ende<\/td>\n<\/tr>\n<tr>\n<td>Forsvarets Data<\/td>\n<td>1985\/01<\/td>\n<td>1989\/08<\/td>\n<td><\/td>\n<\/tr>\n<tr>\n<td>Novo<\/td>\n<td>1985\/02<\/td>\n<td>1995\/06<\/td>\n<td><\/td>\n<\/tr>\n<tr>\n<td>Danisco<\/td>\n<td>1986\/01<\/td>\n<td>1987\/04<\/td>\n<td><\/td>\n<\/tr>\n<tr>\n<td>Nesa<\/td>\n<td>1986\/01<\/td>\n<td>1987\/04<\/td>\n<td><\/td>\n<\/tr>\n<tr>\n<td>Sterling<\/td>\n<td>1986\/04\/<\/td>\n<td>1986\/05<\/td>\n<td><\/td>\n<\/tr>\n<tr>\n<td>Hjemmev\u00e6rnet<\/td>\n<td>1987\/01<\/td>\n<td>1987\/02<\/td>\n<td><\/td>\n<\/tr>\n<tr>\n<td>Sofus Berendsen<\/td>\n<td>1987\/06<\/td>\n<td>1988\/01<\/td>\n<td><\/td>\n<\/tr>\n<tr>\n<td>K\u00f8benhavns Havn<\/td>\n<td>1986\/02<\/td>\n<td>1987\/06<\/td>\n<td><\/td>\n<\/tr>\n<tr>\n<td>Tulip<\/td>\n<td>1987\/05<\/td>\n<td>1988\/04<\/td>\n<td><\/td>\n<\/tr>\n<tr>\n<td>Kastellet<\/td>\n<td>1987\/12<\/td>\n<td>1988\/01<\/td>\n<td><\/td>\n<\/tr>\n<tr>\n<td>Tulip (diverse)<\/td>\n<td>1988\/07<\/td>\n<td>1989\/04<\/td>\n<td><\/td>\n<\/tr>\n<tr>\n<td>Brdr. Dahl<\/td>\n<td>1987\/12<\/td>\n<td>1995\/10<\/td>\n<td><\/td>\n<\/tr>\n<tr>\n<td>Carlsberg<\/td>\n<td>1988\/04<\/td>\n<td>1988\/08<\/td>\n<td><\/td>\n<\/tr>\n<tr>\n<td>Spies<\/td>\n<td>1988\/05<\/td>\n<td>1990\/06<\/td>\n<td><\/td>\n<\/tr>\n<tr>\n<td>Frederiksborg Amt<\/td>\n<td>1988\/05<\/td>\n<td>1989\/05<\/td>\n<td><\/td>\n<\/tr>\n<tr>\n<td>Novenco<\/td>\n<td>1988\/05<\/td>\n<td>1988\/12<\/td>\n<td><\/td>\n<\/tr>\n<tr>\n<td>Philips<\/td>\n<td>1988\/11<\/td>\n<td>1989\/04<\/td>\n<td><\/td>\n<\/tr>\n<tr>\n<td>Rigshospitalet<\/td>\n<td>1988\/10<\/td>\n<td>1990\/04<\/td>\n<td><\/td>\n<\/tr>\n<tr>\n<td>Texaco Danmark<\/td>\n<td>1988\/12<\/td>\n<td>1995\/11<\/td>\n<td><\/td>\n<\/tr>\n<tr>\n<td>Sid<\/td>\n<td>1989\/03<\/td>\n<td>1989\/03<\/td>\n<td><\/td>\n<\/tr>\n<tr>\n<td>Stats Anstalten<\/td>\n<td>1989\/07<\/td>\n<td>1989\/12<\/td>\n<td><\/td>\n<\/tr>\n<tr>\n<td>NKT<\/td>\n<td>1990\/08<\/td>\n<td>1990\/12<\/td>\n<td><\/td>\n<\/tr>\n<tr>\n<td>J Lauritzen<\/td>\n<td>1991\/03<\/td>\n<td>1994\/02<\/td>\n<td><\/td>\n<\/tr>\n<tr>\n<td>Fyns Amt<\/td>\n<td>1991\/06<\/td>\n<td>1992\/02<\/td>\n<td><\/td>\n<\/tr>\n<tr>\n<td>Danisco<\/td>\n<td>1991\/09<\/td>\n<td>1991\/09<\/td>\n<td><\/td>\n<\/tr>\n<tr>\n<td>DFDS<\/td>\n<td>1992\/01<\/td>\n<td>1993\/05<\/td>\n<td><\/td>\n<\/tr>\n<tr>\n<td>Spies<\/td>\n<td>1992\/04<\/td>\n<td>1993\/05<\/td>\n<td><\/td>\n<\/tr>\n<tr>\n<td>Nordisk Re<\/td>\n<td>1992\/01<\/td>\n<td>1992\/12<\/td>\n<td><\/td>\n<\/tr>\n<tr>\n<td>Texaco Norge<\/td>\n<td>1993\/11<\/td>\n<td>1993\/12<\/td>\n<td><\/td>\n<\/tr>\n<tr>\n<td>Alm. Brand<\/td>\n<td>1994\/07<\/td>\n<td>1994\/07<\/td>\n<td><\/td>\n<\/tr>\n<tr>\n<td>AIM (Nielsen)<\/td>\n<td>1994\/05<\/td>\n<td>1994\/09<\/td>\n<td><\/td>\n<\/tr>\n<tr>\n<td>KD Data<\/td>\n<td>1994\/07<\/td>\n<td>1994\/10<\/td>\n<td><\/td>\n<\/tr>\n<tr>\n<td>Texaco Norge<\/td>\n<td>1995\/01<\/td>\n<td>1995\/02<\/td>\n<td><\/td>\n<\/tr>\n<tr>\n<td>BMC<\/td>\n<td>1995\/02<\/td>\n<td>1995\/02<\/td>\n<td><\/td>\n<\/tr>\n<tr>\n<td>Magasin<\/td>\n<td>1995\/11<\/td>\n<td>1996\/04<\/td>\n<td><\/td>\n<\/tr>\n<tr>\n<td>Kommune Data<\/td>\n<td>1995\/10<\/td>\n<td>1996\/01<\/td>\n<td><\/td>\n<\/tr>\n<tr>\n<td>IBM (PTF)<\/td>\n<td>1996\/05<\/td>\n<td>1997\/10<\/td>\n<td><\/td>\n<\/tr>\n<tr>\n<td>Dm Data<\/td>\n<td>1998\/02<\/td>\n<td>1998\/04<\/td>\n<td>Hyret via Data Consult og IBM<\/td>\n<\/tr>\n<tr>\n<td>Brdr. Dahl<\/td>\n<td>1998\/06<\/td>\n<td>1999\/07<\/td>\n<td>DPA version 2000<\/td>\n<\/tr>\n<tr>\n<td>DFDS<\/td>\n<td>1998\/04<\/td>\n<td>1999\/07<\/td>\n<td>DPA version 2000<\/td>\n<\/tr>\n<tr>\n<td>J Lauritzen<\/td>\n<td>1999\/05<\/td>\n<td>1999\/07<\/td>\n<td>DPA version 2000<\/td>\n<\/tr>\n<tr>\n<td>Fyns Amt<\/td>\n<td>1999\/06<\/td>\n<td>1999\/07<\/td>\n<td>DPA version 2000<\/td>\n<\/tr>\n<tr>\n<td>Real Danmark<\/td>\n<td>2000\/07<\/td>\n<td>2000\/11<\/td>\n<td><\/td>\n<\/tr>\n<tr>\n<td>Danske Bank<\/td>\n<td>2001\/03<\/td>\n<td>2003\/04<\/td>\n<td>Hyret af Ec-Soft<\/td>\n<\/tr>\n<tr>\n<td>DFDS<\/td>\n<td>2003\/01<\/td>\n<td>2003\/05<\/td>\n<td><\/td>\n<\/tr>\n<tr>\n<td>Software AG<\/td>\n<td>2003\/10<\/td>\n<td>2003\/11<\/td>\n<td><\/td>\n<\/tr>\n<tr>\n<td style=\"text-align: left;\">Personale B\u00f8rsen<\/td>\n<td>2004\/09<\/td>\n<td>2005\/01<\/td>\n<td>Vikar i Personale B\u00f8rsen<\/td>\n<\/tr>\n<tr>\n<td style=\"text-align: left;\">Xponcard<\/td>\n<td>2004\/09<\/td>\n<td>2004\/09<\/td>\n<td>Vikar i Personale B\u00f8rsen<\/td>\n<\/tr>\n<tr>\n<td style=\"text-align: left;\">H&amp;M<\/td>\n<td>2004\/09<\/td>\n<td>2005\/01<\/td>\n<td>Vikar i Personale B\u00f8rsen<\/td>\n<\/tr>\n<tr>\n<td style=\"text-align: left;\">Gubi<\/td>\n<td>2004\/12<\/td>\n<td>2004\/12<\/td>\n<td>Vikar i Personale B\u00f8rsen<\/td>\n<\/tr>\n<tr>\n<td style=\"text-align: left;\">Super Gros<\/td>\n<td>2004\/12<\/td>\n<td>2004\/12<\/td>\n<td>Vikar i Personale B\u00f8rsen<\/td>\n<\/tr>\n<tr>\n<td style=\"text-align: left;\">Design M\u00f8bler<\/td>\n<td>2004\/12<\/td>\n<td>2004\/12<\/td>\n<td>Vikar i Personale B\u00f8rsen<\/td>\n<\/tr>\n<tr>\n<td>Exxon<\/td>\n<td>2004\/12<\/td>\n<td>2004\/12<\/td>\n<td>Vikar i Personale B\u00f8rsen<\/td>\n<\/tr>\n<tr>\n<td>Prodata<\/td>\n<td>2005\/01<\/td>\n<td>2012\/04<\/td>\n<td>\u00a0Formidler for nedenst\u00e5ende<\/td>\n<\/tr>\n<tr>\n<td>SDC<\/td>\n<td>2005\/01<\/td>\n<td>2005\/03<\/td>\n<td><\/td>\n<\/tr>\n<tr>\n<td>KMD<\/td>\n<td>2005\/04<\/td>\n<td>2007\/10<\/td>\n<td><\/td>\n<\/tr>\n<tr>\n<td>ATP<\/td>\n<td>2007\/11<\/td>\n<td>2008\/01<\/td>\n<td><\/td>\n<\/tr>\n<tr>\n<td>Scr Gruppen<\/td>\n<td>2008\/02<\/td>\n<td>2008\/10<\/td>\n<td>Formidler for nedenst\u00e5ende<\/td>\n<\/tr>\n<tr>\n<td>BEC<\/td>\n<td>2008\/02<\/td>\n<td>2008\/06<\/td>\n<td><\/td>\n<\/tr>\n<tr>\n<td>Nykredit<\/td>\n<td>2008\/07<\/td>\n<td>2008\/10<\/td>\n<td><\/td>\n<\/tr>\n<tr>\n<td>Software AG<\/td>\n<td>2008\/11<\/td>\n<td>2008\/11<\/td>\n<td><\/td>\n<\/tr>\n<tr>\n<td>KMD<\/td>\n<td>2008\/12<\/td>\n<td>2009\/03<\/td>\n<td><\/td>\n<\/tr>\n<tr>\n<td>SDC<\/td>\n<td>2010\/06<\/td>\n<td>2010\/09<\/td>\n<td><\/td>\n<\/tr>\n<tr>\n<td>Nordea<\/td>\n<td>2010\/10<\/td>\n<td>2011\/03<\/td>\n<td><\/td>\n<\/tr>\n<tr>\n<td>SDC<\/td>\n<td>2011\/04<\/td>\n<td>2012\/03<\/td>\n<td><\/td>\n<\/tr>\n<\/tbody>\n<\/table>\n","protected":false},"excerpt":{"rendered":"<p>Denne side giver en oversigt over i hvilken r\u00e6kkef\u00f8lge og i hvilke \u00e5r jeg arbejde i de enkelte firmaer. Firma Start \u00c5r\/Md Slut \u00c5r\/Md Bem\u00e6rkninger Lk-Nes 1970\/91 1974\/06 Ansat T-Bak Jensen 1974\/06 1974\/12 Ansat SDC A\/S 1974\/12 1978\/06 Ansat Xerox 1978\/06 1978\/12 Ansat hos ISI SAS Catering 1979\/06 1979\/09 Ansat hos ISI ISI L\u00f8n 1979\/08 &hellip; <a href=\"http:\/\/s-h.dk\/cv\/oversigt-krono\/\" class=\"more-link\">L\u00e6s videre <span class=\"screen-reader-text\">R\u00e6kkef\u00f8lge i tabel form for firmaer<\/span> <span class=\"meta-nav\">&rarr;<\/span><\/a><\/p>\n","protected":false},"author":1,"featured_media":0,"parent":0,"menu_order":0,"comment_status":"closed","ping_status":"open","template":"","meta":[],"yoast_head":"<!-- This site is optimized with the Yoast SEO plugin v21.0 - https:\/\/yoast.com\/wordpress\/plugins\/seo\/ -->\n<title>R\u00e6kkef\u00f8lge i tabel form for firmaer - Cv<\/title>\n<meta name=\"robots\" content=\"index, follow, max-snippet:-1, max-image-preview:large, max-video-preview:-1\" \/>\n<link rel=\"canonical\" href=\"http:\/\/s-h.dk\/cv\/oversigt-krono\/\" \/>\n<meta property=\"og:locale\" content=\"da_DK\" \/>\n<meta property=\"og:type\" content=\"article\" \/>\n<meta property=\"og:title\" content=\"R\u00e6kkef\u00f8lge i tabel form for firmaer - Cv\" \/>\n<meta property=\"og:description\" content=\"Denne side giver en oversigt over i hvilken r\u00e6kkef\u00f8lge og i hvilke \u00e5r jeg arbejde i de enkelte firmaer. Firma Start \u00c5r\/Md Slut \u00c5r\/Md Bem\u00e6rkninger Lk-Nes 1970\/91 1974\/06 Ansat T-Bak Jensen 1974\/06 1974\/12 Ansat SDC A\/S 1974\/12 1978\/06 Ansat Xerox 1978\/06 1978\/12 Ansat hos ISI SAS Catering 1979\/06 1979\/09 Ansat hos ISI ISI L\u00f8n 1979\/08 &hellip; L\u00e6s videre R\u00e6kkef\u00f8lge i tabel form for firmaer &rarr;\" \/>\n<meta property=\"og:url\" content=\"http:\/\/s-h.dk\/cv\/oversigt-krono\/\" \/>\n<meta property=\"og:site_name\" content=\"Cv\" \/>\n<meta property=\"article:modified_time\" content=\"2014-01-23T10:45:38+00:00\" \/>\n<meta name=\"twitter:label1\" content=\"Estimeret l\u00e6setid\" \/>\n\t<meta name=\"twitter:data1\" content=\"1 minut\" \/>\n<script type=\"application\/ld+json\" class=\"yoast-schema-graph\">{\"@context\":\"https:\/\/schema.org\",\"@graph\":[{\"@type\":\"WebPage\",\"@id\":\"http:\/\/s-h.dk\/cv\/oversigt-krono\/\",\"url\":\"http:\/\/s-h.dk\/cv\/oversigt-krono\/\",\"name\":\"R\u00e6kkef\u00f8lge i tabel form for firmaer - Cv\",\"isPartOf\":{\"@id\":\"http:\/\/s-h.dk\/cv\/#website\"},\"datePublished\":\"2014-01-10T10:00:09+00:00\",\"dateModified\":\"2014-01-23T10:45:38+00:00\",\"breadcrumb\":{\"@id\":\"http:\/\/s-h.dk\/cv\/oversigt-krono\/#breadcrumb\"},\"inLanguage\":\"da-DK\",\"potentialAction\":[{\"@type\":\"ReadAction\",\"target\":[\"http:\/\/s-h.dk\/cv\/oversigt-krono\/\"]}]},{\"@type\":\"BreadcrumbList\",\"@id\":\"http:\/\/s-h.dk\/cv\/oversigt-krono\/#breadcrumb\",\"itemListElement\":[{\"@type\":\"ListItem\",\"position\":1,\"name\":\"Hjem\",\"item\":\"http:\/\/s-h.dk\/cv\/\"},{\"@type\":\"ListItem\",\"position\":2,\"name\":\"R\u00e6kkef\u00f8lge i tabel form for firmaer\"}]},{\"@type\":\"WebSite\",\"@id\":\"http:\/\/s-h.dk\/cv\/#website\",\"url\":\"http:\/\/s-h.dk\/cv\/\",\"name\":\"Cv\",\"description\":\"Svend-Henrik Berthelsen\",\"publisher\":{\"@id\":\"http:\/\/s-h.dk\/cv\/#\/schema\/person\/d1069187103bbc1b58c393674a1555d0\"},\"potentialAction\":[{\"@type\":\"SearchAction\",\"target\":{\"@type\":\"EntryPoint\",\"urlTemplate\":\"http:\/\/s-h.dk\/cv\/?s={search_term_string}\"},\"query-input\":\"required name=search_term_string\"}],\"inLanguage\":\"da-DK\"},{\"@type\":[\"Person\",\"Organization\"],\"@id\":\"http:\/\/s-h.dk\/cv\/#\/schema\/person\/d1069187103bbc1b58c393674a1555d0\",\"name\":\"shb\",\"image\":{\"@type\":\"ImageObject\",\"inLanguage\":\"da-DK\",\"@id\":\"http:\/\/s-h.dk\/cv\/#\/schema\/person\/image\/\",\"url\":\"http:\/\/0.gravatar.com\/avatar\/6b36c0dc5af3408f9ce5f6dcff103e4a?s=96&d=mm&r=g\",\"contentUrl\":\"http:\/\/0.gravatar.com\/avatar\/6b36c0dc5af3408f9ce5f6dcff103e4a?s=96&d=mm&r=g\",\"caption\":\"shb\"},\"logo\":{\"@id\":\"http:\/\/s-h.dk\/cv\/#\/schema\/person\/image\/\"}}]}<\/script>\n<!-- \/ Yoast SEO plugin. -->","yoast_head_json":{"title":"R\u00e6kkef\u00f8lge i tabel form for firmaer - Cv","robots":{"index":"index","follow":"follow","max-snippet":"max-snippet:-1","max-image-preview":"max-image-preview:large","max-video-preview":"max-video-preview:-1"},"canonical":"http:\/\/s-h.dk\/cv\/oversigt-krono\/","og_locale":"da_DK","og_type":"article","og_title":"R\u00e6kkef\u00f8lge i tabel form for firmaer - Cv","og_description":"Denne side giver en oversigt over i hvilken r\u00e6kkef\u00f8lge og i hvilke \u00e5r jeg arbejde i de enkelte firmaer. Firma Start \u00c5r\/Md Slut \u00c5r\/Md Bem\u00e6rkninger Lk-Nes 1970\/91 1974\/06 Ansat T-Bak Jensen 1974\/06 1974\/12 Ansat SDC A\/S 1974\/12 1978\/06 Ansat Xerox 1978\/06 1978\/12 Ansat hos ISI SAS Catering 1979\/06 1979\/09 Ansat hos ISI ISI L\u00f8n 1979\/08 &hellip; L\u00e6s videre R\u00e6kkef\u00f8lge i tabel form for firmaer &rarr;","og_url":"http:\/\/s-h.dk\/cv\/oversigt-krono\/","og_site_name":"Cv","article_modified_time":"2014-01-23T10:45:38+00:00","twitter_misc":{"Estimeret l\u00e6setid":"1 minut"},"schema":{"@context":"https:\/\/schema.org","@graph":[{"@type":"WebPage","@id":"http:\/\/s-h.dk\/cv\/oversigt-krono\/","url":"http:\/\/s-h.dk\/cv\/oversigt-krono\/","name":"R\u00e6kkef\u00f8lge i tabel form for firmaer - Cv","isPartOf":{"@id":"http:\/\/s-h.dk\/cv\/#website"},"datePublished":"2014-01-10T10:00:09+00:00","dateModified":"2014-01-23T10:45:38+00:00","breadcrumb":{"@id":"http:\/\/s-h.dk\/cv\/oversigt-krono\/#breadcrumb"},"inLanguage":"da-DK","potentialAction":[{"@type":"ReadAction","target":["http:\/\/s-h.dk\/cv\/oversigt-krono\/"]}]},{"@type":"BreadcrumbList","@id":"http:\/\/s-h.dk\/cv\/oversigt-krono\/#breadcrumb","itemListElement":[{"@type":"ListItem","position":1,"name":"Hjem","item":"http:\/\/s-h.dk\/cv\/"},{"@type":"ListItem","position":2,"name":"R\u00e6kkef\u00f8lge i tabel form for firmaer"}]},{"@type":"WebSite","@id":"http:\/\/s-h.dk\/cv\/#website","url":"http:\/\/s-h.dk\/cv\/","name":"Cv","description":"Svend-Henrik Berthelsen","publisher":{"@id":"http:\/\/s-h.dk\/cv\/#\/schema\/person\/d1069187103bbc1b58c393674a1555d0"},"potentialAction":[{"@type":"SearchAction","target":{"@type":"EntryPoint","urlTemplate":"http:\/\/s-h.dk\/cv\/?s={search_term_string}"},"query-input":"required name=search_term_string"}],"inLanguage":"da-DK"},{"@type":["Person","Organization"],"@id":"http:\/\/s-h.dk\/cv\/#\/schema\/person\/d1069187103bbc1b58c393674a1555d0","name":"shb","image":{"@type":"ImageObject","inLanguage":"da-DK","@id":"http:\/\/s-h.dk\/cv\/#\/schema\/person\/image\/","url":"http:\/\/0.gravatar.com\/avatar\/6b36c0dc5af3408f9ce5f6dcff103e4a?s=96&d=mm&r=g","contentUrl":"http:\/\/0.gravatar.com\/avatar\/6b36c0dc5af3408f9ce5f6dcff103e4a?s=96&d=mm&r=g","caption":"shb"},"logo":{"@id":"http:\/\/s-h.dk\/cv\/#\/schema\/person\/image\/"}}]}},"_links":{"self":[{"href":"http:\/\/s-h.dk\/cv\/wp-json\/wp\/v2\/pages\/752"}],"collection":[{"href":"http:\/\/s-h.dk\/cv\/wp-json\/wp\/v2\/pages"}],"about":[{"href":"http:\/\/s-h.dk\/cv\/wp-json\/wp\/v2\/types\/page"}],"author":[{"embeddable":true,"href":"http:\/\/s-h.dk\/cv\/wp-json\/wp\/v2\/users\/1"}],"replies":[{"embeddable":true,"href":"http:\/\/s-h.dk\/cv\/wp-json\/wp\/v2\/comments?post=752"}],"version-history":[{"count":50,"href":"http:\/\/s-h.dk\/cv\/wp-json\/wp\/v2\/pages\/752\/revisions"}],"predecessor-version":[{"id":1323,"href":"http:\/\/s-h.dk\/cv\/wp-json\/wp\/v2\/pages\/752\/revisions\/1323"}],"wp:attachment":[{"href":"http:\/\/s-h.dk\/cv\/wp-json\/wp\/v2\/media?parent=752"}],"curies":[{"name":"wp","href":"https:\/\/api.w.org\/{rel}","templated":true}]}}