{"id":66,"date":"2013-12-30T10:51:50","date_gmt":"2013-12-30T10:51:50","guid":{"rendered":"http:\/\/s-h.dk\/cv\/?page_id=66"},"modified":"2014-01-21T09:11:38","modified_gmt":"2014-01-21T09:11:38","slug":"pl1","status":"publish","type":"page","link":"http:\/\/s-h.dk\/cv\/pl1\/","title":{"rendered":"PL\/1"},"content":{"rendered":"<p>Sproget <strong>PL\/1 <\/strong>bruges prim\u00e6rt p\u00e5 mainframe.<\/p>\n<p>Jeg har brugt sproget i f\u00f8lgende st\u00f8rre projekter.<\/p>\n<ul>\n<li>SDC&#8217;s applikationer<\/li>\n<li>KMD&#8217;s online \/ batch B\u00f8rneydelses system<\/li>\n<li>KMD&#8217;s online \/ batch Anbringelses system<\/li>\n<li>Danske Banks Basel II data opsamlings system (Risiko vurdering)<\/li>\n<li>Danske Banks Score system<br \/>\n(Automatisk kreditvurdering af personer for kreditgivning)<\/li>\n<\/ul>\n<p>Ovenst\u00e5ende sprog har jeg brugt i mere end 34 \u00e5r.<\/p>\n","protected":false},"excerpt":{"rendered":"<p>Sproget PL\/1 bruges prim\u00e6rt p\u00e5 mainframe. Jeg har brugt sproget i f\u00f8lgende st\u00f8rre projekter. SDC&#8217;s applikationer KMD&#8217;s online \/ batch B\u00f8rneydelses system KMD&#8217;s online \/ batch Anbringelses system Danske Banks Basel II data opsamlings system (Risiko vurdering) Danske Banks Score system (Automatisk kreditvurdering af personer for kreditgivning) Ovenst\u00e5ende sprog har jeg brugt i mere end &hellip; <a href=\"http:\/\/s-h.dk\/cv\/pl1\/\" class=\"more-link\">L\u00e6s videre <span class=\"screen-reader-text\">PL\/1<\/span> <span class=\"meta-nav\">&rarr;<\/span><\/a><\/p>\n","protected":false},"author":1,"featured_media":0,"parent":0,"menu_order":0,"comment_status":"closed","ping_status":"open","template":"","meta":[],"yoast_head":"<!-- This site is optimized with the Yoast SEO plugin v21.0 - https:\/\/yoast.com\/wordpress\/plugins\/seo\/ -->\n<title>PL\/1 - Cv<\/title>\n<meta name=\"robots\" content=\"index, follow, max-snippet:-1, max-image-preview:large, max-video-preview:-1\" \/>\n<link rel=\"canonical\" href=\"https:\/\/s-h.dk\/cv\/pl1\/\" \/>\n<meta property=\"og:locale\" content=\"da_DK\" \/>\n<meta property=\"og:type\" content=\"article\" \/>\n<meta property=\"og:title\" content=\"PL\/1 - Cv\" \/>\n<meta property=\"og:description\" content=\"Sproget PL\/1 bruges prim\u00e6rt p\u00e5 mainframe. Jeg har brugt sproget i f\u00f8lgende st\u00f8rre projekter. SDC&#8217;s applikationer KMD&#8217;s online \/ batch B\u00f8rneydelses system KMD&#8217;s online \/ batch Anbringelses system Danske Banks Basel II data opsamlings system (Risiko vurdering) Danske Banks Score system (Automatisk kreditvurdering af personer for kreditgivning) Ovenst\u00e5ende sprog har jeg brugt i mere end &hellip; L\u00e6s videre PL\/1 &rarr;\" \/>\n<meta property=\"og:url\" content=\"https:\/\/s-h.dk\/cv\/pl1\/\" \/>\n<meta property=\"og:site_name\" content=\"Cv\" \/>\n<meta property=\"article:modified_time\" content=\"2014-01-21T09:11:38+00:00\" \/>\n<script type=\"application\/ld+json\" class=\"yoast-schema-graph\">{\"@context\":\"https:\/\/schema.org\",\"@graph\":[{\"@type\":\"WebPage\",\"@id\":\"https:\/\/s-h.dk\/cv\/pl1\/\",\"url\":\"https:\/\/s-h.dk\/cv\/pl1\/\",\"name\":\"PL\/1 - Cv\",\"isPartOf\":{\"@id\":\"https:\/\/s-h.dk\/cv\/#website\"},\"datePublished\":\"2013-12-30T10:51:50+00:00\",\"dateModified\":\"2014-01-21T09:11:38+00:00\",\"breadcrumb\":{\"@id\":\"https:\/\/s-h.dk\/cv\/pl1\/#breadcrumb\"},\"inLanguage\":\"da-DK\",\"potentialAction\":[{\"@type\":\"ReadAction\",\"target\":[\"https:\/\/s-h.dk\/cv\/pl1\/\"]}]},{\"@type\":\"BreadcrumbList\",\"@id\":\"https:\/\/s-h.dk\/cv\/pl1\/#breadcrumb\",\"itemListElement\":[{\"@type\":\"ListItem\",\"position\":1,\"name\":\"Hjem\",\"item\":\"https:\/\/s-h.dk\/cv\/\"},{\"@type\":\"ListItem\",\"position\":2,\"name\":\"PL\/1\"}]},{\"@type\":\"WebSite\",\"@id\":\"https:\/\/s-h.dk\/cv\/#website\",\"url\":\"https:\/\/s-h.dk\/cv\/\",\"name\":\"Cv\",\"description\":\"Svend-Henrik Berthelsen\",\"publisher\":{\"@id\":\"https:\/\/s-h.dk\/cv\/#\/schema\/person\/d1069187103bbc1b58c393674a1555d0\"},\"potentialAction\":[{\"@type\":\"SearchAction\",\"target\":{\"@type\":\"EntryPoint\",\"urlTemplate\":\"https:\/\/s-h.dk\/cv\/?s={search_term_string}\"},\"query-input\":\"required name=search_term_string\"}],\"inLanguage\":\"da-DK\"},{\"@type\":[\"Person\",\"Organization\"],\"@id\":\"https:\/\/s-h.dk\/cv\/#\/schema\/person\/d1069187103bbc1b58c393674a1555d0\",\"name\":\"shb\",\"image\":{\"@type\":\"ImageObject\",\"inLanguage\":\"da-DK\",\"@id\":\"https:\/\/s-h.dk\/cv\/#\/schema\/person\/image\/\",\"url\":\"http:\/\/0.gravatar.com\/avatar\/6b36c0dc5af3408f9ce5f6dcff103e4a?s=96&d=mm&r=g\",\"contentUrl\":\"http:\/\/0.gravatar.com\/avatar\/6b36c0dc5af3408f9ce5f6dcff103e4a?s=96&d=mm&r=g\",\"caption\":\"shb\"},\"logo\":{\"@id\":\"https:\/\/s-h.dk\/cv\/#\/schema\/person\/image\/\"}}]}<\/script>\n<!-- \/ Yoast SEO plugin. -->","yoast_head_json":{"title":"PL\/1 - Cv","robots":{"index":"index","follow":"follow","max-snippet":"max-snippet:-1","max-image-preview":"max-image-preview:large","max-video-preview":"max-video-preview:-1"},"canonical":"https:\/\/s-h.dk\/cv\/pl1\/","og_locale":"da_DK","og_type":"article","og_title":"PL\/1 - Cv","og_description":"Sproget PL\/1 bruges prim\u00e6rt p\u00e5 mainframe. Jeg har brugt sproget i f\u00f8lgende st\u00f8rre projekter. SDC&#8217;s applikationer KMD&#8217;s online \/ batch B\u00f8rneydelses system KMD&#8217;s online \/ batch Anbringelses system Danske Banks Basel II data opsamlings system (Risiko vurdering) Danske Banks Score system (Automatisk kreditvurdering af personer for kreditgivning) Ovenst\u00e5ende sprog har jeg brugt i mere end &hellip; L\u00e6s videre PL\/1 &rarr;","og_url":"https:\/\/s-h.dk\/cv\/pl1\/","og_site_name":"Cv","article_modified_time":"2014-01-21T09:11:38+00:00","schema":{"@context":"https:\/\/schema.org","@graph":[{"@type":"WebPage","@id":"https:\/\/s-h.dk\/cv\/pl1\/","url":"https:\/\/s-h.dk\/cv\/pl1\/","name":"PL\/1 - Cv","isPartOf":{"@id":"https:\/\/s-h.dk\/cv\/#website"},"datePublished":"2013-12-30T10:51:50+00:00","dateModified":"2014-01-21T09:11:38+00:00","breadcrumb":{"@id":"https:\/\/s-h.dk\/cv\/pl1\/#breadcrumb"},"inLanguage":"da-DK","potentialAction":[{"@type":"ReadAction","target":["https:\/\/s-h.dk\/cv\/pl1\/"]}]},{"@type":"BreadcrumbList","@id":"https:\/\/s-h.dk\/cv\/pl1\/#breadcrumb","itemListElement":[{"@type":"ListItem","position":1,"name":"Hjem","item":"https:\/\/s-h.dk\/cv\/"},{"@type":"ListItem","position":2,"name":"PL\/1"}]},{"@type":"WebSite","@id":"https:\/\/s-h.dk\/cv\/#website","url":"https:\/\/s-h.dk\/cv\/","name":"Cv","description":"Svend-Henrik Berthelsen","publisher":{"@id":"https:\/\/s-h.dk\/cv\/#\/schema\/person\/d1069187103bbc1b58c393674a1555d0"},"potentialAction":[{"@type":"SearchAction","target":{"@type":"EntryPoint","urlTemplate":"https:\/\/s-h.dk\/cv\/?s={search_term_string}"},"query-input":"required name=search_term_string"}],"inLanguage":"da-DK"},{"@type":["Person","Organization"],"@id":"https:\/\/s-h.dk\/cv\/#\/schema\/person\/d1069187103bbc1b58c393674a1555d0","name":"shb","image":{"@type":"ImageObject","inLanguage":"da-DK","@id":"https:\/\/s-h.dk\/cv\/#\/schema\/person\/image\/","url":"http:\/\/0.gravatar.com\/avatar\/6b36c0dc5af3408f9ce5f6dcff103e4a?s=96&d=mm&r=g","contentUrl":"http:\/\/0.gravatar.com\/avatar\/6b36c0dc5af3408f9ce5f6dcff103e4a?s=96&d=mm&r=g","caption":"shb"},"logo":{"@id":"https:\/\/s-h.dk\/cv\/#\/schema\/person\/image\/"}}]}},"_links":{"self":[{"href":"http:\/\/s-h.dk\/cv\/wp-json\/wp\/v2\/pages\/66"}],"collection":[{"href":"http:\/\/s-h.dk\/cv\/wp-json\/wp\/v2\/pages"}],"about":[{"href":"http:\/\/s-h.dk\/cv\/wp-json\/wp\/v2\/types\/page"}],"author":[{"embeddable":true,"href":"http:\/\/s-h.dk\/cv\/wp-json\/wp\/v2\/users\/1"}],"replies":[{"embeddable":true,"href":"http:\/\/s-h.dk\/cv\/wp-json\/wp\/v2\/comments?post=66"}],"version-history":[{"count":4,"href":"http:\/\/s-h.dk\/cv\/wp-json\/wp\/v2\/pages\/66\/revisions"}],"predecessor-version":[{"id":1272,"href":"http:\/\/s-h.dk\/cv\/wp-json\/wp\/v2\/pages\/66\/revisions\/1272"}],"wp:attachment":[{"href":"http:\/\/s-h.dk\/cv\/wp-json\/wp\/v2\/media?parent=66"}],"curies":[{"name":"wp","href":"https:\/\/api.w.org\/{rel}","templated":true}]}}