{"id":553,"date":"2014-01-09T08:49:35","date_gmt":"2014-01-09T08:49:35","guid":{"rendered":"http:\/\/s-h.dk\/cv\/?page_id=553"},"modified":"2014-01-17T08:23:30","modified_gmt":"2014-01-17T08:23:30","slug":"atp","status":"publish","type":"page","link":"http:\/\/s-h.dk\/cv\/atp\/","title":{"rendered":"ATP"},"content":{"rendered":"<p>Mine prim\u00e6r opgaver hos ATP var f\u00f8lgende.<\/p>\n<ol>\n<li>Design af testcases og test af ATP&#8217;s nye pensions system Naps.<br \/>\nMin del var administration af E-Skatte kort<\/li>\n<li>Create af testdata som skulle bruges ved test af applikationer til beregning af pension.<br \/>\nProgram til create af testdata var lavet til unitest brug og omhandlede ca. 12 sk\u00e6rmbilleder indeholdende 50 felter hver. Der fandtes ingen dokumentation til brug af programmet s\u00e5 det foregik derfor ved fors\u00f8g.<\/li>\n<\/ol>\n<p>Kodning i HP Quality Center<\/p>\n<p>Opgave blev udf\u00f8rt som konsulent.\u00a0 Perioden 2007\/11 &#8211; 2008\/01<\/p>\n","protected":false},"excerpt":{"rendered":"<p>Mine prim\u00e6r opgaver hos ATP var f\u00f8lgende. Design af testcases og test af ATP&#8217;s nye pensions system Naps. Min del var administration af E-Skatte kort Create af testdata som skulle bruges ved test af applikationer til beregning af pension. Program til create af testdata var lavet til unitest brug og omhandlede ca. 12 sk\u00e6rmbilleder indeholdende &hellip; <a href=\"http:\/\/s-h.dk\/cv\/atp\/\" class=\"more-link\">L\u00e6s videre <span class=\"screen-reader-text\">ATP<\/span> <span class=\"meta-nav\">&rarr;<\/span><\/a><\/p>\n","protected":false},"author":1,"featured_media":0,"parent":0,"menu_order":0,"comment_status":"closed","ping_status":"open","template":"","meta":[],"yoast_head":"<!-- This site is optimized with the Yoast SEO plugin v21.0 - https:\/\/yoast.com\/wordpress\/plugins\/seo\/ -->\n<title>ATP - Cv<\/title>\n<meta name=\"robots\" content=\"index, follow, max-snippet:-1, max-image-preview:large, max-video-preview:-1\" \/>\n<link rel=\"canonical\" href=\"http:\/\/s-h.dk\/cv\/atp\/\" \/>\n<meta property=\"og:locale\" content=\"da_DK\" \/>\n<meta property=\"og:type\" content=\"article\" \/>\n<meta property=\"og:title\" content=\"ATP - Cv\" \/>\n<meta property=\"og:description\" content=\"Mine prim\u00e6r opgaver hos ATP var f\u00f8lgende. Design af testcases og test af ATP&#8217;s nye pensions system Naps. Min del var administration af E-Skatte kort Create af testdata som skulle bruges ved test af applikationer til beregning af pension. Program til create af testdata var lavet til unitest brug og omhandlede ca. 12 sk\u00e6rmbilleder indeholdende &hellip; L\u00e6s videre ATP &rarr;\" \/>\n<meta property=\"og:url\" content=\"http:\/\/s-h.dk\/cv\/atp\/\" \/>\n<meta property=\"og:site_name\" content=\"Cv\" \/>\n<meta property=\"article:modified_time\" content=\"2014-01-17T08:23:30+00:00\" \/>\n<script type=\"application\/ld+json\" class=\"yoast-schema-graph\">{\"@context\":\"https:\/\/schema.org\",\"@graph\":[{\"@type\":\"WebPage\",\"@id\":\"http:\/\/s-h.dk\/cv\/atp\/\",\"url\":\"http:\/\/s-h.dk\/cv\/atp\/\",\"name\":\"ATP - Cv\",\"isPartOf\":{\"@id\":\"https:\/\/s-h.dk\/cv\/#website\"},\"datePublished\":\"2014-01-09T08:49:35+00:00\",\"dateModified\":\"2014-01-17T08:23:30+00:00\",\"breadcrumb\":{\"@id\":\"http:\/\/s-h.dk\/cv\/atp\/#breadcrumb\"},\"inLanguage\":\"da-DK\",\"potentialAction\":[{\"@type\":\"ReadAction\",\"target\":[\"http:\/\/s-h.dk\/cv\/atp\/\"]}]},{\"@type\":\"BreadcrumbList\",\"@id\":\"http:\/\/s-h.dk\/cv\/atp\/#breadcrumb\",\"itemListElement\":[{\"@type\":\"ListItem\",\"position\":1,\"name\":\"Hjem\",\"item\":\"https:\/\/s-h.dk\/cv\/\"},{\"@type\":\"ListItem\",\"position\":2,\"name\":\"ATP\"}]},{\"@type\":\"WebSite\",\"@id\":\"https:\/\/s-h.dk\/cv\/#website\",\"url\":\"https:\/\/s-h.dk\/cv\/\",\"name\":\"Cv\",\"description\":\"Svend-Henrik Berthelsen\",\"publisher\":{\"@id\":\"https:\/\/s-h.dk\/cv\/#\/schema\/person\/d1069187103bbc1b58c393674a1555d0\"},\"potentialAction\":[{\"@type\":\"SearchAction\",\"target\":{\"@type\":\"EntryPoint\",\"urlTemplate\":\"https:\/\/s-h.dk\/cv\/?s={search_term_string}\"},\"query-input\":\"required name=search_term_string\"}],\"inLanguage\":\"da-DK\"},{\"@type\":[\"Person\",\"Organization\"],\"@id\":\"https:\/\/s-h.dk\/cv\/#\/schema\/person\/d1069187103bbc1b58c393674a1555d0\",\"name\":\"shb\",\"image\":{\"@type\":\"ImageObject\",\"inLanguage\":\"da-DK\",\"@id\":\"https:\/\/s-h.dk\/cv\/#\/schema\/person\/image\/\",\"url\":\"http:\/\/0.gravatar.com\/avatar\/6b36c0dc5af3408f9ce5f6dcff103e4a?s=96&d=mm&r=g\",\"contentUrl\":\"http:\/\/0.gravatar.com\/avatar\/6b36c0dc5af3408f9ce5f6dcff103e4a?s=96&d=mm&r=g\",\"caption\":\"shb\"},\"logo\":{\"@id\":\"https:\/\/s-h.dk\/cv\/#\/schema\/person\/image\/\"}}]}<\/script>\n<!-- \/ Yoast SEO plugin. -->","yoast_head_json":{"title":"ATP - Cv","robots":{"index":"index","follow":"follow","max-snippet":"max-snippet:-1","max-image-preview":"max-image-preview:large","max-video-preview":"max-video-preview:-1"},"canonical":"http:\/\/s-h.dk\/cv\/atp\/","og_locale":"da_DK","og_type":"article","og_title":"ATP - Cv","og_description":"Mine prim\u00e6r opgaver hos ATP var f\u00f8lgende. Design af testcases og test af ATP&#8217;s nye pensions system Naps. Min del var administration af E-Skatte kort Create af testdata som skulle bruges ved test af applikationer til beregning af pension. Program til create af testdata var lavet til unitest brug og omhandlede ca. 12 sk\u00e6rmbilleder indeholdende &hellip; L\u00e6s videre ATP &rarr;","og_url":"http:\/\/s-h.dk\/cv\/atp\/","og_site_name":"Cv","article_modified_time":"2014-01-17T08:23:30+00:00","schema":{"@context":"https:\/\/schema.org","@graph":[{"@type":"WebPage","@id":"http:\/\/s-h.dk\/cv\/atp\/","url":"http:\/\/s-h.dk\/cv\/atp\/","name":"ATP - Cv","isPartOf":{"@id":"https:\/\/s-h.dk\/cv\/#website"},"datePublished":"2014-01-09T08:49:35+00:00","dateModified":"2014-01-17T08:23:30+00:00","breadcrumb":{"@id":"http:\/\/s-h.dk\/cv\/atp\/#breadcrumb"},"inLanguage":"da-DK","potentialAction":[{"@type":"ReadAction","target":["http:\/\/s-h.dk\/cv\/atp\/"]}]},{"@type":"BreadcrumbList","@id":"http:\/\/s-h.dk\/cv\/atp\/#breadcrumb","itemListElement":[{"@type":"ListItem","position":1,"name":"Hjem","item":"https:\/\/s-h.dk\/cv\/"},{"@type":"ListItem","position":2,"name":"ATP"}]},{"@type":"WebSite","@id":"https:\/\/s-h.dk\/cv\/#website","url":"https:\/\/s-h.dk\/cv\/","name":"Cv","description":"Svend-Henrik Berthelsen","publisher":{"@id":"https:\/\/s-h.dk\/cv\/#\/schema\/person\/d1069187103bbc1b58c393674a1555d0"},"potentialAction":[{"@type":"SearchAction","target":{"@type":"EntryPoint","urlTemplate":"https:\/\/s-h.dk\/cv\/?s={search_term_string}"},"query-input":"required name=search_term_string"}],"inLanguage":"da-DK"},{"@type":["Person","Organization"],"@id":"https:\/\/s-h.dk\/cv\/#\/schema\/person\/d1069187103bbc1b58c393674a1555d0","name":"shb","image":{"@type":"ImageObject","inLanguage":"da-DK","@id":"https:\/\/s-h.dk\/cv\/#\/schema\/person\/image\/","url":"http:\/\/0.gravatar.com\/avatar\/6b36c0dc5af3408f9ce5f6dcff103e4a?s=96&d=mm&r=g","contentUrl":"http:\/\/0.gravatar.com\/avatar\/6b36c0dc5af3408f9ce5f6dcff103e4a?s=96&d=mm&r=g","caption":"shb"},"logo":{"@id":"https:\/\/s-h.dk\/cv\/#\/schema\/person\/image\/"}}]}},"_links":{"self":[{"href":"http:\/\/s-h.dk\/cv\/wp-json\/wp\/v2\/pages\/553"}],"collection":[{"href":"http:\/\/s-h.dk\/cv\/wp-json\/wp\/v2\/pages"}],"about":[{"href":"http:\/\/s-h.dk\/cv\/wp-json\/wp\/v2\/types\/page"}],"author":[{"embeddable":true,"href":"http:\/\/s-h.dk\/cv\/wp-json\/wp\/v2\/users\/1"}],"replies":[{"embeddable":true,"href":"http:\/\/s-h.dk\/cv\/wp-json\/wp\/v2\/comments?post=553"}],"version-history":[{"count":4,"href":"http:\/\/s-h.dk\/cv\/wp-json\/wp\/v2\/pages\/553\/revisions"}],"predecessor-version":[{"id":1124,"href":"http:\/\/s-h.dk\/cv\/wp-json\/wp\/v2\/pages\/553\/revisions\/1124"}],"wp:attachment":[{"href":"http:\/\/s-h.dk\/cv\/wp-json\/wp\/v2\/media?parent=553"}],"curies":[{"name":"wp","href":"https:\/\/api.w.org\/{rel}","templated":true}]}}