{"id":551,"date":"2014-01-09T08:49:16","date_gmt":"2014-01-09T08:49:16","guid":{"rendered":"http:\/\/s-h.dk\/cv\/?page_id=551"},"modified":"2017-06-13T07:03:22","modified_gmt":"2017-06-13T06:03:22","slug":"kmd-as","status":"publish","type":"page","link":"http:\/\/s-h.dk\/cv\/kmd-as\/","title":{"rendered":"KMD A\/S"},"content":{"rendered":"<p>Mine opgaver hos KMD\u00a0 har delt sig over flere perioder og er som f\u00f8lger.<\/p>\n<ol>\n<li>Perioden 2005\/04 &#8211; 2005\/10<br \/>\nIndl\u00e6gge ny kode i B\u00f8rneydelse Systems til h\u00e5ndtering af Nemkonto<br \/>\nIndl\u00e6gge ny kode i Underholds Bidrags Systems til h\u00e5ndtering af Nemkonto<br \/>\nTest af Nemkonto i de 2 systemer<br \/>\nDer var 2 medarbejder til af varetage B\u00f8rneydelse System og Underholds Bidrags System, men ovenst\u00e5ende opgave med Nemkonto blev aktuel for mig da en\u00a0 af medarbejderne forlod KMD. Kort tid efter blev den anden medarbejder langtidssyg, hvorefter jeg fik overdraget ansvaret for vedligeholdelse af begge systemer. Der fulgte samtidigt et drift ansvar med.<\/li>\n<li>Perioden 2005\/10 &#8211; 2005\/12<br \/>\nDer er nu udviklet et nyt\u00a0 Underholds Bidrags System som er implementeret for 2 kommuner. Det opdages at der er data som er mistet ved start af nyt system. Der er dog ogs\u00e5 mistet data for andre end de 2 kommuner.<br \/>\nJeg bliver sat p\u00e5 opgaven med af finde de mistede data og dette tager 2 m\u00e5neder at finde de mistede data.<\/li>\n<li>Perioden 2006\/01 &#8211; 2006\/10<br \/>\nDesign &#8211; Analyse &#8211; Kodning af konvertering af gammelt\u00a0 B\u00f8rneydelse System til nyt\u00a0 B\u00f8rneydelse System. Opgaven er vanskelig da afviklingen af konverteringen foreg\u00e5r over en 2 \u00e5r periode. Der overf\u00f8res et antal kommuner inden hvert kvartals k\u00f8rsel s\u00e5 uddannelse af kommunernes folk kan f\u00f8lge med.<br \/>\nOpgaven kr\u00e6ver \u00e6ndringer i Cics applikationerne, da brugerne ved\u00a0foresp\u00f8rgsler skal have data fra nyt system hvis kommunen er konverteret og fra gammelt system n\u00e5r det g\u00e6lder historik. Nyt B\u00f8rneydelse System forventes f\u00e6rdigt ultimo 2007<\/li>\n<li>Perioden 2006\/10 &#8211; 2007\/01<br \/>\nJeg overf\u00f8res nu til projektet kommune sammenl\u00e6gning hvor arbejdet best\u00e5r i at st\u00f8tte KMD&#8217;s medarbejder ved afvikling og kontrol af sammenl\u00e6gningen. Rette fejl fundet under test i kommune sammenl\u00e6gningen og kode nye kontrol programmer der kan\u00a0 lette forl\u00f8bet med kontrol.<\/li>\n<li>Perioden 2007\/01 &#8211; 2007\/06<br \/>\nIndg\u00e5r nu i udviklingsteam til det nye B\u00f8rneydelse System (Vi var 2 udvikler til Cics Batch applikationerne). Alle programmer var designet\/udviklet s\u00e5 de kunne afvikles b\u00e5de som Online eller Batch.<br \/>\nDeltog i test af\u00a0 .Net applikation. og i batch test med de 2 ansatte testere<\/li>\n<li>Perioden 2007\/07 &#8211; 2007\/08<br \/>\nReviewer alle programmer i det nye B\u00f8rneydelse System og retter disse s\u00e5 de f\u00f8lger samme struktur. Samtidigt migreres alle programmerne til PL\/1 version 3.4<\/li>\n<li>Perioden 2007\/09 &#8211; 2007\/11<br \/>\nForetager performens m\u00e5linger\u00a0 og tilretter \/ koder s\u00e5 applikationen k\u00f8re optimalt inden der slippes flere kommuner l\u00f8s p\u00e5 systemet.<\/li>\n<li>Perioden 2005\/04 &#8211; 2007\/11<br \/>\nL\u00f8bende i denne periode har jeg optimeret \/ standardiseret JCLs. Samtidigt har jeg koden et Job genererings system s\u00e5 JCL&#8217;en kan bruges i alle de milj\u00f8er som findes hos KMD. Dette er ogs\u00e5 implementeret i andre projekter i KMD.<\/li>\n<li>Perioden 2008\/12 &#8211; 2009\/06<br \/>\nUdvikling af programmer til &#8220;Anbringelse af B\u00f8rn&#8221; samt teste disse programmer<br \/>\nSkrive system dokumentation for programmerne i systemet &#8220;Anbringelse af B\u00f8rn&#8221;<br \/>\nOptimering af SQL kald i applikationerne da disse altid l\u00e5 i toppen at top 10 listen over resource forbruger.<br \/>\nUdvikling af programmer til Message Queue behandling. Man var ved at udviklet et automatisk fakturerings system som kommunikerede via Message Queue&#8217;s med andre Edb systemer .Min opgave var at kunne simulerer svarene fra disse systemer s\u00e5 test af de nye &#8220;Anbringelse af B\u00f8rn&#8221; programmer kunne foretages, selv om de andre systemer ikke var f\u00e6rdig udviklet.<\/li>\n<\/ol>\n<p>Kodning. Pl\/1, DB2, Cics, Batch, JCL, Tso\/Ispf, Cman, Datamanager, HP quelity Center, Message Queue<\/p>\n","protected":false},"excerpt":{"rendered":"<p>Mine opgaver hos KMD\u00a0 har delt sig over flere perioder og er som f\u00f8lger. Perioden 2005\/04 &#8211; 2005\/10 Indl\u00e6gge ny kode i B\u00f8rneydelse Systems til h\u00e5ndtering af Nemkonto Indl\u00e6gge ny kode i Underholds Bidrags Systems til h\u00e5ndtering af Nemkonto Test af Nemkonto i de 2 systemer Der var 2 medarbejder til af varetage B\u00f8rneydelse System &hellip; <a href=\"http:\/\/s-h.dk\/cv\/kmd-as\/\" class=\"more-link\">L\u00e6s videre <span class=\"screen-reader-text\">KMD A\/S<\/span> <span class=\"meta-nav\">&rarr;<\/span><\/a><\/p>\n","protected":false},"author":1,"featured_media":0,"parent":0,"menu_order":0,"comment_status":"closed","ping_status":"open","template":"","meta":[],"yoast_head":"<!-- This site is optimized with the Yoast SEO plugin v21.0 - https:\/\/yoast.com\/wordpress\/plugins\/seo\/ -->\n<title>KMD A\/S - Cv<\/title>\n<meta name=\"robots\" content=\"index, follow, max-snippet:-1, max-image-preview:large, max-video-preview:-1\" \/>\n<link rel=\"canonical\" href=\"http:\/\/s-h.dk\/cv\/kmd-as\/\" \/>\n<meta property=\"og:locale\" content=\"da_DK\" \/>\n<meta property=\"og:type\" content=\"article\" \/>\n<meta property=\"og:title\" content=\"KMD A\/S - Cv\" \/>\n<meta property=\"og:description\" content=\"Mine opgaver hos KMD\u00a0 har delt sig over flere perioder og er som f\u00f8lger. Perioden 2005\/04 &#8211; 2005\/10 Indl\u00e6gge ny kode i B\u00f8rneydelse Systems til h\u00e5ndtering af Nemkonto Indl\u00e6gge ny kode i Underholds Bidrags Systems til h\u00e5ndtering af Nemkonto Test af Nemkonto i de 2 systemer Der var 2 medarbejder til af varetage B\u00f8rneydelse System &hellip; L\u00e6s videre KMD A\/S &rarr;\" \/>\n<meta property=\"og:url\" content=\"http:\/\/s-h.dk\/cv\/kmd-as\/\" \/>\n<meta property=\"og:site_name\" content=\"Cv\" \/>\n<meta property=\"article:modified_time\" content=\"2017-06-13T06:03:22+00:00\" \/>\n<meta name=\"twitter:label1\" content=\"Estimeret l\u00e6setid\" \/>\n\t<meta name=\"twitter:data1\" content=\"3 minutter\" \/>\n<script type=\"application\/ld+json\" class=\"yoast-schema-graph\">{\"@context\":\"https:\/\/schema.org\",\"@graph\":[{\"@type\":\"WebPage\",\"@id\":\"http:\/\/s-h.dk\/cv\/kmd-as\/\",\"url\":\"http:\/\/s-h.dk\/cv\/kmd-as\/\",\"name\":\"KMD A\/S - Cv\",\"isPartOf\":{\"@id\":\"https:\/\/s-h.dk\/cv\/#website\"},\"datePublished\":\"2014-01-09T08:49:16+00:00\",\"dateModified\":\"2017-06-13T06:03:22+00:00\",\"breadcrumb\":{\"@id\":\"http:\/\/s-h.dk\/cv\/kmd-as\/#breadcrumb\"},\"inLanguage\":\"da-DK\",\"potentialAction\":[{\"@type\":\"ReadAction\",\"target\":[\"http:\/\/s-h.dk\/cv\/kmd-as\/\"]}]},{\"@type\":\"BreadcrumbList\",\"@id\":\"http:\/\/s-h.dk\/cv\/kmd-as\/#breadcrumb\",\"itemListElement\":[{\"@type\":\"ListItem\",\"position\":1,\"name\":\"Hjem\",\"item\":\"https:\/\/s-h.dk\/cv\/\"},{\"@type\":\"ListItem\",\"position\":2,\"name\":\"KMD A\/S\"}]},{\"@type\":\"WebSite\",\"@id\":\"https:\/\/s-h.dk\/cv\/#website\",\"url\":\"https:\/\/s-h.dk\/cv\/\",\"name\":\"Cv\",\"description\":\"Svend-Henrik Berthelsen\",\"publisher\":{\"@id\":\"https:\/\/s-h.dk\/cv\/#\/schema\/person\/d1069187103bbc1b58c393674a1555d0\"},\"potentialAction\":[{\"@type\":\"SearchAction\",\"target\":{\"@type\":\"EntryPoint\",\"urlTemplate\":\"https:\/\/s-h.dk\/cv\/?s={search_term_string}\"},\"query-input\":\"required name=search_term_string\"}],\"inLanguage\":\"da-DK\"},{\"@type\":[\"Person\",\"Organization\"],\"@id\":\"https:\/\/s-h.dk\/cv\/#\/schema\/person\/d1069187103bbc1b58c393674a1555d0\",\"name\":\"shb\",\"image\":{\"@type\":\"ImageObject\",\"inLanguage\":\"da-DK\",\"@id\":\"https:\/\/s-h.dk\/cv\/#\/schema\/person\/image\/\",\"url\":\"http:\/\/0.gravatar.com\/avatar\/6b36c0dc5af3408f9ce5f6dcff103e4a?s=96&d=mm&r=g\",\"contentUrl\":\"http:\/\/0.gravatar.com\/avatar\/6b36c0dc5af3408f9ce5f6dcff103e4a?s=96&d=mm&r=g\",\"caption\":\"shb\"},\"logo\":{\"@id\":\"https:\/\/s-h.dk\/cv\/#\/schema\/person\/image\/\"}}]}<\/script>\n<!-- \/ Yoast SEO plugin. -->","yoast_head_json":{"title":"KMD A\/S - Cv","robots":{"index":"index","follow":"follow","max-snippet":"max-snippet:-1","max-image-preview":"max-image-preview:large","max-video-preview":"max-video-preview:-1"},"canonical":"http:\/\/s-h.dk\/cv\/kmd-as\/","og_locale":"da_DK","og_type":"article","og_title":"KMD A\/S - Cv","og_description":"Mine opgaver hos KMD\u00a0 har delt sig over flere perioder og er som f\u00f8lger. Perioden 2005\/04 &#8211; 2005\/10 Indl\u00e6gge ny kode i B\u00f8rneydelse Systems til h\u00e5ndtering af Nemkonto Indl\u00e6gge ny kode i Underholds Bidrags Systems til h\u00e5ndtering af Nemkonto Test af Nemkonto i de 2 systemer Der var 2 medarbejder til af varetage B\u00f8rneydelse System &hellip; L\u00e6s videre KMD A\/S &rarr;","og_url":"http:\/\/s-h.dk\/cv\/kmd-as\/","og_site_name":"Cv","article_modified_time":"2017-06-13T06:03:22+00:00","twitter_misc":{"Estimeret l\u00e6setid":"3 minutter"},"schema":{"@context":"https:\/\/schema.org","@graph":[{"@type":"WebPage","@id":"http:\/\/s-h.dk\/cv\/kmd-as\/","url":"http:\/\/s-h.dk\/cv\/kmd-as\/","name":"KMD A\/S - Cv","isPartOf":{"@id":"https:\/\/s-h.dk\/cv\/#website"},"datePublished":"2014-01-09T08:49:16+00:00","dateModified":"2017-06-13T06:03:22+00:00","breadcrumb":{"@id":"http:\/\/s-h.dk\/cv\/kmd-as\/#breadcrumb"},"inLanguage":"da-DK","potentialAction":[{"@type":"ReadAction","target":["http:\/\/s-h.dk\/cv\/kmd-as\/"]}]},{"@type":"BreadcrumbList","@id":"http:\/\/s-h.dk\/cv\/kmd-as\/#breadcrumb","itemListElement":[{"@type":"ListItem","position":1,"name":"Hjem","item":"https:\/\/s-h.dk\/cv\/"},{"@type":"ListItem","position":2,"name":"KMD A\/S"}]},{"@type":"WebSite","@id":"https:\/\/s-h.dk\/cv\/#website","url":"https:\/\/s-h.dk\/cv\/","name":"Cv","description":"Svend-Henrik Berthelsen","publisher":{"@id":"https:\/\/s-h.dk\/cv\/#\/schema\/person\/d1069187103bbc1b58c393674a1555d0"},"potentialAction":[{"@type":"SearchAction","target":{"@type":"EntryPoint","urlTemplate":"https:\/\/s-h.dk\/cv\/?s={search_term_string}"},"query-input":"required name=search_term_string"}],"inLanguage":"da-DK"},{"@type":["Person","Organization"],"@id":"https:\/\/s-h.dk\/cv\/#\/schema\/person\/d1069187103bbc1b58c393674a1555d0","name":"shb","image":{"@type":"ImageObject","inLanguage":"da-DK","@id":"https:\/\/s-h.dk\/cv\/#\/schema\/person\/image\/","url":"http:\/\/0.gravatar.com\/avatar\/6b36c0dc5af3408f9ce5f6dcff103e4a?s=96&d=mm&r=g","contentUrl":"http:\/\/0.gravatar.com\/avatar\/6b36c0dc5af3408f9ce5f6dcff103e4a?s=96&d=mm&r=g","caption":"shb"},"logo":{"@id":"https:\/\/s-h.dk\/cv\/#\/schema\/person\/image\/"}}]}},"_links":{"self":[{"href":"http:\/\/s-h.dk\/cv\/wp-json\/wp\/v2\/pages\/551"}],"collection":[{"href":"http:\/\/s-h.dk\/cv\/wp-json\/wp\/v2\/pages"}],"about":[{"href":"http:\/\/s-h.dk\/cv\/wp-json\/wp\/v2\/types\/page"}],"author":[{"embeddable":true,"href":"http:\/\/s-h.dk\/cv\/wp-json\/wp\/v2\/users\/1"}],"replies":[{"embeddable":true,"href":"http:\/\/s-h.dk\/cv\/wp-json\/wp\/v2\/comments?post=551"}],"version-history":[{"count":16,"href":"http:\/\/s-h.dk\/cv\/wp-json\/wp\/v2\/pages\/551\/revisions"}],"predecessor-version":[{"id":1509,"href":"http:\/\/s-h.dk\/cv\/wp-json\/wp\/v2\/pages\/551\/revisions\/1509"}],"wp:attachment":[{"href":"http:\/\/s-h.dk\/cv\/wp-json\/wp\/v2\/media?parent=551"}],"curies":[{"name":"wp","href":"https:\/\/api.w.org\/{rel}","templated":true}]}}