{"id":55,"date":"2013-12-30T10:49:40","date_gmt":"2013-12-30T10:49:40","guid":{"rendered":"http:\/\/s-h.dk\/cv\/?page_id=55"},"modified":"2014-01-21T08:01:43","modified_gmt":"2014-01-21T08:01:43","slug":"drift-operator","status":"publish","type":"page","link":"http:\/\/s-h.dk\/cv\/drift-operator\/","title":{"rendered":"Drift operat\u00f8r &#8211; Drift planl\u00e6gger"},"content":{"rendered":"<p>Som <strong>Drift operat\u00f8r<\/strong> har jeg arbejdet med\/for f\u00f8lgende<\/p>\n<ul>\n<li>Hos Texaco Danmark p\u00e5 et MVS system som driftoperat\u00f8r i ca 8 m\u00e5neder<\/li>\n<li>Brdr. Dahl i perioder som driftoperat\u00f8r \/ mentor for for ansat driftpersonale.<\/li>\n<\/ul>\n<p>Som <strong>Drift planl\u00e6gger<\/strong> er der f\u00f8lgende<\/p>\n<ul>\n<li>Hos Texaco Danmark<\/li>\n<li>Hos Brdr. Dahl<\/li>\n<\/ul>\n","protected":false},"excerpt":{"rendered":"<p>Som Drift operat\u00f8r har jeg arbejdet med\/for f\u00f8lgende Hos Texaco Danmark p\u00e5 et MVS system som driftoperat\u00f8r i ca 8 m\u00e5neder Brdr. Dahl i perioder som driftoperat\u00f8r \/ mentor for for ansat driftpersonale. Som Drift planl\u00e6gger er der f\u00f8lgende Hos Texaco Danmark Hos Brdr. Dahl<\/p>\n","protected":false},"author":1,"featured_media":0,"parent":0,"menu_order":0,"comment_status":"closed","ping_status":"open","template":"","meta":[],"yoast_head":"<!-- This site is optimized with the Yoast SEO plugin v21.0 - https:\/\/yoast.com\/wordpress\/plugins\/seo\/ -->\n<title>Drift operat\u00f8r - Drift planl\u00e6gger - Cv<\/title>\n<meta name=\"robots\" content=\"index, follow, max-snippet:-1, max-image-preview:large, max-video-preview:-1\" \/>\n<link rel=\"canonical\" href=\"https:\/\/s-h.dk\/cv\/drift-operator\/\" \/>\n<meta property=\"og:locale\" content=\"da_DK\" \/>\n<meta property=\"og:type\" content=\"article\" \/>\n<meta property=\"og:title\" content=\"Drift operat\u00f8r - Drift planl\u00e6gger - Cv\" \/>\n<meta property=\"og:description\" content=\"Som Drift operat\u00f8r har jeg arbejdet med\/for f\u00f8lgende Hos Texaco Danmark p\u00e5 et MVS system som driftoperat\u00f8r i ca 8 m\u00e5neder Brdr. Dahl i perioder som driftoperat\u00f8r \/ mentor for for ansat driftpersonale. Som Drift planl\u00e6gger er der f\u00f8lgende Hos Texaco Danmark Hos Brdr. Dahl\" \/>\n<meta property=\"og:url\" content=\"https:\/\/s-h.dk\/cv\/drift-operator\/\" \/>\n<meta property=\"og:site_name\" content=\"Cv\" \/>\n<meta property=\"article:modified_time\" content=\"2014-01-21T08:01:43+00:00\" \/>\n<script type=\"application\/ld+json\" class=\"yoast-schema-graph\">{\"@context\":\"https:\/\/schema.org\",\"@graph\":[{\"@type\":\"WebPage\",\"@id\":\"https:\/\/s-h.dk\/cv\/drift-operator\/\",\"url\":\"https:\/\/s-h.dk\/cv\/drift-operator\/\",\"name\":\"Drift operat\u00f8r - Drift planl\u00e6gger - Cv\",\"isPartOf\":{\"@id\":\"https:\/\/s-h.dk\/cv\/#website\"},\"datePublished\":\"2013-12-30T10:49:40+00:00\",\"dateModified\":\"2014-01-21T08:01:43+00:00\",\"breadcrumb\":{\"@id\":\"https:\/\/s-h.dk\/cv\/drift-operator\/#breadcrumb\"},\"inLanguage\":\"da-DK\",\"potentialAction\":[{\"@type\":\"ReadAction\",\"target\":[\"https:\/\/s-h.dk\/cv\/drift-operator\/\"]}]},{\"@type\":\"BreadcrumbList\",\"@id\":\"https:\/\/s-h.dk\/cv\/drift-operator\/#breadcrumb\",\"itemListElement\":[{\"@type\":\"ListItem\",\"position\":1,\"name\":\"Hjem\",\"item\":\"https:\/\/s-h.dk\/cv\/\"},{\"@type\":\"ListItem\",\"position\":2,\"name\":\"Drift operat\u00f8r &#8211; Drift planl\u00e6gger\"}]},{\"@type\":\"WebSite\",\"@id\":\"https:\/\/s-h.dk\/cv\/#website\",\"url\":\"https:\/\/s-h.dk\/cv\/\",\"name\":\"Cv\",\"description\":\"Svend-Henrik Berthelsen\",\"publisher\":{\"@id\":\"https:\/\/s-h.dk\/cv\/#\/schema\/person\/d1069187103bbc1b58c393674a1555d0\"},\"potentialAction\":[{\"@type\":\"SearchAction\",\"target\":{\"@type\":\"EntryPoint\",\"urlTemplate\":\"https:\/\/s-h.dk\/cv\/?s={search_term_string}\"},\"query-input\":\"required name=search_term_string\"}],\"inLanguage\":\"da-DK\"},{\"@type\":[\"Person\",\"Organization\"],\"@id\":\"https:\/\/s-h.dk\/cv\/#\/schema\/person\/d1069187103bbc1b58c393674a1555d0\",\"name\":\"shb\",\"image\":{\"@type\":\"ImageObject\",\"inLanguage\":\"da-DK\",\"@id\":\"https:\/\/s-h.dk\/cv\/#\/schema\/person\/image\/\",\"url\":\"http:\/\/0.gravatar.com\/avatar\/6b36c0dc5af3408f9ce5f6dcff103e4a?s=96&d=mm&r=g\",\"contentUrl\":\"http:\/\/0.gravatar.com\/avatar\/6b36c0dc5af3408f9ce5f6dcff103e4a?s=96&d=mm&r=g\",\"caption\":\"shb\"},\"logo\":{\"@id\":\"https:\/\/s-h.dk\/cv\/#\/schema\/person\/image\/\"}}]}<\/script>\n<!-- \/ Yoast SEO plugin. -->","yoast_head_json":{"title":"Drift operat\u00f8r - Drift planl\u00e6gger - Cv","robots":{"index":"index","follow":"follow","max-snippet":"max-snippet:-1","max-image-preview":"max-image-preview:large","max-video-preview":"max-video-preview:-1"},"canonical":"https:\/\/s-h.dk\/cv\/drift-operator\/","og_locale":"da_DK","og_type":"article","og_title":"Drift operat\u00f8r - Drift planl\u00e6gger - Cv","og_description":"Som Drift operat\u00f8r har jeg arbejdet med\/for f\u00f8lgende Hos Texaco Danmark p\u00e5 et MVS system som driftoperat\u00f8r i ca 8 m\u00e5neder Brdr. Dahl i perioder som driftoperat\u00f8r \/ mentor for for ansat driftpersonale. Som Drift planl\u00e6gger er der f\u00f8lgende Hos Texaco Danmark Hos Brdr. Dahl","og_url":"https:\/\/s-h.dk\/cv\/drift-operator\/","og_site_name":"Cv","article_modified_time":"2014-01-21T08:01:43+00:00","schema":{"@context":"https:\/\/schema.org","@graph":[{"@type":"WebPage","@id":"https:\/\/s-h.dk\/cv\/drift-operator\/","url":"https:\/\/s-h.dk\/cv\/drift-operator\/","name":"Drift operat\u00f8r - Drift planl\u00e6gger - Cv","isPartOf":{"@id":"https:\/\/s-h.dk\/cv\/#website"},"datePublished":"2013-12-30T10:49:40+00:00","dateModified":"2014-01-21T08:01:43+00:00","breadcrumb":{"@id":"https:\/\/s-h.dk\/cv\/drift-operator\/#breadcrumb"},"inLanguage":"da-DK","potentialAction":[{"@type":"ReadAction","target":["https:\/\/s-h.dk\/cv\/drift-operator\/"]}]},{"@type":"BreadcrumbList","@id":"https:\/\/s-h.dk\/cv\/drift-operator\/#breadcrumb","itemListElement":[{"@type":"ListItem","position":1,"name":"Hjem","item":"https:\/\/s-h.dk\/cv\/"},{"@type":"ListItem","position":2,"name":"Drift operat\u00f8r &#8211; Drift planl\u00e6gger"}]},{"@type":"WebSite","@id":"https:\/\/s-h.dk\/cv\/#website","url":"https:\/\/s-h.dk\/cv\/","name":"Cv","description":"Svend-Henrik Berthelsen","publisher":{"@id":"https:\/\/s-h.dk\/cv\/#\/schema\/person\/d1069187103bbc1b58c393674a1555d0"},"potentialAction":[{"@type":"SearchAction","target":{"@type":"EntryPoint","urlTemplate":"https:\/\/s-h.dk\/cv\/?s={search_term_string}"},"query-input":"required name=search_term_string"}],"inLanguage":"da-DK"},{"@type":["Person","Organization"],"@id":"https:\/\/s-h.dk\/cv\/#\/schema\/person\/d1069187103bbc1b58c393674a1555d0","name":"shb","image":{"@type":"ImageObject","inLanguage":"da-DK","@id":"https:\/\/s-h.dk\/cv\/#\/schema\/person\/image\/","url":"http:\/\/0.gravatar.com\/avatar\/6b36c0dc5af3408f9ce5f6dcff103e4a?s=96&d=mm&r=g","contentUrl":"http:\/\/0.gravatar.com\/avatar\/6b36c0dc5af3408f9ce5f6dcff103e4a?s=96&d=mm&r=g","caption":"shb"},"logo":{"@id":"https:\/\/s-h.dk\/cv\/#\/schema\/person\/image\/"}}]}},"_links":{"self":[{"href":"http:\/\/s-h.dk\/cv\/wp-json\/wp\/v2\/pages\/55"}],"collection":[{"href":"http:\/\/s-h.dk\/cv\/wp-json\/wp\/v2\/pages"}],"about":[{"href":"http:\/\/s-h.dk\/cv\/wp-json\/wp\/v2\/types\/page"}],"author":[{"embeddable":true,"href":"http:\/\/s-h.dk\/cv\/wp-json\/wp\/v2\/users\/1"}],"replies":[{"embeddable":true,"href":"http:\/\/s-h.dk\/cv\/wp-json\/wp\/v2\/comments?post=55"}],"version-history":[{"count":6,"href":"http:\/\/s-h.dk\/cv\/wp-json\/wp\/v2\/pages\/55\/revisions"}],"predecessor-version":[{"id":1250,"href":"http:\/\/s-h.dk\/cv\/wp-json\/wp\/v2\/pages\/55\/revisions\/1250"}],"wp:attachment":[{"href":"http:\/\/s-h.dk\/cv\/wp-json\/wp\/v2\/media?parent=55"}],"curies":[{"name":"wp","href":"https:\/\/api.w.org\/{rel}","templated":true}]}}