{"id":51,"date":"2013-12-30T10:49:11","date_gmt":"2013-12-30T10:49:11","guid":{"rendered":"http:\/\/s-h.dk\/cv\/?page_id=51"},"modified":"2014-01-21T07:59:00","modified_gmt":"2014-01-21T07:59:00","slug":"system-konstruktor","status":"publish","type":"page","link":"http:\/\/s-h.dk\/cv\/system-konstruktor\/","title":{"rendered":"System konstrukt\u00f8r"},"content":{"rendered":"<p>Inden for system konstruktion kan n\u00e6vnes<\/p>\n<ul>\n<li>Online Fakturerings system<\/li>\n<li>Automatiseret skift mellem IBM&#8217;s mainframe<\/li>\n<li>Software administration. Udvikling af programmer samt hvordan programmerne kontrolleret afleveres til produktions milj\u00f8.<\/li>\n<li>Administration af bruger adgang via Menuer p\u00e5 mainframe.<\/li>\n<li>Decentralt printstyrings system hvor bruger bestemmer hvilken printer der skal bruges<\/li>\n<li>Konverterings system til flytning af B\u00f8rneydelses data fra gammelt til ny system (blev afviklet over 2 \u00e5r)<\/li>\n<li>Brugerinterface til IBM&#8217;s internationale PTF system<\/li>\n<\/ul>\n","protected":false},"excerpt":{"rendered":"<p>Inden for system konstruktion kan n\u00e6vnes Online Fakturerings system Automatiseret skift mellem IBM&#8217;s mainframe Software administration. Udvikling af programmer samt hvordan programmerne kontrolleret afleveres til produktions milj\u00f8. Administration af bruger adgang via Menuer p\u00e5 mainframe. Decentralt printstyrings system hvor bruger bestemmer hvilken printer der skal bruges Konverterings system til flytning af B\u00f8rneydelses data fra gammelt &hellip; <a href=\"http:\/\/s-h.dk\/cv\/system-konstruktor\/\" class=\"more-link\">L\u00e6s videre <span class=\"screen-reader-text\">System konstrukt\u00f8r<\/span> <span class=\"meta-nav\">&rarr;<\/span><\/a><\/p>\n","protected":false},"author":1,"featured_media":0,"parent":0,"menu_order":0,"comment_status":"closed","ping_status":"open","template":"","meta":[],"yoast_head":"<!-- This site is optimized with the Yoast SEO plugin v21.0 - https:\/\/yoast.com\/wordpress\/plugins\/seo\/ -->\n<title>System konstrukt\u00f8r - Cv<\/title>\n<meta name=\"robots\" content=\"index, follow, max-snippet:-1, max-image-preview:large, max-video-preview:-1\" \/>\n<link rel=\"canonical\" href=\"http:\/\/s-h.dk\/cv\/system-konstruktor\/\" \/>\n<meta property=\"og:locale\" content=\"da_DK\" \/>\n<meta property=\"og:type\" content=\"article\" \/>\n<meta property=\"og:title\" content=\"System konstrukt\u00f8r - Cv\" \/>\n<meta property=\"og:description\" content=\"Inden for system konstruktion kan n\u00e6vnes Online Fakturerings system Automatiseret skift mellem IBM&#8217;s mainframe Software administration. Udvikling af programmer samt hvordan programmerne kontrolleret afleveres til produktions milj\u00f8. Administration af bruger adgang via Menuer p\u00e5 mainframe. Decentralt printstyrings system hvor bruger bestemmer hvilken printer der skal bruges Konverterings system til flytning af B\u00f8rneydelses data fra gammelt &hellip; L\u00e6s videre System konstrukt\u00f8r &rarr;\" \/>\n<meta property=\"og:url\" content=\"http:\/\/s-h.dk\/cv\/system-konstruktor\/\" \/>\n<meta property=\"og:site_name\" content=\"Cv\" \/>\n<meta property=\"article:modified_time\" content=\"2014-01-21T07:59:00+00:00\" \/>\n<script type=\"application\/ld+json\" class=\"yoast-schema-graph\">{\"@context\":\"https:\/\/schema.org\",\"@graph\":[{\"@type\":\"WebPage\",\"@id\":\"http:\/\/s-h.dk\/cv\/system-konstruktor\/\",\"url\":\"http:\/\/s-h.dk\/cv\/system-konstruktor\/\",\"name\":\"System konstrukt\u00f8r - Cv\",\"isPartOf\":{\"@id\":\"https:\/\/s-h.dk\/cv\/#website\"},\"datePublished\":\"2013-12-30T10:49:11+00:00\",\"dateModified\":\"2014-01-21T07:59:00+00:00\",\"breadcrumb\":{\"@id\":\"http:\/\/s-h.dk\/cv\/system-konstruktor\/#breadcrumb\"},\"inLanguage\":\"da-DK\",\"potentialAction\":[{\"@type\":\"ReadAction\",\"target\":[\"http:\/\/s-h.dk\/cv\/system-konstruktor\/\"]}]},{\"@type\":\"BreadcrumbList\",\"@id\":\"http:\/\/s-h.dk\/cv\/system-konstruktor\/#breadcrumb\",\"itemListElement\":[{\"@type\":\"ListItem\",\"position\":1,\"name\":\"Hjem\",\"item\":\"https:\/\/s-h.dk\/cv\/\"},{\"@type\":\"ListItem\",\"position\":2,\"name\":\"System konstrukt\u00f8r\"}]},{\"@type\":\"WebSite\",\"@id\":\"https:\/\/s-h.dk\/cv\/#website\",\"url\":\"https:\/\/s-h.dk\/cv\/\",\"name\":\"Cv\",\"description\":\"Svend-Henrik Berthelsen\",\"publisher\":{\"@id\":\"https:\/\/s-h.dk\/cv\/#\/schema\/person\/d1069187103bbc1b58c393674a1555d0\"},\"potentialAction\":[{\"@type\":\"SearchAction\",\"target\":{\"@type\":\"EntryPoint\",\"urlTemplate\":\"https:\/\/s-h.dk\/cv\/?s={search_term_string}\"},\"query-input\":\"required name=search_term_string\"}],\"inLanguage\":\"da-DK\"},{\"@type\":[\"Person\",\"Organization\"],\"@id\":\"https:\/\/s-h.dk\/cv\/#\/schema\/person\/d1069187103bbc1b58c393674a1555d0\",\"name\":\"shb\",\"image\":{\"@type\":\"ImageObject\",\"inLanguage\":\"da-DK\",\"@id\":\"https:\/\/s-h.dk\/cv\/#\/schema\/person\/image\/\",\"url\":\"http:\/\/0.gravatar.com\/avatar\/6b36c0dc5af3408f9ce5f6dcff103e4a?s=96&d=mm&r=g\",\"contentUrl\":\"http:\/\/0.gravatar.com\/avatar\/6b36c0dc5af3408f9ce5f6dcff103e4a?s=96&d=mm&r=g\",\"caption\":\"shb\"},\"logo\":{\"@id\":\"https:\/\/s-h.dk\/cv\/#\/schema\/person\/image\/\"}}]}<\/script>\n<!-- \/ Yoast SEO plugin. -->","yoast_head_json":{"title":"System konstrukt\u00f8r - Cv","robots":{"index":"index","follow":"follow","max-snippet":"max-snippet:-1","max-image-preview":"max-image-preview:large","max-video-preview":"max-video-preview:-1"},"canonical":"http:\/\/s-h.dk\/cv\/system-konstruktor\/","og_locale":"da_DK","og_type":"article","og_title":"System konstrukt\u00f8r - Cv","og_description":"Inden for system konstruktion kan n\u00e6vnes Online Fakturerings system Automatiseret skift mellem IBM&#8217;s mainframe Software administration. Udvikling af programmer samt hvordan programmerne kontrolleret afleveres til produktions milj\u00f8. Administration af bruger adgang via Menuer p\u00e5 mainframe. Decentralt printstyrings system hvor bruger bestemmer hvilken printer der skal bruges Konverterings system til flytning af B\u00f8rneydelses data fra gammelt &hellip; L\u00e6s videre System konstrukt\u00f8r &rarr;","og_url":"http:\/\/s-h.dk\/cv\/system-konstruktor\/","og_site_name":"Cv","article_modified_time":"2014-01-21T07:59:00+00:00","schema":{"@context":"https:\/\/schema.org","@graph":[{"@type":"WebPage","@id":"http:\/\/s-h.dk\/cv\/system-konstruktor\/","url":"http:\/\/s-h.dk\/cv\/system-konstruktor\/","name":"System konstrukt\u00f8r - Cv","isPartOf":{"@id":"https:\/\/s-h.dk\/cv\/#website"},"datePublished":"2013-12-30T10:49:11+00:00","dateModified":"2014-01-21T07:59:00+00:00","breadcrumb":{"@id":"http:\/\/s-h.dk\/cv\/system-konstruktor\/#breadcrumb"},"inLanguage":"da-DK","potentialAction":[{"@type":"ReadAction","target":["http:\/\/s-h.dk\/cv\/system-konstruktor\/"]}]},{"@type":"BreadcrumbList","@id":"http:\/\/s-h.dk\/cv\/system-konstruktor\/#breadcrumb","itemListElement":[{"@type":"ListItem","position":1,"name":"Hjem","item":"https:\/\/s-h.dk\/cv\/"},{"@type":"ListItem","position":2,"name":"System konstrukt\u00f8r"}]},{"@type":"WebSite","@id":"https:\/\/s-h.dk\/cv\/#website","url":"https:\/\/s-h.dk\/cv\/","name":"Cv","description":"Svend-Henrik Berthelsen","publisher":{"@id":"https:\/\/s-h.dk\/cv\/#\/schema\/person\/d1069187103bbc1b58c393674a1555d0"},"potentialAction":[{"@type":"SearchAction","target":{"@type":"EntryPoint","urlTemplate":"https:\/\/s-h.dk\/cv\/?s={search_term_string}"},"query-input":"required name=search_term_string"}],"inLanguage":"da-DK"},{"@type":["Person","Organization"],"@id":"https:\/\/s-h.dk\/cv\/#\/schema\/person\/d1069187103bbc1b58c393674a1555d0","name":"shb","image":{"@type":"ImageObject","inLanguage":"da-DK","@id":"https:\/\/s-h.dk\/cv\/#\/schema\/person\/image\/","url":"http:\/\/0.gravatar.com\/avatar\/6b36c0dc5af3408f9ce5f6dcff103e4a?s=96&d=mm&r=g","contentUrl":"http:\/\/0.gravatar.com\/avatar\/6b36c0dc5af3408f9ce5f6dcff103e4a?s=96&d=mm&r=g","caption":"shb"},"logo":{"@id":"https:\/\/s-h.dk\/cv\/#\/schema\/person\/image\/"}}]}},"_links":{"self":[{"href":"http:\/\/s-h.dk\/cv\/wp-json\/wp\/v2\/pages\/51"}],"collection":[{"href":"http:\/\/s-h.dk\/cv\/wp-json\/wp\/v2\/pages"}],"about":[{"href":"http:\/\/s-h.dk\/cv\/wp-json\/wp\/v2\/types\/page"}],"author":[{"embeddable":true,"href":"http:\/\/s-h.dk\/cv\/wp-json\/wp\/v2\/users\/1"}],"replies":[{"embeddable":true,"href":"http:\/\/s-h.dk\/cv\/wp-json\/wp\/v2\/comments?post=51"}],"version-history":[{"count":5,"href":"http:\/\/s-h.dk\/cv\/wp-json\/wp\/v2\/pages\/51\/revisions"}],"predecessor-version":[{"id":1248,"href":"http:\/\/s-h.dk\/cv\/wp-json\/wp\/v2\/pages\/51\/revisions\/1248"}],"wp:attachment":[{"href":"http:\/\/s-h.dk\/cv\/wp-json\/wp\/v2\/media?parent=51"}],"curies":[{"name":"wp","href":"https:\/\/api.w.org\/{rel}","templated":true}]}}