{"id":467,"date":"2014-01-08T09:29:10","date_gmt":"2014-01-08T09:29:10","guid":{"rendered":"http:\/\/s-h.dk\/cv\/?page_id=467"},"modified":"2014-01-17T08:27:17","modified_gmt":"2014-01-17T08:27:17","slug":"a7","status":"publish","type":"page","link":"http:\/\/s-h.dk\/cv\/a7\/","title":{"rendered":"BEC A\/S"},"content":{"rendered":"<p>Mine prim\u00e6r opgaver hos BEC var f\u00f8lgende.<\/p>\n<ol>\n<li>Designe og programmere nyt system til beregning af r\u00e5digheds bel\u00f8b for kunde med henblik p\u00e5 pensions opsparing (Letpension)<br \/>\nDenne kodning byggede p\u00e5 et BEC programgenererings moduler som lavede en skabelon for programmer hvorefter speciel kodning blev indlagt i koden.<br \/>\nBruger interfase var Java kode og alt blev afviklet under Cics med DB2 som access metode.<br \/>\nKoden i Cobol, Cics, DB2, Java interfase<\/li>\n<li>Mentor opgave. For at ensrette hvordan koden skulle v\u00e6re, blev jeg sendt til Polen i en uge for at undervise de polske udviklere, om hvordan programmer skulle struktureres.<\/li>\n<\/ol>\n<p>&nbsp;<\/p>\n<p>Opgave udf\u00f8rt som konsulent. Perioden 2008\/02 &#8211; 2008\/06<\/p>\n","protected":false},"excerpt":{"rendered":"<p>Mine prim\u00e6r opgaver hos BEC var f\u00f8lgende. Designe og programmere nyt system til beregning af r\u00e5digheds bel\u00f8b for kunde med henblik p\u00e5 pensions opsparing (Letpension) Denne kodning byggede p\u00e5 et BEC programgenererings moduler som lavede en skabelon for programmer hvorefter speciel kodning blev indlagt i koden. Bruger interfase var Java kode og alt blev afviklet &hellip; <a href=\"http:\/\/s-h.dk\/cv\/a7\/\" class=\"more-link\">L\u00e6s videre <span class=\"screen-reader-text\">BEC A\/S<\/span> <span class=\"meta-nav\">&rarr;<\/span><\/a><\/p>\n","protected":false},"author":1,"featured_media":0,"parent":0,"menu_order":0,"comment_status":"closed","ping_status":"open","template":"","meta":[],"yoast_head":"<!-- This site is optimized with the Yoast SEO plugin v21.0 - https:\/\/yoast.com\/wordpress\/plugins\/seo\/ -->\n<title>BEC A\/S - Cv<\/title>\n<meta name=\"robots\" content=\"index, follow, max-snippet:-1, max-image-preview:large, max-video-preview:-1\" \/>\n<link rel=\"canonical\" href=\"http:\/\/s-h.dk\/cv\/a7\/\" \/>\n<meta property=\"og:locale\" content=\"da_DK\" \/>\n<meta property=\"og:type\" content=\"article\" \/>\n<meta property=\"og:title\" content=\"BEC A\/S - Cv\" \/>\n<meta property=\"og:description\" content=\"Mine prim\u00e6r opgaver hos BEC var f\u00f8lgende. Designe og programmere nyt system til beregning af r\u00e5digheds bel\u00f8b for kunde med henblik p\u00e5 pensions opsparing (Letpension) Denne kodning byggede p\u00e5 et BEC programgenererings moduler som lavede en skabelon for programmer hvorefter speciel kodning blev indlagt i koden. Bruger interfase var Java kode og alt blev afviklet &hellip; L\u00e6s videre BEC A\/S &rarr;\" \/>\n<meta property=\"og:url\" content=\"http:\/\/s-h.dk\/cv\/a7\/\" \/>\n<meta property=\"og:site_name\" content=\"Cv\" \/>\n<meta property=\"article:modified_time\" content=\"2014-01-17T08:27:17+00:00\" \/>\n<meta name=\"twitter:label1\" content=\"Estimeret l\u00e6setid\" \/>\n\t<meta name=\"twitter:data1\" content=\"1 minut\" \/>\n<script type=\"application\/ld+json\" class=\"yoast-schema-graph\">{\"@context\":\"https:\/\/schema.org\",\"@graph\":[{\"@type\":\"WebPage\",\"@id\":\"http:\/\/s-h.dk\/cv\/a7\/\",\"url\":\"http:\/\/s-h.dk\/cv\/a7\/\",\"name\":\"BEC A\/S - Cv\",\"isPartOf\":{\"@id\":\"https:\/\/s-h.dk\/cv\/#website\"},\"datePublished\":\"2014-01-08T09:29:10+00:00\",\"dateModified\":\"2014-01-17T08:27:17+00:00\",\"breadcrumb\":{\"@id\":\"http:\/\/s-h.dk\/cv\/a7\/#breadcrumb\"},\"inLanguage\":\"da-DK\",\"potentialAction\":[{\"@type\":\"ReadAction\",\"target\":[\"http:\/\/s-h.dk\/cv\/a7\/\"]}]},{\"@type\":\"BreadcrumbList\",\"@id\":\"http:\/\/s-h.dk\/cv\/a7\/#breadcrumb\",\"itemListElement\":[{\"@type\":\"ListItem\",\"position\":1,\"name\":\"Hjem\",\"item\":\"https:\/\/s-h.dk\/cv\/\"},{\"@type\":\"ListItem\",\"position\":2,\"name\":\"BEC A\/S\"}]},{\"@type\":\"WebSite\",\"@id\":\"https:\/\/s-h.dk\/cv\/#website\",\"url\":\"https:\/\/s-h.dk\/cv\/\",\"name\":\"Cv\",\"description\":\"Svend-Henrik Berthelsen\",\"publisher\":{\"@id\":\"https:\/\/s-h.dk\/cv\/#\/schema\/person\/d1069187103bbc1b58c393674a1555d0\"},\"potentialAction\":[{\"@type\":\"SearchAction\",\"target\":{\"@type\":\"EntryPoint\",\"urlTemplate\":\"https:\/\/s-h.dk\/cv\/?s={search_term_string}\"},\"query-input\":\"required name=search_term_string\"}],\"inLanguage\":\"da-DK\"},{\"@type\":[\"Person\",\"Organization\"],\"@id\":\"https:\/\/s-h.dk\/cv\/#\/schema\/person\/d1069187103bbc1b58c393674a1555d0\",\"name\":\"shb\",\"image\":{\"@type\":\"ImageObject\",\"inLanguage\":\"da-DK\",\"@id\":\"https:\/\/s-h.dk\/cv\/#\/schema\/person\/image\/\",\"url\":\"http:\/\/0.gravatar.com\/avatar\/6b36c0dc5af3408f9ce5f6dcff103e4a?s=96&d=mm&r=g\",\"contentUrl\":\"http:\/\/0.gravatar.com\/avatar\/6b36c0dc5af3408f9ce5f6dcff103e4a?s=96&d=mm&r=g\",\"caption\":\"shb\"},\"logo\":{\"@id\":\"https:\/\/s-h.dk\/cv\/#\/schema\/person\/image\/\"}}]}<\/script>\n<!-- \/ Yoast SEO plugin. -->","yoast_head_json":{"title":"BEC A\/S - Cv","robots":{"index":"index","follow":"follow","max-snippet":"max-snippet:-1","max-image-preview":"max-image-preview:large","max-video-preview":"max-video-preview:-1"},"canonical":"http:\/\/s-h.dk\/cv\/a7\/","og_locale":"da_DK","og_type":"article","og_title":"BEC A\/S - Cv","og_description":"Mine prim\u00e6r opgaver hos BEC var f\u00f8lgende. Designe og programmere nyt system til beregning af r\u00e5digheds bel\u00f8b for kunde med henblik p\u00e5 pensions opsparing (Letpension) Denne kodning byggede p\u00e5 et BEC programgenererings moduler som lavede en skabelon for programmer hvorefter speciel kodning blev indlagt i koden. Bruger interfase var Java kode og alt blev afviklet &hellip; L\u00e6s videre BEC A\/S &rarr;","og_url":"http:\/\/s-h.dk\/cv\/a7\/","og_site_name":"Cv","article_modified_time":"2014-01-17T08:27:17+00:00","twitter_misc":{"Estimeret l\u00e6setid":"1 minut"},"schema":{"@context":"https:\/\/schema.org","@graph":[{"@type":"WebPage","@id":"http:\/\/s-h.dk\/cv\/a7\/","url":"http:\/\/s-h.dk\/cv\/a7\/","name":"BEC A\/S - Cv","isPartOf":{"@id":"https:\/\/s-h.dk\/cv\/#website"},"datePublished":"2014-01-08T09:29:10+00:00","dateModified":"2014-01-17T08:27:17+00:00","breadcrumb":{"@id":"http:\/\/s-h.dk\/cv\/a7\/#breadcrumb"},"inLanguage":"da-DK","potentialAction":[{"@type":"ReadAction","target":["http:\/\/s-h.dk\/cv\/a7\/"]}]},{"@type":"BreadcrumbList","@id":"http:\/\/s-h.dk\/cv\/a7\/#breadcrumb","itemListElement":[{"@type":"ListItem","position":1,"name":"Hjem","item":"https:\/\/s-h.dk\/cv\/"},{"@type":"ListItem","position":2,"name":"BEC A\/S"}]},{"@type":"WebSite","@id":"https:\/\/s-h.dk\/cv\/#website","url":"https:\/\/s-h.dk\/cv\/","name":"Cv","description":"Svend-Henrik Berthelsen","publisher":{"@id":"https:\/\/s-h.dk\/cv\/#\/schema\/person\/d1069187103bbc1b58c393674a1555d0"},"potentialAction":[{"@type":"SearchAction","target":{"@type":"EntryPoint","urlTemplate":"https:\/\/s-h.dk\/cv\/?s={search_term_string}"},"query-input":"required name=search_term_string"}],"inLanguage":"da-DK"},{"@type":["Person","Organization"],"@id":"https:\/\/s-h.dk\/cv\/#\/schema\/person\/d1069187103bbc1b58c393674a1555d0","name":"shb","image":{"@type":"ImageObject","inLanguage":"da-DK","@id":"https:\/\/s-h.dk\/cv\/#\/schema\/person\/image\/","url":"http:\/\/0.gravatar.com\/avatar\/6b36c0dc5af3408f9ce5f6dcff103e4a?s=96&d=mm&r=g","contentUrl":"http:\/\/0.gravatar.com\/avatar\/6b36c0dc5af3408f9ce5f6dcff103e4a?s=96&d=mm&r=g","caption":"shb"},"logo":{"@id":"https:\/\/s-h.dk\/cv\/#\/schema\/person\/image\/"}}]}},"_links":{"self":[{"href":"http:\/\/s-h.dk\/cv\/wp-json\/wp\/v2\/pages\/467"}],"collection":[{"href":"http:\/\/s-h.dk\/cv\/wp-json\/wp\/v2\/pages"}],"about":[{"href":"http:\/\/s-h.dk\/cv\/wp-json\/wp\/v2\/types\/page"}],"author":[{"embeddable":true,"href":"http:\/\/s-h.dk\/cv\/wp-json\/wp\/v2\/users\/1"}],"replies":[{"embeddable":true,"href":"http:\/\/s-h.dk\/cv\/wp-json\/wp\/v2\/comments?post=467"}],"version-history":[{"count":7,"href":"http:\/\/s-h.dk\/cv\/wp-json\/wp\/v2\/pages\/467\/revisions"}],"predecessor-version":[{"id":1125,"href":"http:\/\/s-h.dk\/cv\/wp-json\/wp\/v2\/pages\/467\/revisions\/1125"}],"wp:attachment":[{"href":"http:\/\/s-h.dk\/cv\/wp-json\/wp\/v2\/media?parent=467"}],"curies":[{"name":"wp","href":"https:\/\/api.w.org\/{rel}","templated":true}]}}