{"id":463,"date":"2014-01-08T09:28:58","date_gmt":"2014-01-08T09:28:58","guid":{"rendered":"http:\/\/s-h.dk\/cv\/?page_id=463"},"modified":"2014-01-21T10:19:54","modified_gmt":"2014-01-21T10:19:54","slug":"a5-2","status":"publish","type":"page","link":"http:\/\/s-h.dk\/cv\/a5-2\/","title":{"rendered":"Realkredit Danmark"},"content":{"rendered":"<p>Denne side omhandler mit arbejde for Real Kredit Danmark som blev udf\u00f8rt hos SDC som konsulent.<\/p>\n<ul>\n<li>Projektleder for infrastruktur (Maskiner og alt software) som skulle bruges ved BG Banks udflytning fra SDC til eget EDB center.<br \/>\nArbejdet bestod i at styrer hardware ressourcer som skulle v\u00e6re til r\u00e5dighed i nyt center, samt den tekniske flytning af alle de software produkter som BG bank skulle bruge for at forts\u00e6tte k\u00f8rsel p\u00e5 eget Edb systemer.<br \/>\nProjektet blev lukket 01-11-2000 da Danske Bank k\u00f8bte BG Bank og opgaven blev overgivet til et finans sektor projekt.<br \/>\n(Der var 7 projekt ledere i den totale projektgruppe)<\/li>\n<\/ul>\n<p>&nbsp;<\/p>\n<p>Opgave udf\u00f8rt som konsulent hyret af Real Kredit Danmark p\u00e5 vegne af BG bank<br \/>\nPeriode 2000\/06 &#8211; 2000\/11<\/p>\n","protected":false},"excerpt":{"rendered":"<p>Denne side omhandler mit arbejde for Real Kredit Danmark som blev udf\u00f8rt hos SDC som konsulent. Projektleder for infrastruktur (Maskiner og alt software) som skulle bruges ved BG Banks udflytning fra SDC til eget EDB center. Arbejdet bestod i at styrer hardware ressourcer som skulle v\u00e6re til r\u00e5dighed i nyt center, samt den tekniske flytning &hellip; <a href=\"http:\/\/s-h.dk\/cv\/a5-2\/\" class=\"more-link\">L\u00e6s videre <span class=\"screen-reader-text\">Realkredit Danmark<\/span> <span class=\"meta-nav\">&rarr;<\/span><\/a><\/p>\n","protected":false},"author":1,"featured_media":0,"parent":0,"menu_order":0,"comment_status":"closed","ping_status":"open","template":"","meta":[],"yoast_head":"<!-- This site is optimized with the Yoast SEO plugin v21.0 - https:\/\/yoast.com\/wordpress\/plugins\/seo\/ -->\n<title>Realkredit Danmark - Cv<\/title>\n<meta name=\"robots\" content=\"index, follow, max-snippet:-1, max-image-preview:large, max-video-preview:-1\" \/>\n<link rel=\"canonical\" href=\"http:\/\/s-h.dk\/cv\/a5-2\/\" \/>\n<meta property=\"og:locale\" content=\"da_DK\" \/>\n<meta property=\"og:type\" content=\"article\" \/>\n<meta property=\"og:title\" content=\"Realkredit Danmark - Cv\" \/>\n<meta property=\"og:description\" content=\"Denne side omhandler mit arbejde for Real Kredit Danmark som blev udf\u00f8rt hos SDC som konsulent. Projektleder for infrastruktur (Maskiner og alt software) som skulle bruges ved BG Banks udflytning fra SDC til eget EDB center. Arbejdet bestod i at styrer hardware ressourcer som skulle v\u00e6re til r\u00e5dighed i nyt center, samt den tekniske flytning &hellip; L\u00e6s videre Realkredit Danmark &rarr;\" \/>\n<meta property=\"og:url\" content=\"http:\/\/s-h.dk\/cv\/a5-2\/\" \/>\n<meta property=\"og:site_name\" content=\"Cv\" \/>\n<meta property=\"article:modified_time\" content=\"2014-01-21T10:19:54+00:00\" \/>\n<meta name=\"twitter:label1\" content=\"Estimeret l\u00e6setid\" \/>\n\t<meta name=\"twitter:data1\" content=\"1 minut\" \/>\n<script type=\"application\/ld+json\" class=\"yoast-schema-graph\">{\"@context\":\"https:\/\/schema.org\",\"@graph\":[{\"@type\":\"WebPage\",\"@id\":\"http:\/\/s-h.dk\/cv\/a5-2\/\",\"url\":\"http:\/\/s-h.dk\/cv\/a5-2\/\",\"name\":\"Realkredit Danmark - Cv\",\"isPartOf\":{\"@id\":\"https:\/\/s-h.dk\/cv\/#website\"},\"datePublished\":\"2014-01-08T09:28:58+00:00\",\"dateModified\":\"2014-01-21T10:19:54+00:00\",\"breadcrumb\":{\"@id\":\"http:\/\/s-h.dk\/cv\/a5-2\/#breadcrumb\"},\"inLanguage\":\"da-DK\",\"potentialAction\":[{\"@type\":\"ReadAction\",\"target\":[\"http:\/\/s-h.dk\/cv\/a5-2\/\"]}]},{\"@type\":\"BreadcrumbList\",\"@id\":\"http:\/\/s-h.dk\/cv\/a5-2\/#breadcrumb\",\"itemListElement\":[{\"@type\":\"ListItem\",\"position\":1,\"name\":\"Hjem\",\"item\":\"https:\/\/s-h.dk\/cv\/\"},{\"@type\":\"ListItem\",\"position\":2,\"name\":\"Realkredit Danmark\"}]},{\"@type\":\"WebSite\",\"@id\":\"https:\/\/s-h.dk\/cv\/#website\",\"url\":\"https:\/\/s-h.dk\/cv\/\",\"name\":\"Cv\",\"description\":\"Svend-Henrik Berthelsen\",\"publisher\":{\"@id\":\"https:\/\/s-h.dk\/cv\/#\/schema\/person\/d1069187103bbc1b58c393674a1555d0\"},\"potentialAction\":[{\"@type\":\"SearchAction\",\"target\":{\"@type\":\"EntryPoint\",\"urlTemplate\":\"https:\/\/s-h.dk\/cv\/?s={search_term_string}\"},\"query-input\":\"required name=search_term_string\"}],\"inLanguage\":\"da-DK\"},{\"@type\":[\"Person\",\"Organization\"],\"@id\":\"https:\/\/s-h.dk\/cv\/#\/schema\/person\/d1069187103bbc1b58c393674a1555d0\",\"name\":\"shb\",\"image\":{\"@type\":\"ImageObject\",\"inLanguage\":\"da-DK\",\"@id\":\"https:\/\/s-h.dk\/cv\/#\/schema\/person\/image\/\",\"url\":\"http:\/\/0.gravatar.com\/avatar\/6b36c0dc5af3408f9ce5f6dcff103e4a?s=96&d=mm&r=g\",\"contentUrl\":\"http:\/\/0.gravatar.com\/avatar\/6b36c0dc5af3408f9ce5f6dcff103e4a?s=96&d=mm&r=g\",\"caption\":\"shb\"},\"logo\":{\"@id\":\"https:\/\/s-h.dk\/cv\/#\/schema\/person\/image\/\"}}]}<\/script>\n<!-- \/ Yoast SEO plugin. -->","yoast_head_json":{"title":"Realkredit Danmark - Cv","robots":{"index":"index","follow":"follow","max-snippet":"max-snippet:-1","max-image-preview":"max-image-preview:large","max-video-preview":"max-video-preview:-1"},"canonical":"http:\/\/s-h.dk\/cv\/a5-2\/","og_locale":"da_DK","og_type":"article","og_title":"Realkredit Danmark - Cv","og_description":"Denne side omhandler mit arbejde for Real Kredit Danmark som blev udf\u00f8rt hos SDC som konsulent. Projektleder for infrastruktur (Maskiner og alt software) som skulle bruges ved BG Banks udflytning fra SDC til eget EDB center. Arbejdet bestod i at styrer hardware ressourcer som skulle v\u00e6re til r\u00e5dighed i nyt center, samt den tekniske flytning &hellip; L\u00e6s videre Realkredit Danmark &rarr;","og_url":"http:\/\/s-h.dk\/cv\/a5-2\/","og_site_name":"Cv","article_modified_time":"2014-01-21T10:19:54+00:00","twitter_misc":{"Estimeret l\u00e6setid":"1 minut"},"schema":{"@context":"https:\/\/schema.org","@graph":[{"@type":"WebPage","@id":"http:\/\/s-h.dk\/cv\/a5-2\/","url":"http:\/\/s-h.dk\/cv\/a5-2\/","name":"Realkredit Danmark - Cv","isPartOf":{"@id":"https:\/\/s-h.dk\/cv\/#website"},"datePublished":"2014-01-08T09:28:58+00:00","dateModified":"2014-01-21T10:19:54+00:00","breadcrumb":{"@id":"http:\/\/s-h.dk\/cv\/a5-2\/#breadcrumb"},"inLanguage":"da-DK","potentialAction":[{"@type":"ReadAction","target":["http:\/\/s-h.dk\/cv\/a5-2\/"]}]},{"@type":"BreadcrumbList","@id":"http:\/\/s-h.dk\/cv\/a5-2\/#breadcrumb","itemListElement":[{"@type":"ListItem","position":1,"name":"Hjem","item":"https:\/\/s-h.dk\/cv\/"},{"@type":"ListItem","position":2,"name":"Realkredit Danmark"}]},{"@type":"WebSite","@id":"https:\/\/s-h.dk\/cv\/#website","url":"https:\/\/s-h.dk\/cv\/","name":"Cv","description":"Svend-Henrik Berthelsen","publisher":{"@id":"https:\/\/s-h.dk\/cv\/#\/schema\/person\/d1069187103bbc1b58c393674a1555d0"},"potentialAction":[{"@type":"SearchAction","target":{"@type":"EntryPoint","urlTemplate":"https:\/\/s-h.dk\/cv\/?s={search_term_string}"},"query-input":"required name=search_term_string"}],"inLanguage":"da-DK"},{"@type":["Person","Organization"],"@id":"https:\/\/s-h.dk\/cv\/#\/schema\/person\/d1069187103bbc1b58c393674a1555d0","name":"shb","image":{"@type":"ImageObject","inLanguage":"da-DK","@id":"https:\/\/s-h.dk\/cv\/#\/schema\/person\/image\/","url":"http:\/\/0.gravatar.com\/avatar\/6b36c0dc5af3408f9ce5f6dcff103e4a?s=96&d=mm&r=g","contentUrl":"http:\/\/0.gravatar.com\/avatar\/6b36c0dc5af3408f9ce5f6dcff103e4a?s=96&d=mm&r=g","caption":"shb"},"logo":{"@id":"https:\/\/s-h.dk\/cv\/#\/schema\/person\/image\/"}}]}},"_links":{"self":[{"href":"http:\/\/s-h.dk\/cv\/wp-json\/wp\/v2\/pages\/463"}],"collection":[{"href":"http:\/\/s-h.dk\/cv\/wp-json\/wp\/v2\/pages"}],"about":[{"href":"http:\/\/s-h.dk\/cv\/wp-json\/wp\/v2\/types\/page"}],"author":[{"embeddable":true,"href":"http:\/\/s-h.dk\/cv\/wp-json\/wp\/v2\/users\/1"}],"replies":[{"embeddable":true,"href":"http:\/\/s-h.dk\/cv\/wp-json\/wp\/v2\/comments?post=463"}],"version-history":[{"count":10,"href":"http:\/\/s-h.dk\/cv\/wp-json\/wp\/v2\/pages\/463\/revisions"}],"predecessor-version":[{"id":1292,"href":"http:\/\/s-h.dk\/cv\/wp-json\/wp\/v2\/pages\/463\/revisions\/1292"}],"wp:attachment":[{"href":"http:\/\/s-h.dk\/cv\/wp-json\/wp\/v2\/media?parent=463"}],"curies":[{"name":"wp","href":"https:\/\/api.w.org\/{rel}","templated":true}]}}