{"id":409,"date":"2014-01-08T08:09:30","date_gmt":"2014-01-08T08:09:30","guid":{"rendered":"http:\/\/s-h.dk\/cv\/?page_id=409"},"modified":"2014-01-18T10:52:58","modified_gmt":"2014-01-18T10:52:58","slug":"texaco","status":"publish","type":"page","link":"http:\/\/s-h.dk\/cv\/texaco\/","title":{"rendered":"Texaco Danmark"},"content":{"rendered":"<p>Mine prim\u00e6re opgaver hos Texaco Danmark var f\u00f8lgende.<\/p>\n<ol>\n<li>Planl\u00e6gge og gennemf\u00f8re konverterer af Texaco&#8217;s DOS\/Vse til MVS<br \/>\nDette omhandlede b\u00e5de programmer og JCL<br \/>\nSpecielt Assembler programmer skulle omskrives med h\u00e5ndkraft<\/li>\n<li>Analyse af Texaco&#8217;s EDB programmer og frem finde de program source versioner der modsvarede de k\u00f8rende programmer.<\/li>\n<li>Ops\u00e6tte DPA (Dialog Program Administration) og overf\u00f8re alle program sourcer til dette system.<\/li>\n<li>Undervise programm\u00f8rer i TSO\/Ispf og JCL og DPA<\/li>\n<li>Undervise drift operat\u00f8rer i jobafvikling og drift siden af DPA<\/li>\n<li>Diverse systemprogrammerings assistance<\/li>\n<\/ol>\n<p>i 19xx besluttede Texaco Danmark af overflytte deres systemer fra MVS til AS\/400 system.<br \/>\nI den forbindelse forlod hele drift afdelingen Texaco, og SOS Data (Dvs. mig) overtog ansvaret for afvikling af Texaco&#8217;s daglige produktion p\u00e5 MVS systemet. Der blev ansat 3 drift operat\u00f8rer som m\u00e5tte uddannes til Texaco&#8217;s systemer. Jeg havde det overordnede drift ansvar i de 10 m\u00e5neder vi holdt installationen k\u00f8rende.<\/p>\n<p>&nbsp;<\/p>\n<p>Opgave udf\u00f8rt som konsulent. Perioden 1988\/12 til 1995\/11<\/p>\n","protected":false},"excerpt":{"rendered":"<p>Mine prim\u00e6re opgaver hos Texaco Danmark var f\u00f8lgende. Planl\u00e6gge og gennemf\u00f8re konverterer af Texaco&#8217;s DOS\/Vse til MVS Dette omhandlede b\u00e5de programmer og JCL Specielt Assembler programmer skulle omskrives med h\u00e5ndkraft Analyse af Texaco&#8217;s EDB programmer og frem finde de program source versioner der modsvarede de k\u00f8rende programmer. Ops\u00e6tte DPA (Dialog Program Administration) og overf\u00f8re alle &hellip; <a href=\"http:\/\/s-h.dk\/cv\/texaco\/\" class=\"more-link\">L\u00e6s videre <span class=\"screen-reader-text\">Texaco Danmark<\/span> <span class=\"meta-nav\">&rarr;<\/span><\/a><\/p>\n","protected":false},"author":1,"featured_media":0,"parent":0,"menu_order":0,"comment_status":"closed","ping_status":"open","template":"","meta":[],"yoast_head":"<!-- This site is optimized with the Yoast SEO plugin v21.0 - https:\/\/yoast.com\/wordpress\/plugins\/seo\/ -->\n<title>Texaco Danmark - Cv<\/title>\n<meta name=\"robots\" content=\"index, follow, max-snippet:-1, max-image-preview:large, max-video-preview:-1\" \/>\n<link rel=\"canonical\" href=\"http:\/\/s-h.dk\/cv\/texaco\/\" \/>\n<meta property=\"og:locale\" content=\"da_DK\" \/>\n<meta property=\"og:type\" content=\"article\" \/>\n<meta property=\"og:title\" content=\"Texaco Danmark - Cv\" \/>\n<meta property=\"og:description\" content=\"Mine prim\u00e6re opgaver hos Texaco Danmark var f\u00f8lgende. Planl\u00e6gge og gennemf\u00f8re konverterer af Texaco&#8217;s DOS\/Vse til MVS Dette omhandlede b\u00e5de programmer og JCL Specielt Assembler programmer skulle omskrives med h\u00e5ndkraft Analyse af Texaco&#8217;s EDB programmer og frem finde de program source versioner der modsvarede de k\u00f8rende programmer. Ops\u00e6tte DPA (Dialog Program Administration) og overf\u00f8re alle &hellip; L\u00e6s videre Texaco Danmark &rarr;\" \/>\n<meta property=\"og:url\" content=\"http:\/\/s-h.dk\/cv\/texaco\/\" \/>\n<meta property=\"og:site_name\" content=\"Cv\" \/>\n<meta property=\"article:modified_time\" content=\"2014-01-18T10:52:58+00:00\" \/>\n<meta name=\"twitter:label1\" content=\"Estimeret l\u00e6setid\" \/>\n\t<meta name=\"twitter:data1\" content=\"1 minut\" \/>\n<script type=\"application\/ld+json\" class=\"yoast-schema-graph\">{\"@context\":\"https:\/\/schema.org\",\"@graph\":[{\"@type\":\"WebPage\",\"@id\":\"http:\/\/s-h.dk\/cv\/texaco\/\",\"url\":\"http:\/\/s-h.dk\/cv\/texaco\/\",\"name\":\"Texaco Danmark - Cv\",\"isPartOf\":{\"@id\":\"https:\/\/s-h.dk\/cv\/#website\"},\"datePublished\":\"2014-01-08T08:09:30+00:00\",\"dateModified\":\"2014-01-18T10:52:58+00:00\",\"breadcrumb\":{\"@id\":\"http:\/\/s-h.dk\/cv\/texaco\/#breadcrumb\"},\"inLanguage\":\"da-DK\",\"potentialAction\":[{\"@type\":\"ReadAction\",\"target\":[\"http:\/\/s-h.dk\/cv\/texaco\/\"]}]},{\"@type\":\"BreadcrumbList\",\"@id\":\"http:\/\/s-h.dk\/cv\/texaco\/#breadcrumb\",\"itemListElement\":[{\"@type\":\"ListItem\",\"position\":1,\"name\":\"Hjem\",\"item\":\"https:\/\/s-h.dk\/cv\/\"},{\"@type\":\"ListItem\",\"position\":2,\"name\":\"Texaco Danmark\"}]},{\"@type\":\"WebSite\",\"@id\":\"https:\/\/s-h.dk\/cv\/#website\",\"url\":\"https:\/\/s-h.dk\/cv\/\",\"name\":\"Cv\",\"description\":\"Svend-Henrik Berthelsen\",\"publisher\":{\"@id\":\"https:\/\/s-h.dk\/cv\/#\/schema\/person\/d1069187103bbc1b58c393674a1555d0\"},\"potentialAction\":[{\"@type\":\"SearchAction\",\"target\":{\"@type\":\"EntryPoint\",\"urlTemplate\":\"https:\/\/s-h.dk\/cv\/?s={search_term_string}\"},\"query-input\":\"required name=search_term_string\"}],\"inLanguage\":\"da-DK\"},{\"@type\":[\"Person\",\"Organization\"],\"@id\":\"https:\/\/s-h.dk\/cv\/#\/schema\/person\/d1069187103bbc1b58c393674a1555d0\",\"name\":\"shb\",\"image\":{\"@type\":\"ImageObject\",\"inLanguage\":\"da-DK\",\"@id\":\"https:\/\/s-h.dk\/cv\/#\/schema\/person\/image\/\",\"url\":\"http:\/\/0.gravatar.com\/avatar\/6b36c0dc5af3408f9ce5f6dcff103e4a?s=96&d=mm&r=g\",\"contentUrl\":\"http:\/\/0.gravatar.com\/avatar\/6b36c0dc5af3408f9ce5f6dcff103e4a?s=96&d=mm&r=g\",\"caption\":\"shb\"},\"logo\":{\"@id\":\"https:\/\/s-h.dk\/cv\/#\/schema\/person\/image\/\"}}]}<\/script>\n<!-- \/ Yoast SEO plugin. -->","yoast_head_json":{"title":"Texaco Danmark - Cv","robots":{"index":"index","follow":"follow","max-snippet":"max-snippet:-1","max-image-preview":"max-image-preview:large","max-video-preview":"max-video-preview:-1"},"canonical":"http:\/\/s-h.dk\/cv\/texaco\/","og_locale":"da_DK","og_type":"article","og_title":"Texaco Danmark - Cv","og_description":"Mine prim\u00e6re opgaver hos Texaco Danmark var f\u00f8lgende. Planl\u00e6gge og gennemf\u00f8re konverterer af Texaco&#8217;s DOS\/Vse til MVS Dette omhandlede b\u00e5de programmer og JCL Specielt Assembler programmer skulle omskrives med h\u00e5ndkraft Analyse af Texaco&#8217;s EDB programmer og frem finde de program source versioner der modsvarede de k\u00f8rende programmer. Ops\u00e6tte DPA (Dialog Program Administration) og overf\u00f8re alle &hellip; L\u00e6s videre Texaco Danmark &rarr;","og_url":"http:\/\/s-h.dk\/cv\/texaco\/","og_site_name":"Cv","article_modified_time":"2014-01-18T10:52:58+00:00","twitter_misc":{"Estimeret l\u00e6setid":"1 minut"},"schema":{"@context":"https:\/\/schema.org","@graph":[{"@type":"WebPage","@id":"http:\/\/s-h.dk\/cv\/texaco\/","url":"http:\/\/s-h.dk\/cv\/texaco\/","name":"Texaco Danmark - Cv","isPartOf":{"@id":"https:\/\/s-h.dk\/cv\/#website"},"datePublished":"2014-01-08T08:09:30+00:00","dateModified":"2014-01-18T10:52:58+00:00","breadcrumb":{"@id":"http:\/\/s-h.dk\/cv\/texaco\/#breadcrumb"},"inLanguage":"da-DK","potentialAction":[{"@type":"ReadAction","target":["http:\/\/s-h.dk\/cv\/texaco\/"]}]},{"@type":"BreadcrumbList","@id":"http:\/\/s-h.dk\/cv\/texaco\/#breadcrumb","itemListElement":[{"@type":"ListItem","position":1,"name":"Hjem","item":"https:\/\/s-h.dk\/cv\/"},{"@type":"ListItem","position":2,"name":"Texaco Danmark"}]},{"@type":"WebSite","@id":"https:\/\/s-h.dk\/cv\/#website","url":"https:\/\/s-h.dk\/cv\/","name":"Cv","description":"Svend-Henrik Berthelsen","publisher":{"@id":"https:\/\/s-h.dk\/cv\/#\/schema\/person\/d1069187103bbc1b58c393674a1555d0"},"potentialAction":[{"@type":"SearchAction","target":{"@type":"EntryPoint","urlTemplate":"https:\/\/s-h.dk\/cv\/?s={search_term_string}"},"query-input":"required name=search_term_string"}],"inLanguage":"da-DK"},{"@type":["Person","Organization"],"@id":"https:\/\/s-h.dk\/cv\/#\/schema\/person\/d1069187103bbc1b58c393674a1555d0","name":"shb","image":{"@type":"ImageObject","inLanguage":"da-DK","@id":"https:\/\/s-h.dk\/cv\/#\/schema\/person\/image\/","url":"http:\/\/0.gravatar.com\/avatar\/6b36c0dc5af3408f9ce5f6dcff103e4a?s=96&d=mm&r=g","contentUrl":"http:\/\/0.gravatar.com\/avatar\/6b36c0dc5af3408f9ce5f6dcff103e4a?s=96&d=mm&r=g","caption":"shb"},"logo":{"@id":"https:\/\/s-h.dk\/cv\/#\/schema\/person\/image\/"}}]}},"_links":{"self":[{"href":"http:\/\/s-h.dk\/cv\/wp-json\/wp\/v2\/pages\/409"}],"collection":[{"href":"http:\/\/s-h.dk\/cv\/wp-json\/wp\/v2\/pages"}],"about":[{"href":"http:\/\/s-h.dk\/cv\/wp-json\/wp\/v2\/types\/page"}],"author":[{"embeddable":true,"href":"http:\/\/s-h.dk\/cv\/wp-json\/wp\/v2\/users\/1"}],"replies":[{"embeddable":true,"href":"http:\/\/s-h.dk\/cv\/wp-json\/wp\/v2\/comments?post=409"}],"version-history":[{"count":8,"href":"http:\/\/s-h.dk\/cv\/wp-json\/wp\/v2\/pages\/409\/revisions"}],"predecessor-version":[{"id":1190,"href":"http:\/\/s-h.dk\/cv\/wp-json\/wp\/v2\/pages\/409\/revisions\/1190"}],"wp:attachment":[{"href":"http:\/\/s-h.dk\/cv\/wp-json\/wp\/v2\/media?parent=409"}],"curies":[{"name":"wp","href":"https:\/\/api.w.org\/{rel}","templated":true}]}}