{"id":352,"date":"2014-01-07T11:21:59","date_gmt":"2014-01-07T11:21:59","guid":{"rendered":"http:\/\/s-h.dk\/cv\/?page_id=352"},"modified":"2014-01-21T08:57:28","modified_gmt":"2014-01-21T08:57:28","slug":"sdc-ansat","status":"publish","type":"page","link":"http:\/\/s-h.dk\/cv\/sdc-ansat\/","title":{"rendered":"SDC Ansat"},"content":{"rendered":"<p>Stillings betegnelsen var Systemprogramm\u00f8r med speciale Online systemer.<\/p>\n<p>Af v\u00e6sentlige opgaver kan n\u00e6vnes.<\/p>\n<ul>\n<li>Vedligeholdelse af SDC online system som var udviklet af IBM i Sverige i assembler og navnet var Cream. Systemet var udelukkende et foresp\u00f8rgsler og data opsamlings system.<\/li>\n<li>Udvikling af nye programmer til opsamling af data p\u00e5 disk med genstart muligheder.<\/li>\n<li>Uddannelse i frontend computer (Collins Radio system) som skulle modtage alle transaktioner fra alle sparekasser inden de blev behandlet af SDC mainframe.<\/li>\n<li>Deltage i udv\u00e6lgelse af TP2 maskiner og software (Nyt terminal system i filialerne)<\/li>\n<li>Uddannelse i IBM&#8217;s\u00a04300 system med Dos\/Vse styresystem for at kunne afvikle indl\u00e6sning af modtagne Check fra alle sparekasserne inden\u00a0 clearing kunne foretages.<\/li>\n<li>Deltage i evalueringen af hvilket nyt Online &#8211; Database system SDC skulle v\u00e6lge som fremtidens system. Jeg deltog i diverse kurser i Europa for at l\u00e6re hvad systemerne kunne pr\u00e6stere.<\/li>\n<li>Performans m\u00e5linger over hvordan SDC&#8217;s PL\/1 programmer var kodet og hvordan de kunne optimeres<\/li>\n<li>Involveret i planl\u00e6gning af og udf\u00f8relse af SDC flytning af Edb systemerne fra Meldalsgade til Laustrup parken. Opgaven afsluttet 1978.<\/li>\n<\/ul>\n<p>Efter SDC&#8217;s flytning til Ballerup opsagde jeg min stilling da transporten syntes uoverskuelig da jeg boede p\u00e5 Frederiksberg.<\/p>\n<p>Ans\u00e6ttelse hos SDC 1974\/12 &#8211; 1978\/06<\/p>\n","protected":false},"excerpt":{"rendered":"<p>Stillings betegnelsen var Systemprogramm\u00f8r med speciale Online systemer. Af v\u00e6sentlige opgaver kan n\u00e6vnes. Vedligeholdelse af SDC online system som var udviklet af IBM i Sverige i assembler og navnet var Cream. Systemet var udelukkende et foresp\u00f8rgsler og data opsamlings system. Udvikling af nye programmer til opsamling af data p\u00e5 disk med genstart muligheder. Uddannelse i &hellip; <a href=\"http:\/\/s-h.dk\/cv\/sdc-ansat\/\" class=\"more-link\">L\u00e6s videre <span class=\"screen-reader-text\">SDC Ansat<\/span> <span class=\"meta-nav\">&rarr;<\/span><\/a><\/p>\n","protected":false},"author":1,"featured_media":0,"parent":0,"menu_order":0,"comment_status":"closed","ping_status":"open","template":"","meta":[],"yoast_head":"<!-- This site is optimized with the Yoast SEO plugin v21.0 - https:\/\/yoast.com\/wordpress\/plugins\/seo\/ -->\n<title>SDC Ansat - Cv<\/title>\n<meta name=\"robots\" content=\"index, follow, max-snippet:-1, max-image-preview:large, max-video-preview:-1\" \/>\n<link rel=\"canonical\" href=\"http:\/\/s-h.dk\/cv\/sdc-ansat\/\" \/>\n<meta property=\"og:locale\" content=\"da_DK\" \/>\n<meta property=\"og:type\" content=\"article\" \/>\n<meta property=\"og:title\" content=\"SDC Ansat - Cv\" \/>\n<meta property=\"og:description\" content=\"Stillings betegnelsen var Systemprogramm\u00f8r med speciale Online systemer. Af v\u00e6sentlige opgaver kan n\u00e6vnes. Vedligeholdelse af SDC online system som var udviklet af IBM i Sverige i assembler og navnet var Cream. Systemet var udelukkende et foresp\u00f8rgsler og data opsamlings system. Udvikling af nye programmer til opsamling af data p\u00e5 disk med genstart muligheder. Uddannelse i &hellip; L\u00e6s videre SDC Ansat &rarr;\" \/>\n<meta property=\"og:url\" content=\"http:\/\/s-h.dk\/cv\/sdc-ansat\/\" \/>\n<meta property=\"og:site_name\" content=\"Cv\" \/>\n<meta property=\"article:modified_time\" content=\"2014-01-21T08:57:28+00:00\" \/>\n<meta name=\"twitter:label1\" content=\"Estimeret l\u00e6setid\" \/>\n\t<meta name=\"twitter:data1\" content=\"1 minut\" \/>\n<script type=\"application\/ld+json\" class=\"yoast-schema-graph\">{\"@context\":\"https:\/\/schema.org\",\"@graph\":[{\"@type\":\"WebPage\",\"@id\":\"http:\/\/s-h.dk\/cv\/sdc-ansat\/\",\"url\":\"http:\/\/s-h.dk\/cv\/sdc-ansat\/\",\"name\":\"SDC Ansat - Cv\",\"isPartOf\":{\"@id\":\"https:\/\/s-h.dk\/cv\/#website\"},\"datePublished\":\"2014-01-07T11:21:59+00:00\",\"dateModified\":\"2014-01-21T08:57:28+00:00\",\"breadcrumb\":{\"@id\":\"http:\/\/s-h.dk\/cv\/sdc-ansat\/#breadcrumb\"},\"inLanguage\":\"da-DK\",\"potentialAction\":[{\"@type\":\"ReadAction\",\"target\":[\"http:\/\/s-h.dk\/cv\/sdc-ansat\/\"]}]},{\"@type\":\"BreadcrumbList\",\"@id\":\"http:\/\/s-h.dk\/cv\/sdc-ansat\/#breadcrumb\",\"itemListElement\":[{\"@type\":\"ListItem\",\"position\":1,\"name\":\"Hjem\",\"item\":\"https:\/\/s-h.dk\/cv\/\"},{\"@type\":\"ListItem\",\"position\":2,\"name\":\"SDC Ansat\"}]},{\"@type\":\"WebSite\",\"@id\":\"https:\/\/s-h.dk\/cv\/#website\",\"url\":\"https:\/\/s-h.dk\/cv\/\",\"name\":\"Cv\",\"description\":\"Svend-Henrik Berthelsen\",\"publisher\":{\"@id\":\"https:\/\/s-h.dk\/cv\/#\/schema\/person\/d1069187103bbc1b58c393674a1555d0\"},\"potentialAction\":[{\"@type\":\"SearchAction\",\"target\":{\"@type\":\"EntryPoint\",\"urlTemplate\":\"https:\/\/s-h.dk\/cv\/?s={search_term_string}\"},\"query-input\":\"required name=search_term_string\"}],\"inLanguage\":\"da-DK\"},{\"@type\":[\"Person\",\"Organization\"],\"@id\":\"https:\/\/s-h.dk\/cv\/#\/schema\/person\/d1069187103bbc1b58c393674a1555d0\",\"name\":\"shb\",\"image\":{\"@type\":\"ImageObject\",\"inLanguage\":\"da-DK\",\"@id\":\"https:\/\/s-h.dk\/cv\/#\/schema\/person\/image\/\",\"url\":\"http:\/\/0.gravatar.com\/avatar\/6b36c0dc5af3408f9ce5f6dcff103e4a?s=96&d=mm&r=g\",\"contentUrl\":\"http:\/\/0.gravatar.com\/avatar\/6b36c0dc5af3408f9ce5f6dcff103e4a?s=96&d=mm&r=g\",\"caption\":\"shb\"},\"logo\":{\"@id\":\"https:\/\/s-h.dk\/cv\/#\/schema\/person\/image\/\"}}]}<\/script>\n<!-- \/ Yoast SEO plugin. -->","yoast_head_json":{"title":"SDC Ansat - Cv","robots":{"index":"index","follow":"follow","max-snippet":"max-snippet:-1","max-image-preview":"max-image-preview:large","max-video-preview":"max-video-preview:-1"},"canonical":"http:\/\/s-h.dk\/cv\/sdc-ansat\/","og_locale":"da_DK","og_type":"article","og_title":"SDC Ansat - Cv","og_description":"Stillings betegnelsen var Systemprogramm\u00f8r med speciale Online systemer. Af v\u00e6sentlige opgaver kan n\u00e6vnes. Vedligeholdelse af SDC online system som var udviklet af IBM i Sverige i assembler og navnet var Cream. Systemet var udelukkende et foresp\u00f8rgsler og data opsamlings system. Udvikling af nye programmer til opsamling af data p\u00e5 disk med genstart muligheder. Uddannelse i &hellip; L\u00e6s videre SDC Ansat &rarr;","og_url":"http:\/\/s-h.dk\/cv\/sdc-ansat\/","og_site_name":"Cv","article_modified_time":"2014-01-21T08:57:28+00:00","twitter_misc":{"Estimeret l\u00e6setid":"1 minut"},"schema":{"@context":"https:\/\/schema.org","@graph":[{"@type":"WebPage","@id":"http:\/\/s-h.dk\/cv\/sdc-ansat\/","url":"http:\/\/s-h.dk\/cv\/sdc-ansat\/","name":"SDC Ansat - Cv","isPartOf":{"@id":"https:\/\/s-h.dk\/cv\/#website"},"datePublished":"2014-01-07T11:21:59+00:00","dateModified":"2014-01-21T08:57:28+00:00","breadcrumb":{"@id":"http:\/\/s-h.dk\/cv\/sdc-ansat\/#breadcrumb"},"inLanguage":"da-DK","potentialAction":[{"@type":"ReadAction","target":["http:\/\/s-h.dk\/cv\/sdc-ansat\/"]}]},{"@type":"BreadcrumbList","@id":"http:\/\/s-h.dk\/cv\/sdc-ansat\/#breadcrumb","itemListElement":[{"@type":"ListItem","position":1,"name":"Hjem","item":"https:\/\/s-h.dk\/cv\/"},{"@type":"ListItem","position":2,"name":"SDC Ansat"}]},{"@type":"WebSite","@id":"https:\/\/s-h.dk\/cv\/#website","url":"https:\/\/s-h.dk\/cv\/","name":"Cv","description":"Svend-Henrik Berthelsen","publisher":{"@id":"https:\/\/s-h.dk\/cv\/#\/schema\/person\/d1069187103bbc1b58c393674a1555d0"},"potentialAction":[{"@type":"SearchAction","target":{"@type":"EntryPoint","urlTemplate":"https:\/\/s-h.dk\/cv\/?s={search_term_string}"},"query-input":"required name=search_term_string"}],"inLanguage":"da-DK"},{"@type":["Person","Organization"],"@id":"https:\/\/s-h.dk\/cv\/#\/schema\/person\/d1069187103bbc1b58c393674a1555d0","name":"shb","image":{"@type":"ImageObject","inLanguage":"da-DK","@id":"https:\/\/s-h.dk\/cv\/#\/schema\/person\/image\/","url":"http:\/\/0.gravatar.com\/avatar\/6b36c0dc5af3408f9ce5f6dcff103e4a?s=96&d=mm&r=g","contentUrl":"http:\/\/0.gravatar.com\/avatar\/6b36c0dc5af3408f9ce5f6dcff103e4a?s=96&d=mm&r=g","caption":"shb"},"logo":{"@id":"https:\/\/s-h.dk\/cv\/#\/schema\/person\/image\/"}}]}},"_links":{"self":[{"href":"http:\/\/s-h.dk\/cv\/wp-json\/wp\/v2\/pages\/352"}],"collection":[{"href":"http:\/\/s-h.dk\/cv\/wp-json\/wp\/v2\/pages"}],"about":[{"href":"http:\/\/s-h.dk\/cv\/wp-json\/wp\/v2\/types\/page"}],"author":[{"embeddable":true,"href":"http:\/\/s-h.dk\/cv\/wp-json\/wp\/v2\/users\/1"}],"replies":[{"embeddable":true,"href":"http:\/\/s-h.dk\/cv\/wp-json\/wp\/v2\/comments?post=352"}],"version-history":[{"count":6,"href":"http:\/\/s-h.dk\/cv\/wp-json\/wp\/v2\/pages\/352\/revisions"}],"predecessor-version":[{"id":1264,"href":"http:\/\/s-h.dk\/cv\/wp-json\/wp\/v2\/pages\/352\/revisions\/1264"}],"wp:attachment":[{"href":"http:\/\/s-h.dk\/cv\/wp-json\/wp\/v2\/media?parent=352"}],"curies":[{"name":"wp","href":"https:\/\/api.w.org\/{rel}","templated":true}]}}