{"id":251,"date":"2014-01-05T11:19:46","date_gmt":"2014-01-05T11:19:46","guid":{"rendered":"http:\/\/s-h.dk\/cv\/?page_id=251"},"modified":"2023-02-27T10:31:12","modified_gmt":"2023-02-27T09:31:12","slug":"andre-hjemmesider","status":"publish","type":"page","link":"http:\/\/s-h.dk\/cv\/andre-hjemmesider\/","title":{"rendered":"Andre Hjemmesider"},"content":{"rendered":"<p>Ud over denne hjemmeside er der nedenst\u00e5ende hjemmesider som jeg ogs\u00e5 er ophavsmand til.<\/p>\n<p>En hjemmeside som beskriver det kursus jeg var p\u00e5 i HTML \u2013 CSS. Det var min projektopgave som udm\u00f8ntede sig i denne l\u00f8sning. I dag bruger jeg hjemmesiden som opslagsv\u00e6rk, n\u00e5r jeg er i tvivl om formater og funktioner. Hjemmesiden er kodet i ren Html kode.<\/p>\n<p>Klik p\u00e5 link: <a href=\"http:\/\/html-css.dk\">http:\/\/html-css.dk\u00a0 <\/a>som beskriver kodning af HTML og skrevet i HTML &#8211; Css kode<br \/>\nKlik p\u00e5 Link: <a href=\"http:\/\/s-h.dk\/\">http:\/\/s-h.dk\/<\/a> for Svend-Henriks sports aktiviteter lavet i WordPress<br \/>\nKlik p\u00e5 Link <a href=\"http:\/\/svend-henrik.dk\">http:\/\/svend-henrik.dk<\/a> for hjemmeside over Svend-Henriks Cv<br \/>\nKlik p\u00e5 Link <a href=\"http:\/\/shsb.dk\">http:\/shsb.dk\/<\/a> for hjemmeside over golf aktiviteter i K\u00f8ge \/ Pro-Am<\/p>\n","protected":false},"excerpt":{"rendered":"<p>Ud over denne hjemmeside er der nedenst\u00e5ende hjemmesider som jeg ogs\u00e5 er ophavsmand til. En hjemmeside som beskriver det kursus jeg var p\u00e5 i HTML \u2013 CSS. Det var min projektopgave som udm\u00f8ntede sig i denne l\u00f8sning. I dag bruger jeg hjemmesiden som opslagsv\u00e6rk, n\u00e5r jeg er i tvivl om formater og funktioner. Hjemmesiden er &hellip; <a href=\"http:\/\/s-h.dk\/cv\/andre-hjemmesider\/\" class=\"more-link\">L\u00e6s videre <span class=\"screen-reader-text\">Andre Hjemmesider<\/span> <span class=\"meta-nav\">&rarr;<\/span><\/a><\/p>\n","protected":false},"author":1,"featured_media":0,"parent":0,"menu_order":0,"comment_status":"closed","ping_status":"open","template":"","meta":[],"yoast_head":"<!-- This site is optimized with the Yoast SEO plugin v21.0 - https:\/\/yoast.com\/wordpress\/plugins\/seo\/ -->\n<title>Andre Hjemmesider - Cv<\/title>\n<meta name=\"robots\" content=\"index, follow, max-snippet:-1, max-image-preview:large, max-video-preview:-1\" \/>\n<link rel=\"canonical\" href=\"https:\/\/s-h.dk\/cv\/andre-hjemmesider\/\" \/>\n<meta property=\"og:locale\" content=\"da_DK\" \/>\n<meta property=\"og:type\" content=\"article\" \/>\n<meta property=\"og:title\" content=\"Andre Hjemmesider - Cv\" \/>\n<meta property=\"og:description\" content=\"Ud over denne hjemmeside er der nedenst\u00e5ende hjemmesider som jeg ogs\u00e5 er ophavsmand til. En hjemmeside som beskriver det kursus jeg var p\u00e5 i HTML \u2013 CSS. Det var min projektopgave som udm\u00f8ntede sig i denne l\u00f8sning. I dag bruger jeg hjemmesiden som opslagsv\u00e6rk, n\u00e5r jeg er i tvivl om formater og funktioner. Hjemmesiden er &hellip; L\u00e6s videre Andre Hjemmesider &rarr;\" \/>\n<meta property=\"og:url\" content=\"https:\/\/s-h.dk\/cv\/andre-hjemmesider\/\" \/>\n<meta property=\"og:site_name\" content=\"Cv\" \/>\n<meta property=\"article:modified_time\" content=\"2023-02-27T09:31:12+00:00\" \/>\n<meta name=\"twitter:label1\" content=\"Estimeret l\u00e6setid\" \/>\n\t<meta name=\"twitter:data1\" content=\"1 minut\" \/>\n<script type=\"application\/ld+json\" class=\"yoast-schema-graph\">{\"@context\":\"https:\/\/schema.org\",\"@graph\":[{\"@type\":\"WebPage\",\"@id\":\"https:\/\/s-h.dk\/cv\/andre-hjemmesider\/\",\"url\":\"https:\/\/s-h.dk\/cv\/andre-hjemmesider\/\",\"name\":\"Andre Hjemmesider - Cv\",\"isPartOf\":{\"@id\":\"https:\/\/s-h.dk\/cv\/#website\"},\"datePublished\":\"2014-01-05T11:19:46+00:00\",\"dateModified\":\"2023-02-27T09:31:12+00:00\",\"breadcrumb\":{\"@id\":\"https:\/\/s-h.dk\/cv\/andre-hjemmesider\/#breadcrumb\"},\"inLanguage\":\"da-DK\",\"potentialAction\":[{\"@type\":\"ReadAction\",\"target\":[\"https:\/\/s-h.dk\/cv\/andre-hjemmesider\/\"]}]},{\"@type\":\"BreadcrumbList\",\"@id\":\"https:\/\/s-h.dk\/cv\/andre-hjemmesider\/#breadcrumb\",\"itemListElement\":[{\"@type\":\"ListItem\",\"position\":1,\"name\":\"Hjem\",\"item\":\"https:\/\/s-h.dk\/cv\/\"},{\"@type\":\"ListItem\",\"position\":2,\"name\":\"Andre Hjemmesider\"}]},{\"@type\":\"WebSite\",\"@id\":\"https:\/\/s-h.dk\/cv\/#website\",\"url\":\"https:\/\/s-h.dk\/cv\/\",\"name\":\"Cv\",\"description\":\"Svend-Henrik Berthelsen\",\"publisher\":{\"@id\":\"https:\/\/s-h.dk\/cv\/#\/schema\/person\/d1069187103bbc1b58c393674a1555d0\"},\"potentialAction\":[{\"@type\":\"SearchAction\",\"target\":{\"@type\":\"EntryPoint\",\"urlTemplate\":\"https:\/\/s-h.dk\/cv\/?s={search_term_string}\"},\"query-input\":\"required name=search_term_string\"}],\"inLanguage\":\"da-DK\"},{\"@type\":[\"Person\",\"Organization\"],\"@id\":\"https:\/\/s-h.dk\/cv\/#\/schema\/person\/d1069187103bbc1b58c393674a1555d0\",\"name\":\"shb\",\"image\":{\"@type\":\"ImageObject\",\"inLanguage\":\"da-DK\",\"@id\":\"https:\/\/s-h.dk\/cv\/#\/schema\/person\/image\/\",\"url\":\"http:\/\/0.gravatar.com\/avatar\/6b36c0dc5af3408f9ce5f6dcff103e4a?s=96&d=mm&r=g\",\"contentUrl\":\"http:\/\/0.gravatar.com\/avatar\/6b36c0dc5af3408f9ce5f6dcff103e4a?s=96&d=mm&r=g\",\"caption\":\"shb\"},\"logo\":{\"@id\":\"https:\/\/s-h.dk\/cv\/#\/schema\/person\/image\/\"}}]}<\/script>\n<!-- \/ Yoast SEO plugin. -->","yoast_head_json":{"title":"Andre Hjemmesider - Cv","robots":{"index":"index","follow":"follow","max-snippet":"max-snippet:-1","max-image-preview":"max-image-preview:large","max-video-preview":"max-video-preview:-1"},"canonical":"https:\/\/s-h.dk\/cv\/andre-hjemmesider\/","og_locale":"da_DK","og_type":"article","og_title":"Andre Hjemmesider - Cv","og_description":"Ud over denne hjemmeside er der nedenst\u00e5ende hjemmesider som jeg ogs\u00e5 er ophavsmand til. En hjemmeside som beskriver det kursus jeg var p\u00e5 i HTML \u2013 CSS. Det var min projektopgave som udm\u00f8ntede sig i denne l\u00f8sning. I dag bruger jeg hjemmesiden som opslagsv\u00e6rk, n\u00e5r jeg er i tvivl om formater og funktioner. Hjemmesiden er &hellip; L\u00e6s videre Andre Hjemmesider &rarr;","og_url":"https:\/\/s-h.dk\/cv\/andre-hjemmesider\/","og_site_name":"Cv","article_modified_time":"2023-02-27T09:31:12+00:00","twitter_misc":{"Estimeret l\u00e6setid":"1 minut"},"schema":{"@context":"https:\/\/schema.org","@graph":[{"@type":"WebPage","@id":"https:\/\/s-h.dk\/cv\/andre-hjemmesider\/","url":"https:\/\/s-h.dk\/cv\/andre-hjemmesider\/","name":"Andre Hjemmesider - Cv","isPartOf":{"@id":"https:\/\/s-h.dk\/cv\/#website"},"datePublished":"2014-01-05T11:19:46+00:00","dateModified":"2023-02-27T09:31:12+00:00","breadcrumb":{"@id":"https:\/\/s-h.dk\/cv\/andre-hjemmesider\/#breadcrumb"},"inLanguage":"da-DK","potentialAction":[{"@type":"ReadAction","target":["https:\/\/s-h.dk\/cv\/andre-hjemmesider\/"]}]},{"@type":"BreadcrumbList","@id":"https:\/\/s-h.dk\/cv\/andre-hjemmesider\/#breadcrumb","itemListElement":[{"@type":"ListItem","position":1,"name":"Hjem","item":"https:\/\/s-h.dk\/cv\/"},{"@type":"ListItem","position":2,"name":"Andre Hjemmesider"}]},{"@type":"WebSite","@id":"https:\/\/s-h.dk\/cv\/#website","url":"https:\/\/s-h.dk\/cv\/","name":"Cv","description":"Svend-Henrik Berthelsen","publisher":{"@id":"https:\/\/s-h.dk\/cv\/#\/schema\/person\/d1069187103bbc1b58c393674a1555d0"},"potentialAction":[{"@type":"SearchAction","target":{"@type":"EntryPoint","urlTemplate":"https:\/\/s-h.dk\/cv\/?s={search_term_string}"},"query-input":"required name=search_term_string"}],"inLanguage":"da-DK"},{"@type":["Person","Organization"],"@id":"https:\/\/s-h.dk\/cv\/#\/schema\/person\/d1069187103bbc1b58c393674a1555d0","name":"shb","image":{"@type":"ImageObject","inLanguage":"da-DK","@id":"https:\/\/s-h.dk\/cv\/#\/schema\/person\/image\/","url":"http:\/\/0.gravatar.com\/avatar\/6b36c0dc5af3408f9ce5f6dcff103e4a?s=96&d=mm&r=g","contentUrl":"http:\/\/0.gravatar.com\/avatar\/6b36c0dc5af3408f9ce5f6dcff103e4a?s=96&d=mm&r=g","caption":"shb"},"logo":{"@id":"https:\/\/s-h.dk\/cv\/#\/schema\/person\/image\/"}}]}},"_links":{"self":[{"href":"http:\/\/s-h.dk\/cv\/wp-json\/wp\/v2\/pages\/251"}],"collection":[{"href":"http:\/\/s-h.dk\/cv\/wp-json\/wp\/v2\/pages"}],"about":[{"href":"http:\/\/s-h.dk\/cv\/wp-json\/wp\/v2\/types\/page"}],"author":[{"embeddable":true,"href":"http:\/\/s-h.dk\/cv\/wp-json\/wp\/v2\/users\/1"}],"replies":[{"embeddable":true,"href":"http:\/\/s-h.dk\/cv\/wp-json\/wp\/v2\/comments?post=251"}],"version-history":[{"count":7,"href":"http:\/\/s-h.dk\/cv\/wp-json\/wp\/v2\/pages\/251\/revisions"}],"predecessor-version":[{"id":1563,"href":"http:\/\/s-h.dk\/cv\/wp-json\/wp\/v2\/pages\/251\/revisions\/1563"}],"wp:attachment":[{"href":"http:\/\/s-h.dk\/cv\/wp-json\/wp\/v2\/media?parent=251"}],"curies":[{"name":"wp","href":"https:\/\/api.w.org\/{rel}","templated":true}]}}