{"id":203,"date":"2014-01-02T09:32:01","date_gmt":"2014-01-02T09:32:01","guid":{"rendered":"http:\/\/s-h.dk\/cv\/?page_id=203"},"modified":"2017-06-13T07:40:05","modified_gmt":"2017-06-13T06:40:05","slug":"andet-arbejde","status":"publish","type":"page","link":"http:\/\/s-h.dk\/cv\/andet-arbejde\/","title":{"rendered":"Andet Arbejde"},"content":{"rendered":"<p>Dette afsnit er indholdet arbejde som ikke er IT relateret.<\/p>\n<ul>\n<li>Lagerstyring og ekspedition fra lager 11m\u00e5neder (<span style=\"color: #993300;\"><strong>Imtex<\/strong><\/span>)<\/li>\n<li>I en periode udf\u00f8rte jeg vikar arbejde i et vikar bureau ( <a title=\"Personale B\u00f8rsen\" href=\"http:\/\/s-h.dk\/cv\/?page_id=947\"><strong>Personale B\u00f8rsen<\/strong><\/a> )<br \/>\n3 dage med test af og <strong>pakning af elektroniske printkort<\/strong> ( <a title=\"Xponcard\" href=\"http:\/\/s-h.dk\/cv\/?page_id=1039\"><strong>XponCard<\/strong><\/a> )<br \/>\n6 m\u00e5neder som <strong>lager arbejdes mand<\/strong> p\u00e5 H&amp;M&#8217;s hovedlager i Greve (<a title=\"H&amp;M\" href=\"http:\/\/s-h.dk\/cv\/?page_id=959\"><strong> H&amp;M<\/strong><\/a> )<br \/>\n1 uge til <strong>indpakning af designer vare<\/strong> p\u00e5 Gubi&#8217;s\u00a0 lager i T\u00e5astrp ( <a title=\"Gubi Design M\u00f8bler\" href=\"http:\/\/s-h.dk\/cv\/?page_id=1035\"><strong>Design M\u00f8bler <\/strong><\/a>)<br \/>\n1 uge som <strong>diverse assistance<\/strong> ved opbygning af designer udstilling i valby (<a title=\"Gubi\" href=\"http:\/\/s-h.dk\/cv\/?page_id=1031\"><strong> Gubi<\/strong><\/a> )<br \/>\n2 dage med indpakning af julegaver til Supergros&#8217;s ansatte ( <a title=\"Super Gros\" href=\"http:\/\/s-h.dk\/cv\/?page_id=1033\"><strong>SuperGros<\/strong><\/a> )<br \/>\n1uger som <strong>ansvarlig for kantine<\/strong> hos\u00a0Exxon i Lyngby ( <a title=\"Exxon\" href=\"http:\/\/s-h.dk\/cv\/?page_id=955\"><strong>Exxon<\/strong><\/a> )<br \/>\n(Anretning af morgenmad og frokost)<\/li>\n<li>I min ungdom arbejde i k\u00f8bm\u00e6nds &#8211; cigar forretninger &#8211; postv\u00e6snet<br \/>\n<strong>Indk\u00f8ber<\/strong><br \/>\n<strong>Ekspedient<br \/>\nPostbud<br \/>\n<\/strong><\/li>\n<\/ul>\n","protected":false},"excerpt":{"rendered":"<p>Dette afsnit er indholdet arbejde som ikke er IT relateret. Lagerstyring og ekspedition fra lager 11m\u00e5neder (Imtex) I en periode udf\u00f8rte jeg vikar arbejde i et vikar bureau ( Personale B\u00f8rsen ) 3 dage med test af og pakning af elektroniske printkort ( XponCard ) 6 m\u00e5neder som lager arbejdes mand p\u00e5 H&amp;M&#8217;s hovedlager i &hellip; <a href=\"http:\/\/s-h.dk\/cv\/andet-arbejde\/\" class=\"more-link\">L\u00e6s videre <span class=\"screen-reader-text\">Andet Arbejde<\/span> <span class=\"meta-nav\">&rarr;<\/span><\/a><\/p>\n","protected":false},"author":1,"featured_media":0,"parent":0,"menu_order":0,"comment_status":"closed","ping_status":"open","template":"","meta":[],"yoast_head":"<!-- This site is optimized with the Yoast SEO plugin v21.0 - https:\/\/yoast.com\/wordpress\/plugins\/seo\/ -->\n<title>Andet Arbejde - Cv<\/title>\n<meta name=\"robots\" content=\"index, follow, max-snippet:-1, max-image-preview:large, max-video-preview:-1\" \/>\n<link rel=\"canonical\" href=\"https:\/\/s-h.dk\/cv\/andet-arbejde\/\" \/>\n<meta property=\"og:locale\" content=\"da_DK\" \/>\n<meta property=\"og:type\" content=\"article\" \/>\n<meta property=\"og:title\" content=\"Andet Arbejde - Cv\" \/>\n<meta property=\"og:description\" content=\"Dette afsnit er indholdet arbejde som ikke er IT relateret. Lagerstyring og ekspedition fra lager 11m\u00e5neder (Imtex) I en periode udf\u00f8rte jeg vikar arbejde i et vikar bureau ( Personale B\u00f8rsen ) 3 dage med test af og pakning af elektroniske printkort ( XponCard ) 6 m\u00e5neder som lager arbejdes mand p\u00e5 H&amp;M&#8217;s hovedlager i &hellip; L\u00e6s videre Andet Arbejde &rarr;\" \/>\n<meta property=\"og:url\" content=\"https:\/\/s-h.dk\/cv\/andet-arbejde\/\" \/>\n<meta property=\"og:site_name\" content=\"Cv\" \/>\n<meta property=\"article:modified_time\" content=\"2017-06-13T06:40:05+00:00\" \/>\n<meta name=\"twitter:label1\" content=\"Estimeret l\u00e6setid\" \/>\n\t<meta name=\"twitter:data1\" content=\"1 minut\" \/>\n<script type=\"application\/ld+json\" class=\"yoast-schema-graph\">{\"@context\":\"https:\/\/schema.org\",\"@graph\":[{\"@type\":\"WebPage\",\"@id\":\"https:\/\/s-h.dk\/cv\/andet-arbejde\/\",\"url\":\"https:\/\/s-h.dk\/cv\/andet-arbejde\/\",\"name\":\"Andet Arbejde - Cv\",\"isPartOf\":{\"@id\":\"http:\/\/s-h.dk\/cv\/#website\"},\"datePublished\":\"2014-01-02T09:32:01+00:00\",\"dateModified\":\"2017-06-13T06:40:05+00:00\",\"breadcrumb\":{\"@id\":\"https:\/\/s-h.dk\/cv\/andet-arbejde\/#breadcrumb\"},\"inLanguage\":\"da-DK\",\"potentialAction\":[{\"@type\":\"ReadAction\",\"target\":[\"https:\/\/s-h.dk\/cv\/andet-arbejde\/\"]}]},{\"@type\":\"BreadcrumbList\",\"@id\":\"https:\/\/s-h.dk\/cv\/andet-arbejde\/#breadcrumb\",\"itemListElement\":[{\"@type\":\"ListItem\",\"position\":1,\"name\":\"Hjem\",\"item\":\"http:\/\/s-h.dk\/cv\/\"},{\"@type\":\"ListItem\",\"position\":2,\"name\":\"Andet Arbejde\"}]},{\"@type\":\"WebSite\",\"@id\":\"http:\/\/s-h.dk\/cv\/#website\",\"url\":\"http:\/\/s-h.dk\/cv\/\",\"name\":\"Cv\",\"description\":\"Svend-Henrik Berthelsen\",\"publisher\":{\"@id\":\"http:\/\/s-h.dk\/cv\/#\/schema\/person\/d1069187103bbc1b58c393674a1555d0\"},\"potentialAction\":[{\"@type\":\"SearchAction\",\"target\":{\"@type\":\"EntryPoint\",\"urlTemplate\":\"http:\/\/s-h.dk\/cv\/?s={search_term_string}\"},\"query-input\":\"required name=search_term_string\"}],\"inLanguage\":\"da-DK\"},{\"@type\":[\"Person\",\"Organization\"],\"@id\":\"http:\/\/s-h.dk\/cv\/#\/schema\/person\/d1069187103bbc1b58c393674a1555d0\",\"name\":\"shb\",\"image\":{\"@type\":\"ImageObject\",\"inLanguage\":\"da-DK\",\"@id\":\"http:\/\/s-h.dk\/cv\/#\/schema\/person\/image\/\",\"url\":\"http:\/\/0.gravatar.com\/avatar\/6b36c0dc5af3408f9ce5f6dcff103e4a?s=96&d=mm&r=g\",\"contentUrl\":\"http:\/\/0.gravatar.com\/avatar\/6b36c0dc5af3408f9ce5f6dcff103e4a?s=96&d=mm&r=g\",\"caption\":\"shb\"},\"logo\":{\"@id\":\"http:\/\/s-h.dk\/cv\/#\/schema\/person\/image\/\"}}]}<\/script>\n<!-- \/ Yoast SEO plugin. -->","yoast_head_json":{"title":"Andet Arbejde - Cv","robots":{"index":"index","follow":"follow","max-snippet":"max-snippet:-1","max-image-preview":"max-image-preview:large","max-video-preview":"max-video-preview:-1"},"canonical":"https:\/\/s-h.dk\/cv\/andet-arbejde\/","og_locale":"da_DK","og_type":"article","og_title":"Andet Arbejde - Cv","og_description":"Dette afsnit er indholdet arbejde som ikke er IT relateret. Lagerstyring og ekspedition fra lager 11m\u00e5neder (Imtex) I en periode udf\u00f8rte jeg vikar arbejde i et vikar bureau ( Personale B\u00f8rsen ) 3 dage med test af og pakning af elektroniske printkort ( XponCard ) 6 m\u00e5neder som lager arbejdes mand p\u00e5 H&amp;M&#8217;s hovedlager i &hellip; L\u00e6s videre Andet Arbejde &rarr;","og_url":"https:\/\/s-h.dk\/cv\/andet-arbejde\/","og_site_name":"Cv","article_modified_time":"2017-06-13T06:40:05+00:00","twitter_misc":{"Estimeret l\u00e6setid":"1 minut"},"schema":{"@context":"https:\/\/schema.org","@graph":[{"@type":"WebPage","@id":"https:\/\/s-h.dk\/cv\/andet-arbejde\/","url":"https:\/\/s-h.dk\/cv\/andet-arbejde\/","name":"Andet Arbejde - Cv","isPartOf":{"@id":"http:\/\/s-h.dk\/cv\/#website"},"datePublished":"2014-01-02T09:32:01+00:00","dateModified":"2017-06-13T06:40:05+00:00","breadcrumb":{"@id":"https:\/\/s-h.dk\/cv\/andet-arbejde\/#breadcrumb"},"inLanguage":"da-DK","potentialAction":[{"@type":"ReadAction","target":["https:\/\/s-h.dk\/cv\/andet-arbejde\/"]}]},{"@type":"BreadcrumbList","@id":"https:\/\/s-h.dk\/cv\/andet-arbejde\/#breadcrumb","itemListElement":[{"@type":"ListItem","position":1,"name":"Hjem","item":"http:\/\/s-h.dk\/cv\/"},{"@type":"ListItem","position":2,"name":"Andet Arbejde"}]},{"@type":"WebSite","@id":"http:\/\/s-h.dk\/cv\/#website","url":"http:\/\/s-h.dk\/cv\/","name":"Cv","description":"Svend-Henrik Berthelsen","publisher":{"@id":"http:\/\/s-h.dk\/cv\/#\/schema\/person\/d1069187103bbc1b58c393674a1555d0"},"potentialAction":[{"@type":"SearchAction","target":{"@type":"EntryPoint","urlTemplate":"http:\/\/s-h.dk\/cv\/?s={search_term_string}"},"query-input":"required name=search_term_string"}],"inLanguage":"da-DK"},{"@type":["Person","Organization"],"@id":"http:\/\/s-h.dk\/cv\/#\/schema\/person\/d1069187103bbc1b58c393674a1555d0","name":"shb","image":{"@type":"ImageObject","inLanguage":"da-DK","@id":"http:\/\/s-h.dk\/cv\/#\/schema\/person\/image\/","url":"http:\/\/0.gravatar.com\/avatar\/6b36c0dc5af3408f9ce5f6dcff103e4a?s=96&d=mm&r=g","contentUrl":"http:\/\/0.gravatar.com\/avatar\/6b36c0dc5af3408f9ce5f6dcff103e4a?s=96&d=mm&r=g","caption":"shb"},"logo":{"@id":"http:\/\/s-h.dk\/cv\/#\/schema\/person\/image\/"}}]}},"_links":{"self":[{"href":"http:\/\/s-h.dk\/cv\/wp-json\/wp\/v2\/pages\/203"}],"collection":[{"href":"http:\/\/s-h.dk\/cv\/wp-json\/wp\/v2\/pages"}],"about":[{"href":"http:\/\/s-h.dk\/cv\/wp-json\/wp\/v2\/types\/page"}],"author":[{"embeddable":true,"href":"http:\/\/s-h.dk\/cv\/wp-json\/wp\/v2\/users\/1"}],"replies":[{"embeddable":true,"href":"http:\/\/s-h.dk\/cv\/wp-json\/wp\/v2\/comments?post=203"}],"version-history":[{"count":9,"href":"http:\/\/s-h.dk\/cv\/wp-json\/wp\/v2\/pages\/203\/revisions"}],"predecessor-version":[{"id":1512,"href":"http:\/\/s-h.dk\/cv\/wp-json\/wp\/v2\/pages\/203\/revisions\/1512"}],"wp:attachment":[{"href":"http:\/\/s-h.dk\/cv\/wp-json\/wp\/v2\/media?parent=203"}],"curies":[{"name":"wp","href":"https:\/\/api.w.org\/{rel}","templated":true}]}}