{"id":151,"date":"2014-01-02T08:13:23","date_gmt":"2014-01-02T08:13:23","guid":{"rendered":"http:\/\/s-h.dk\/cv\/?page_id=151"},"modified":"2014-01-21T09:27:36","modified_gmt":"2014-01-21T09:27:36","slug":"spufi","status":"publish","type":"page","link":"http:\/\/s-h.dk\/cv\/spufi\/","title":{"rendered":"Spufi"},"content":{"rendered":"<p><strong>Spufi<\/strong> er en m\u00e5de at afvikle DB2 SQL p\u00e5. Det bruges prim\u00e6rt p\u00e5 mainframe.<\/p>\n<p>Jeg har brugt Spufi til f\u00f8lgende opgaver.<\/p>\n<ul>\n<li>Select af r\u00e6kker i DB2 databaser<\/li>\n<li>Inset r\u00e6kker i DB2 databaser<\/li>\n<li>Delete r\u00e6kker i DB2 databaser<\/li>\n<li>Bind planer til DB2 databaser<\/li>\n<li>Create databaser<\/li>\n<li>Create synonyms i DB2<\/li>\n<li>Create testdata gentagne gange<\/li>\n<\/ul>\n<p>Ovenst\u00e5ende sprog har jeg brugt i mere end 20 \u00e5r.<\/p>\n<p>I dag findes der flere produkter som er mere smarte end Spufi.<\/p>\n<ul>\n<li>DB2ADM<\/li>\n<li>DB2edit<\/li>\n<li>og andre<\/li>\n<\/ul>\n<p>&nbsp;<\/p>\n","protected":false},"excerpt":{"rendered":"<p>Spufi er en m\u00e5de at afvikle DB2 SQL p\u00e5. Det bruges prim\u00e6rt p\u00e5 mainframe. Jeg har brugt Spufi til f\u00f8lgende opgaver. Select af r\u00e6kker i DB2 databaser Inset r\u00e6kker i DB2 databaser Delete r\u00e6kker i DB2 databaser Bind planer til DB2 databaser Create databaser Create synonyms i DB2 Create testdata gentagne gange Ovenst\u00e5ende sprog har &hellip; <a href=\"http:\/\/s-h.dk\/cv\/spufi\/\" class=\"more-link\">L\u00e6s videre <span class=\"screen-reader-text\">Spufi<\/span> <span class=\"meta-nav\">&rarr;<\/span><\/a><\/p>\n","protected":false},"author":1,"featured_media":0,"parent":0,"menu_order":0,"comment_status":"closed","ping_status":"open","template":"","meta":[],"yoast_head":"<!-- This site is optimized with the Yoast SEO plugin v21.0 - https:\/\/yoast.com\/wordpress\/plugins\/seo\/ -->\n<title>Spufi - Cv<\/title>\n<meta name=\"robots\" content=\"index, follow, max-snippet:-1, max-image-preview:large, max-video-preview:-1\" \/>\n<link rel=\"canonical\" href=\"http:\/\/s-h.dk\/cv\/spufi\/\" \/>\n<meta property=\"og:locale\" content=\"da_DK\" \/>\n<meta property=\"og:type\" content=\"article\" \/>\n<meta property=\"og:title\" content=\"Spufi - Cv\" \/>\n<meta property=\"og:description\" content=\"Spufi er en m\u00e5de at afvikle DB2 SQL p\u00e5. Det bruges prim\u00e6rt p\u00e5 mainframe. Jeg har brugt Spufi til f\u00f8lgende opgaver. Select af r\u00e6kker i DB2 databaser Inset r\u00e6kker i DB2 databaser Delete r\u00e6kker i DB2 databaser Bind planer til DB2 databaser Create databaser Create synonyms i DB2 Create testdata gentagne gange Ovenst\u00e5ende sprog har &hellip; L\u00e6s videre Spufi &rarr;\" \/>\n<meta property=\"og:url\" content=\"http:\/\/s-h.dk\/cv\/spufi\/\" \/>\n<meta property=\"og:site_name\" content=\"Cv\" \/>\n<meta property=\"article:modified_time\" content=\"2014-01-21T09:27:36+00:00\" \/>\n<script type=\"application\/ld+json\" class=\"yoast-schema-graph\">{\"@context\":\"https:\/\/schema.org\",\"@graph\":[{\"@type\":\"WebPage\",\"@id\":\"http:\/\/s-h.dk\/cv\/spufi\/\",\"url\":\"http:\/\/s-h.dk\/cv\/spufi\/\",\"name\":\"Spufi - Cv\",\"isPartOf\":{\"@id\":\"https:\/\/s-h.dk\/cv\/#website\"},\"datePublished\":\"2014-01-02T08:13:23+00:00\",\"dateModified\":\"2014-01-21T09:27:36+00:00\",\"breadcrumb\":{\"@id\":\"http:\/\/s-h.dk\/cv\/spufi\/#breadcrumb\"},\"inLanguage\":\"da-DK\",\"potentialAction\":[{\"@type\":\"ReadAction\",\"target\":[\"http:\/\/s-h.dk\/cv\/spufi\/\"]}]},{\"@type\":\"BreadcrumbList\",\"@id\":\"http:\/\/s-h.dk\/cv\/spufi\/#breadcrumb\",\"itemListElement\":[{\"@type\":\"ListItem\",\"position\":1,\"name\":\"Hjem\",\"item\":\"https:\/\/s-h.dk\/cv\/\"},{\"@type\":\"ListItem\",\"position\":2,\"name\":\"Spufi\"}]},{\"@type\":\"WebSite\",\"@id\":\"https:\/\/s-h.dk\/cv\/#website\",\"url\":\"https:\/\/s-h.dk\/cv\/\",\"name\":\"Cv\",\"description\":\"Svend-Henrik Berthelsen\",\"publisher\":{\"@id\":\"https:\/\/s-h.dk\/cv\/#\/schema\/person\/d1069187103bbc1b58c393674a1555d0\"},\"potentialAction\":[{\"@type\":\"SearchAction\",\"target\":{\"@type\":\"EntryPoint\",\"urlTemplate\":\"https:\/\/s-h.dk\/cv\/?s={search_term_string}\"},\"query-input\":\"required name=search_term_string\"}],\"inLanguage\":\"da-DK\"},{\"@type\":[\"Person\",\"Organization\"],\"@id\":\"https:\/\/s-h.dk\/cv\/#\/schema\/person\/d1069187103bbc1b58c393674a1555d0\",\"name\":\"shb\",\"image\":{\"@type\":\"ImageObject\",\"inLanguage\":\"da-DK\",\"@id\":\"https:\/\/s-h.dk\/cv\/#\/schema\/person\/image\/\",\"url\":\"http:\/\/0.gravatar.com\/avatar\/6b36c0dc5af3408f9ce5f6dcff103e4a?s=96&d=mm&r=g\",\"contentUrl\":\"http:\/\/0.gravatar.com\/avatar\/6b36c0dc5af3408f9ce5f6dcff103e4a?s=96&d=mm&r=g\",\"caption\":\"shb\"},\"logo\":{\"@id\":\"https:\/\/s-h.dk\/cv\/#\/schema\/person\/image\/\"}}]}<\/script>\n<!-- \/ Yoast SEO plugin. -->","yoast_head_json":{"title":"Spufi - Cv","robots":{"index":"index","follow":"follow","max-snippet":"max-snippet:-1","max-image-preview":"max-image-preview:large","max-video-preview":"max-video-preview:-1"},"canonical":"http:\/\/s-h.dk\/cv\/spufi\/","og_locale":"da_DK","og_type":"article","og_title":"Spufi - Cv","og_description":"Spufi er en m\u00e5de at afvikle DB2 SQL p\u00e5. Det bruges prim\u00e6rt p\u00e5 mainframe. Jeg har brugt Spufi til f\u00f8lgende opgaver. Select af r\u00e6kker i DB2 databaser Inset r\u00e6kker i DB2 databaser Delete r\u00e6kker i DB2 databaser Bind planer til DB2 databaser Create databaser Create synonyms i DB2 Create testdata gentagne gange Ovenst\u00e5ende sprog har &hellip; L\u00e6s videre Spufi &rarr;","og_url":"http:\/\/s-h.dk\/cv\/spufi\/","og_site_name":"Cv","article_modified_time":"2014-01-21T09:27:36+00:00","schema":{"@context":"https:\/\/schema.org","@graph":[{"@type":"WebPage","@id":"http:\/\/s-h.dk\/cv\/spufi\/","url":"http:\/\/s-h.dk\/cv\/spufi\/","name":"Spufi - Cv","isPartOf":{"@id":"https:\/\/s-h.dk\/cv\/#website"},"datePublished":"2014-01-02T08:13:23+00:00","dateModified":"2014-01-21T09:27:36+00:00","breadcrumb":{"@id":"http:\/\/s-h.dk\/cv\/spufi\/#breadcrumb"},"inLanguage":"da-DK","potentialAction":[{"@type":"ReadAction","target":["http:\/\/s-h.dk\/cv\/spufi\/"]}]},{"@type":"BreadcrumbList","@id":"http:\/\/s-h.dk\/cv\/spufi\/#breadcrumb","itemListElement":[{"@type":"ListItem","position":1,"name":"Hjem","item":"https:\/\/s-h.dk\/cv\/"},{"@type":"ListItem","position":2,"name":"Spufi"}]},{"@type":"WebSite","@id":"https:\/\/s-h.dk\/cv\/#website","url":"https:\/\/s-h.dk\/cv\/","name":"Cv","description":"Svend-Henrik Berthelsen","publisher":{"@id":"https:\/\/s-h.dk\/cv\/#\/schema\/person\/d1069187103bbc1b58c393674a1555d0"},"potentialAction":[{"@type":"SearchAction","target":{"@type":"EntryPoint","urlTemplate":"https:\/\/s-h.dk\/cv\/?s={search_term_string}"},"query-input":"required name=search_term_string"}],"inLanguage":"da-DK"},{"@type":["Person","Organization"],"@id":"https:\/\/s-h.dk\/cv\/#\/schema\/person\/d1069187103bbc1b58c393674a1555d0","name":"shb","image":{"@type":"ImageObject","inLanguage":"da-DK","@id":"https:\/\/s-h.dk\/cv\/#\/schema\/person\/image\/","url":"http:\/\/0.gravatar.com\/avatar\/6b36c0dc5af3408f9ce5f6dcff103e4a?s=96&d=mm&r=g","contentUrl":"http:\/\/0.gravatar.com\/avatar\/6b36c0dc5af3408f9ce5f6dcff103e4a?s=96&d=mm&r=g","caption":"shb"},"logo":{"@id":"https:\/\/s-h.dk\/cv\/#\/schema\/person\/image\/"}}]}},"_links":{"self":[{"href":"http:\/\/s-h.dk\/cv\/wp-json\/wp\/v2\/pages\/151"}],"collection":[{"href":"http:\/\/s-h.dk\/cv\/wp-json\/wp\/v2\/pages"}],"about":[{"href":"http:\/\/s-h.dk\/cv\/wp-json\/wp\/v2\/types\/page"}],"author":[{"embeddable":true,"href":"http:\/\/s-h.dk\/cv\/wp-json\/wp\/v2\/users\/1"}],"replies":[{"embeddable":true,"href":"http:\/\/s-h.dk\/cv\/wp-json\/wp\/v2\/comments?post=151"}],"version-history":[{"count":3,"href":"http:\/\/s-h.dk\/cv\/wp-json\/wp\/v2\/pages\/151\/revisions"}],"predecessor-version":[{"id":1279,"href":"http:\/\/s-h.dk\/cv\/wp-json\/wp\/v2\/pages\/151\/revisions\/1279"}],"wp:attachment":[{"href":"http:\/\/s-h.dk\/cv\/wp-json\/wp\/v2\/media?parent=151"}],"curies":[{"name":"wp","href":"https:\/\/api.w.org\/{rel}","templated":true}]}}