{"id":142,"date":"2014-01-02T08:10:19","date_gmt":"2014-01-02T08:10:19","guid":{"rendered":"http:\/\/s-h.dk\/cv\/?page_id=142"},"modified":"2014-01-02T08:21:51","modified_gmt":"2014-01-02T08:21:51","slug":"rexx","status":"publish","type":"page","link":"http:\/\/s-h.dk\/cv\/rexx\/","title":{"rendered":"Rexx"},"content":{"rendered":"<p>Sproget <strong>Rexx<\/strong> er et kommando sprog som prim\u00e6rt bruges p\u00e5 mainframe.<\/p>\n<p>Jeg har brugt sproget i f\u00f8lgende st\u00f8rre projekter.<\/p>\n<ul>\n<li>\u00a0SDC&#8217;s Testkanon hvor afviklingen afvikles under TSO.<br \/>\nSystemet simulerer transaktioner fra Nets som kan afvikles lokalt hos SDC.<\/li>\n<\/ul>\n<p>Ovenst\u00e5ende sprog har jeg brugt i 15 \u00e5r.<\/p>\n","protected":false},"excerpt":{"rendered":"<p>Sproget Rexx er et kommando sprog som prim\u00e6rt bruges p\u00e5 mainframe. Jeg har brugt sproget i f\u00f8lgende st\u00f8rre projekter. \u00a0SDC&#8217;s Testkanon hvor afviklingen afvikles under TSO. Systemet simulerer transaktioner fra Nets som kan afvikles lokalt hos SDC. Ovenst\u00e5ende sprog har jeg brugt i 15 \u00e5r.<\/p>\n","protected":false},"author":1,"featured_media":0,"parent":0,"menu_order":0,"comment_status":"closed","ping_status":"open","template":"","meta":[],"yoast_head":"<!-- This site is optimized with the Yoast SEO plugin v21.0 - https:\/\/yoast.com\/wordpress\/plugins\/seo\/ -->\n<title>Rexx - Cv<\/title>\n<meta name=\"robots\" content=\"index, follow, max-snippet:-1, max-image-preview:large, max-video-preview:-1\" \/>\n<link rel=\"canonical\" href=\"https:\/\/s-h.dk\/cv\/rexx\/\" \/>\n<meta property=\"og:locale\" content=\"da_DK\" \/>\n<meta property=\"og:type\" content=\"article\" \/>\n<meta property=\"og:title\" content=\"Rexx - Cv\" \/>\n<meta property=\"og:description\" content=\"Sproget Rexx er et kommando sprog som prim\u00e6rt bruges p\u00e5 mainframe. Jeg har brugt sproget i f\u00f8lgende st\u00f8rre projekter. \u00a0SDC&#8217;s Testkanon hvor afviklingen afvikles under TSO. Systemet simulerer transaktioner fra Nets som kan afvikles lokalt hos SDC. Ovenst\u00e5ende sprog har jeg brugt i 15 \u00e5r.\" \/>\n<meta property=\"og:url\" content=\"https:\/\/s-h.dk\/cv\/rexx\/\" \/>\n<meta property=\"og:site_name\" content=\"Cv\" \/>\n<meta property=\"article:modified_time\" content=\"2014-01-02T08:21:51+00:00\" \/>\n<script type=\"application\/ld+json\" class=\"yoast-schema-graph\">{\"@context\":\"https:\/\/schema.org\",\"@graph\":[{\"@type\":\"WebPage\",\"@id\":\"https:\/\/s-h.dk\/cv\/rexx\/\",\"url\":\"https:\/\/s-h.dk\/cv\/rexx\/\",\"name\":\"Rexx - Cv\",\"isPartOf\":{\"@id\":\"https:\/\/s-h.dk\/cv\/#website\"},\"datePublished\":\"2014-01-02T08:10:19+00:00\",\"dateModified\":\"2014-01-02T08:21:51+00:00\",\"breadcrumb\":{\"@id\":\"https:\/\/s-h.dk\/cv\/rexx\/#breadcrumb\"},\"inLanguage\":\"da-DK\",\"potentialAction\":[{\"@type\":\"ReadAction\",\"target\":[\"https:\/\/s-h.dk\/cv\/rexx\/\"]}]},{\"@type\":\"BreadcrumbList\",\"@id\":\"https:\/\/s-h.dk\/cv\/rexx\/#breadcrumb\",\"itemListElement\":[{\"@type\":\"ListItem\",\"position\":1,\"name\":\"Hjem\",\"item\":\"https:\/\/s-h.dk\/cv\/\"},{\"@type\":\"ListItem\",\"position\":2,\"name\":\"Rexx\"}]},{\"@type\":\"WebSite\",\"@id\":\"https:\/\/s-h.dk\/cv\/#website\",\"url\":\"https:\/\/s-h.dk\/cv\/\",\"name\":\"Cv\",\"description\":\"Svend-Henrik Berthelsen\",\"publisher\":{\"@id\":\"https:\/\/s-h.dk\/cv\/#\/schema\/person\/d1069187103bbc1b58c393674a1555d0\"},\"potentialAction\":[{\"@type\":\"SearchAction\",\"target\":{\"@type\":\"EntryPoint\",\"urlTemplate\":\"https:\/\/s-h.dk\/cv\/?s={search_term_string}\"},\"query-input\":\"required name=search_term_string\"}],\"inLanguage\":\"da-DK\"},{\"@type\":[\"Person\",\"Organization\"],\"@id\":\"https:\/\/s-h.dk\/cv\/#\/schema\/person\/d1069187103bbc1b58c393674a1555d0\",\"name\":\"shb\",\"image\":{\"@type\":\"ImageObject\",\"inLanguage\":\"da-DK\",\"@id\":\"https:\/\/s-h.dk\/cv\/#\/schema\/person\/image\/\",\"url\":\"http:\/\/0.gravatar.com\/avatar\/6b36c0dc5af3408f9ce5f6dcff103e4a?s=96&d=mm&r=g\",\"contentUrl\":\"http:\/\/0.gravatar.com\/avatar\/6b36c0dc5af3408f9ce5f6dcff103e4a?s=96&d=mm&r=g\",\"caption\":\"shb\"},\"logo\":{\"@id\":\"https:\/\/s-h.dk\/cv\/#\/schema\/person\/image\/\"}}]}<\/script>\n<!-- \/ Yoast SEO plugin. -->","yoast_head_json":{"title":"Rexx - Cv","robots":{"index":"index","follow":"follow","max-snippet":"max-snippet:-1","max-image-preview":"max-image-preview:large","max-video-preview":"max-video-preview:-1"},"canonical":"https:\/\/s-h.dk\/cv\/rexx\/","og_locale":"da_DK","og_type":"article","og_title":"Rexx - Cv","og_description":"Sproget Rexx er et kommando sprog som prim\u00e6rt bruges p\u00e5 mainframe. Jeg har brugt sproget i f\u00f8lgende st\u00f8rre projekter. \u00a0SDC&#8217;s Testkanon hvor afviklingen afvikles under TSO. Systemet simulerer transaktioner fra Nets som kan afvikles lokalt hos SDC. Ovenst\u00e5ende sprog har jeg brugt i 15 \u00e5r.","og_url":"https:\/\/s-h.dk\/cv\/rexx\/","og_site_name":"Cv","article_modified_time":"2014-01-02T08:21:51+00:00","schema":{"@context":"https:\/\/schema.org","@graph":[{"@type":"WebPage","@id":"https:\/\/s-h.dk\/cv\/rexx\/","url":"https:\/\/s-h.dk\/cv\/rexx\/","name":"Rexx - Cv","isPartOf":{"@id":"https:\/\/s-h.dk\/cv\/#website"},"datePublished":"2014-01-02T08:10:19+00:00","dateModified":"2014-01-02T08:21:51+00:00","breadcrumb":{"@id":"https:\/\/s-h.dk\/cv\/rexx\/#breadcrumb"},"inLanguage":"da-DK","potentialAction":[{"@type":"ReadAction","target":["https:\/\/s-h.dk\/cv\/rexx\/"]}]},{"@type":"BreadcrumbList","@id":"https:\/\/s-h.dk\/cv\/rexx\/#breadcrumb","itemListElement":[{"@type":"ListItem","position":1,"name":"Hjem","item":"https:\/\/s-h.dk\/cv\/"},{"@type":"ListItem","position":2,"name":"Rexx"}]},{"@type":"WebSite","@id":"https:\/\/s-h.dk\/cv\/#website","url":"https:\/\/s-h.dk\/cv\/","name":"Cv","description":"Svend-Henrik Berthelsen","publisher":{"@id":"https:\/\/s-h.dk\/cv\/#\/schema\/person\/d1069187103bbc1b58c393674a1555d0"},"potentialAction":[{"@type":"SearchAction","target":{"@type":"EntryPoint","urlTemplate":"https:\/\/s-h.dk\/cv\/?s={search_term_string}"},"query-input":"required name=search_term_string"}],"inLanguage":"da-DK"},{"@type":["Person","Organization"],"@id":"https:\/\/s-h.dk\/cv\/#\/schema\/person\/d1069187103bbc1b58c393674a1555d0","name":"shb","image":{"@type":"ImageObject","inLanguage":"da-DK","@id":"https:\/\/s-h.dk\/cv\/#\/schema\/person\/image\/","url":"http:\/\/0.gravatar.com\/avatar\/6b36c0dc5af3408f9ce5f6dcff103e4a?s=96&d=mm&r=g","contentUrl":"http:\/\/0.gravatar.com\/avatar\/6b36c0dc5af3408f9ce5f6dcff103e4a?s=96&d=mm&r=g","caption":"shb"},"logo":{"@id":"https:\/\/s-h.dk\/cv\/#\/schema\/person\/image\/"}}]}},"_links":{"self":[{"href":"http:\/\/s-h.dk\/cv\/wp-json\/wp\/v2\/pages\/142"}],"collection":[{"href":"http:\/\/s-h.dk\/cv\/wp-json\/wp\/v2\/pages"}],"about":[{"href":"http:\/\/s-h.dk\/cv\/wp-json\/wp\/v2\/types\/page"}],"author":[{"embeddable":true,"href":"http:\/\/s-h.dk\/cv\/wp-json\/wp\/v2\/users\/1"}],"replies":[{"embeddable":true,"href":"http:\/\/s-h.dk\/cv\/wp-json\/wp\/v2\/comments?post=142"}],"version-history":[{"count":3,"href":"http:\/\/s-h.dk\/cv\/wp-json\/wp\/v2\/pages\/142\/revisions"}],"predecessor-version":[{"id":159,"href":"http:\/\/s-h.dk\/cv\/wp-json\/wp\/v2\/pages\/142\/revisions\/159"}],"wp:attachment":[{"href":"http:\/\/s-h.dk\/cv\/wp-json\/wp\/v2\/media?parent=142"}],"curies":[{"name":"wp","href":"https:\/\/api.w.org\/{rel}","templated":true}]}}