{"id":1387,"date":"2014-02-07T08:51:16","date_gmt":"2014-02-07T08:51:16","guid":{"rendered":"http:\/\/s-h.dk\/cv\/?page_id=1387"},"modified":"2014-02-07T09:07:38","modified_gmt":"2014-02-07T09:07:38","slug":"sdf-sdf2","status":"publish","type":"page","link":"http:\/\/s-h.dk\/cv\/sdf-sdf2\/","title":{"rendered":"SDF &#8211; SDF2"},"content":{"rendered":"<p>Kodning i <strong>SDF &#8211; SDF2 <\/strong>omhandler F\u00f8lgende.<\/p>\n<ul>\n<li>SDF \u00a0\u00a0 er f\u00f8rste generation af kodegenerator til 3270 sk\u00e6rmbillede generering<\/li>\n<li>SDF2 er f\u00f8rste generation af kodegenerator til 3270 sk\u00e6rmbillede generering<\/li>\n<\/ul>\n<p>Ovenst\u00e5ende er typer som jeg gennem over 30 &#8211; 40 \u00e5r har kodet i.<\/p>\n","protected":false},"excerpt":{"rendered":"<p>Kodning i SDF &#8211; SDF2 omhandler F\u00f8lgende. SDF \u00a0\u00a0 er f\u00f8rste generation af kodegenerator til 3270 sk\u00e6rmbillede generering SDF2 er f\u00f8rste generation af kodegenerator til 3270 sk\u00e6rmbillede generering Ovenst\u00e5ende er typer som jeg gennem over 30 &#8211; 40 \u00e5r har kodet i.<\/p>\n","protected":false},"author":1,"featured_media":0,"parent":0,"menu_order":0,"comment_status":"closed","ping_status":"open","template":"","meta":[],"yoast_head":"<!-- This site is optimized with the Yoast SEO plugin v21.0 - https:\/\/yoast.com\/wordpress\/plugins\/seo\/ -->\n<title>SDF - SDF2  - Cv<\/title>\n<meta name=\"robots\" content=\"index, follow, max-snippet:-1, max-image-preview:large, max-video-preview:-1\" \/>\n<link rel=\"canonical\" href=\"https:\/\/s-h.dk\/cv\/sdf-sdf2\/\" \/>\n<meta property=\"og:locale\" content=\"da_DK\" \/>\n<meta property=\"og:type\" content=\"article\" \/>\n<meta property=\"og:title\" content=\"SDF - SDF2  - Cv\" \/>\n<meta property=\"og:description\" content=\"Kodning i SDF &#8211; SDF2 omhandler F\u00f8lgende. SDF \u00a0\u00a0 er f\u00f8rste generation af kodegenerator til 3270 sk\u00e6rmbillede generering SDF2 er f\u00f8rste generation af kodegenerator til 3270 sk\u00e6rmbillede generering Ovenst\u00e5ende er typer som jeg gennem over 30 &#8211; 40 \u00e5r har kodet i.\" \/>\n<meta property=\"og:url\" content=\"https:\/\/s-h.dk\/cv\/sdf-sdf2\/\" \/>\n<meta property=\"og:site_name\" content=\"Cv\" \/>\n<meta property=\"article:modified_time\" content=\"2014-02-07T09:07:38+00:00\" \/>\n<script type=\"application\/ld+json\" class=\"yoast-schema-graph\">{\"@context\":\"https:\/\/schema.org\",\"@graph\":[{\"@type\":\"WebPage\",\"@id\":\"https:\/\/s-h.dk\/cv\/sdf-sdf2\/\",\"url\":\"https:\/\/s-h.dk\/cv\/sdf-sdf2\/\",\"name\":\"SDF - SDF2 - Cv\",\"isPartOf\":{\"@id\":\"https:\/\/s-h.dk\/cv\/#website\"},\"datePublished\":\"2014-02-07T08:51:16+00:00\",\"dateModified\":\"2014-02-07T09:07:38+00:00\",\"breadcrumb\":{\"@id\":\"https:\/\/s-h.dk\/cv\/sdf-sdf2\/#breadcrumb\"},\"inLanguage\":\"da-DK\",\"potentialAction\":[{\"@type\":\"ReadAction\",\"target\":[\"https:\/\/s-h.dk\/cv\/sdf-sdf2\/\"]}]},{\"@type\":\"BreadcrumbList\",\"@id\":\"https:\/\/s-h.dk\/cv\/sdf-sdf2\/#breadcrumb\",\"itemListElement\":[{\"@type\":\"ListItem\",\"position\":1,\"name\":\"Hjem\",\"item\":\"https:\/\/s-h.dk\/cv\/\"},{\"@type\":\"ListItem\",\"position\":2,\"name\":\"SDF &#8211; SDF2\"}]},{\"@type\":\"WebSite\",\"@id\":\"https:\/\/s-h.dk\/cv\/#website\",\"url\":\"https:\/\/s-h.dk\/cv\/\",\"name\":\"Cv\",\"description\":\"Svend-Henrik Berthelsen\",\"publisher\":{\"@id\":\"https:\/\/s-h.dk\/cv\/#\/schema\/person\/d1069187103bbc1b58c393674a1555d0\"},\"potentialAction\":[{\"@type\":\"SearchAction\",\"target\":{\"@type\":\"EntryPoint\",\"urlTemplate\":\"https:\/\/s-h.dk\/cv\/?s={search_term_string}\"},\"query-input\":\"required name=search_term_string\"}],\"inLanguage\":\"da-DK\"},{\"@type\":[\"Person\",\"Organization\"],\"@id\":\"https:\/\/s-h.dk\/cv\/#\/schema\/person\/d1069187103bbc1b58c393674a1555d0\",\"name\":\"shb\",\"image\":{\"@type\":\"ImageObject\",\"inLanguage\":\"da-DK\",\"@id\":\"https:\/\/s-h.dk\/cv\/#\/schema\/person\/image\/\",\"url\":\"http:\/\/0.gravatar.com\/avatar\/6b36c0dc5af3408f9ce5f6dcff103e4a?s=96&d=mm&r=g\",\"contentUrl\":\"http:\/\/0.gravatar.com\/avatar\/6b36c0dc5af3408f9ce5f6dcff103e4a?s=96&d=mm&r=g\",\"caption\":\"shb\"},\"logo\":{\"@id\":\"https:\/\/s-h.dk\/cv\/#\/schema\/person\/image\/\"}}]}<\/script>\n<!-- \/ Yoast SEO plugin. -->","yoast_head_json":{"title":"SDF - SDF2  - Cv","robots":{"index":"index","follow":"follow","max-snippet":"max-snippet:-1","max-image-preview":"max-image-preview:large","max-video-preview":"max-video-preview:-1"},"canonical":"https:\/\/s-h.dk\/cv\/sdf-sdf2\/","og_locale":"da_DK","og_type":"article","og_title":"SDF - SDF2  - Cv","og_description":"Kodning i SDF &#8211; SDF2 omhandler F\u00f8lgende. SDF \u00a0\u00a0 er f\u00f8rste generation af kodegenerator til 3270 sk\u00e6rmbillede generering SDF2 er f\u00f8rste generation af kodegenerator til 3270 sk\u00e6rmbillede generering Ovenst\u00e5ende er typer som jeg gennem over 30 &#8211; 40 \u00e5r har kodet i.","og_url":"https:\/\/s-h.dk\/cv\/sdf-sdf2\/","og_site_name":"Cv","article_modified_time":"2014-02-07T09:07:38+00:00","schema":{"@context":"https:\/\/schema.org","@graph":[{"@type":"WebPage","@id":"https:\/\/s-h.dk\/cv\/sdf-sdf2\/","url":"https:\/\/s-h.dk\/cv\/sdf-sdf2\/","name":"SDF - SDF2 - Cv","isPartOf":{"@id":"https:\/\/s-h.dk\/cv\/#website"},"datePublished":"2014-02-07T08:51:16+00:00","dateModified":"2014-02-07T09:07:38+00:00","breadcrumb":{"@id":"https:\/\/s-h.dk\/cv\/sdf-sdf2\/#breadcrumb"},"inLanguage":"da-DK","potentialAction":[{"@type":"ReadAction","target":["https:\/\/s-h.dk\/cv\/sdf-sdf2\/"]}]},{"@type":"BreadcrumbList","@id":"https:\/\/s-h.dk\/cv\/sdf-sdf2\/#breadcrumb","itemListElement":[{"@type":"ListItem","position":1,"name":"Hjem","item":"https:\/\/s-h.dk\/cv\/"},{"@type":"ListItem","position":2,"name":"SDF &#8211; SDF2"}]},{"@type":"WebSite","@id":"https:\/\/s-h.dk\/cv\/#website","url":"https:\/\/s-h.dk\/cv\/","name":"Cv","description":"Svend-Henrik Berthelsen","publisher":{"@id":"https:\/\/s-h.dk\/cv\/#\/schema\/person\/d1069187103bbc1b58c393674a1555d0"},"potentialAction":[{"@type":"SearchAction","target":{"@type":"EntryPoint","urlTemplate":"https:\/\/s-h.dk\/cv\/?s={search_term_string}"},"query-input":"required name=search_term_string"}],"inLanguage":"da-DK"},{"@type":["Person","Organization"],"@id":"https:\/\/s-h.dk\/cv\/#\/schema\/person\/d1069187103bbc1b58c393674a1555d0","name":"shb","image":{"@type":"ImageObject","inLanguage":"da-DK","@id":"https:\/\/s-h.dk\/cv\/#\/schema\/person\/image\/","url":"http:\/\/0.gravatar.com\/avatar\/6b36c0dc5af3408f9ce5f6dcff103e4a?s=96&d=mm&r=g","contentUrl":"http:\/\/0.gravatar.com\/avatar\/6b36c0dc5af3408f9ce5f6dcff103e4a?s=96&d=mm&r=g","caption":"shb"},"logo":{"@id":"https:\/\/s-h.dk\/cv\/#\/schema\/person\/image\/"}}]}},"_links":{"self":[{"href":"http:\/\/s-h.dk\/cv\/wp-json\/wp\/v2\/pages\/1387"}],"collection":[{"href":"http:\/\/s-h.dk\/cv\/wp-json\/wp\/v2\/pages"}],"about":[{"href":"http:\/\/s-h.dk\/cv\/wp-json\/wp\/v2\/types\/page"}],"author":[{"embeddable":true,"href":"http:\/\/s-h.dk\/cv\/wp-json\/wp\/v2\/users\/1"}],"replies":[{"embeddable":true,"href":"http:\/\/s-h.dk\/cv\/wp-json\/wp\/v2\/comments?post=1387"}],"version-history":[{"count":3,"href":"http:\/\/s-h.dk\/cv\/wp-json\/wp\/v2\/pages\/1387\/revisions"}],"predecessor-version":[{"id":1390,"href":"http:\/\/s-h.dk\/cv\/wp-json\/wp\/v2\/pages\/1387\/revisions\/1390"}],"wp:attachment":[{"href":"http:\/\/s-h.dk\/cv\/wp-json\/wp\/v2\/media?parent=1387"}],"curies":[{"name":"wp","href":"https:\/\/api.w.org\/{rel}","templated":true}]}}