{"id":1341,"date":"2014-02-02T10:50:43","date_gmt":"2014-02-02T10:50:43","guid":{"rendered":"http:\/\/s-h.dk\/cv\/?page_id=1341"},"modified":"2014-02-07T09:07:14","modified_gmt":"2014-02-07T09:07:14","slug":"vejledning-til-hjemmeside","status":"publish","type":"page","link":"http:\/\/s-h.dk\/cv\/vejledning-til-hjemmeside\/","title":{"rendered":"Vejledning til hjemmeside"},"content":{"rendered":"<p>Det giver en kort introduktion til denne hjemmeside og forh\u00e5bentlig ogs\u00e5 en hj\u00e6lp i brugen.<\/p>\n<p>Generelt g\u00e6lder<\/p>\n<ul>\n<li>I top linjen er der en r\u00e6kke hovedmenu indgange.<br \/>\nUndermenuer til hovedmenu indgang vises hvis man placerer mark\u00f8ren \/ cursor over teksten. Hvis der findes flere undermenuer kan mark\u00f8ren placeres p\u00e5 denne tekst og undermenuen vises hvis s\u00e5danne findes.<br \/>\nI nogle af hovedmenuerne startes nyt faneblad ved valg af menu indgangen.<\/li>\n<li>N\u00e5r felter med fed skrift og r\u00f8d tekst er det et link til supplerende test.<\/li>\n<\/ul>\n<p>Beskrivelse<\/p>\n<ul>\n<li>I Menu indgang <strong><span style=\"text-decoration: underline;\">Curriculum Vitae<\/span><\/strong> findes beskrivelse af funktioner som jeg har udf\u00f8rt i mit professionelle virke.\n<ol>\n<li>Undermenu er Systemprogramm\u00f8r<\/li>\n<li>Undermenu\u00a0er Design \u2013 Konstruktion \u2013 Drift &#8211; Administration<br \/>\n&#8211; Ny undermenu er<a title=\"System konstrukt\u00f8r\" href=\"http:\/\/s-h.dk\/cv\/?page_id=51\"><strong> Systemkonstrukt\u00f8r<\/strong><\/a><br \/>\n&#8211;\u00a0Ny undermenu er <a title=\"Arkitekt\" href=\"http:\/\/s-h.dk\/cv\/?page_id=53\"><strong>Arkitekt<\/strong><\/a><br \/>\n&#8211;\u00a0Ny undermenu er<strong><a title=\"Drift operat\u00f8r \u2013 Drift planl\u00e6gger\" href=\"http:\/\/s-h.dk\/cv\/?page_id=55\"> Driftoperat\u00f8r &#8211; Driftplanl\u00e6gger<\/a><\/strong><br \/>\n&#8211;\u00a0Ny undermenu er<strong> <a title=\"Ledelse\" href=\"http:\/\/s-h.dk\/cv\/?page_id=238\">Ledelse<\/a><\/strong><\/li>\n<li>Undermenu\u00a0er Applikations Programm\u00f8r<br \/>\n&#8211;\u00a0Ny undermenu er <a title=\"Quick\" href=\"http:\/\/s-h.dk\/cv\/?page_id=94\"><strong>Quick<\/strong> <\/a>(Oversigt over programmerings sprog og erfaring)<br \/>\n&#8211;\u00a0Ny undermenu er <a title=\"Assembler\" href=\"http:\/\/s-h.dk\/cv\/?page_id=62\"><strong>Assembler<\/strong><\/a><br \/>\n&#8211;\u00a0Ny undermenu er <a title=\"Cobol\" href=\"http:\/\/s-h.dk\/cv\/?page_id=64\"><strong>Cobol<\/strong><\/a><br \/>\n&#8211; Ny undermenu er <a title=\"PL\/1\" href=\"http:\/\/s-h.dk\/cv\/?page_id=66\"><strong>PL\/1<\/strong><\/a><br \/>\n&#8211;\u00a0Ny undermenu er <a title=\"RPG\" href=\"http:\/\/s-h.dk\/cv\/?page_id=68\"><strong>RPG<\/strong><\/a><br \/>\n&#8211;\u00a0Ny undermenu er <a title=\"Rexx\" href=\"http:\/\/s-h.dk\/cv\/?page_id=142\"><strong>REXX<\/strong><\/a><br \/>\n&#8211; Ny undermenu er <a title=\"Cics\" href=\"http:\/\/s-h.dk\/cv\/?page_id=1375\"><strong>Cics<\/strong><\/a><br \/>\n&#8211; Ny undermenu er <a title=\"SDF \u2013 SDF2\" href=\"http:\/\/s-h.dk\/cv\/?page_id=1387\"><strong>SDF &#8211; SDF2<\/strong><\/a><br \/>\n&#8211; Ny undermenu er <a title=\"TSO\/Ispf\" href=\"http:\/\/s-h.dk\/cv\/?page_id=145\"><strong>TSO\/Ispf<\/strong><\/a><br \/>\n&#8211;\u00a0Ny undermenu er <a title=\"Datamanager\" href=\"http:\/\/s-h.dk\/cv\/?page_id=147\"><strong>Datamanager<\/strong><\/a><br \/>\n&#8211;\u00a0Ny undermenu er <a title=\"Nebula\" href=\"http:\/\/s-h.dk\/cv\/?page_id=1347\"><strong>Nebula<\/strong><\/a><br \/>\n&#8211; Ny undermenu er <a title=\"Natural\" href=\"http:\/\/s-h.dk\/cv\/?page_id=71\"><strong>Natual<\/strong><\/a><br \/>\n&#8211;\u00a0Ny undermenu er <a title=\"Appbuilder\" href=\"http:\/\/s-h.dk\/cv\/?page_id=149\"><strong>Appbuilder<\/strong><\/a><br \/>\n&#8211; Ny undermenu er <a title=\"Spufi\" href=\"http:\/\/s-h.dk\/cv\/?page_id=151\"><strong>Spufi<\/strong><\/a><br \/>\n&#8211;\u00a0Ny undermenu er <a title=\"SQL\" href=\"http:\/\/s-h.dk\/cv\/?page_id=153\"><strong>SQL<\/strong><\/a><br \/>\n&#8211;\u00a0Ny undermenu er <a title=\"JCL MVS\/DOS\" href=\"http:\/\/s-h.dk\/cv\/?page_id=155\"><strong>JCL MVS\/DOS<\/strong><\/a><br \/>\n&#8211; Ny undermenu er <a title=\"Cman\" href=\"http:\/\/s-h.dk\/cv\/?page_id=167\"><strong>Cman<\/strong><\/a><\/li>\n<li>Undermenu\u00a0er Internet programmering<\/li>\n<li>Undermenu\u00a0er Tester<\/li>\n<li>Undermenu\u00a0er Andet Arbejde<\/li>\n<li>Undermenu\u00a0er Firma Oversigt<br \/>\n&#8211;\u00a0Ny undermenu er <a title=\"Handel\" href=\"http:\/\/s-h.dk\/cv\/?page_id=364\"><strong>Handel<\/strong><\/a><br \/>\n&#8211;\u00a0Ny undermenu er <a title=\"Industri\" href=\"http:\/\/s-h.dk\/cv\/?page_id=368\"><strong>Industri<\/strong><\/a><br \/>\n&#8211;\u00a0Ny undermenu er <a title=\"Finans\" href=\"http:\/\/s-h.dk\/cv\/?page_id=373\"><strong>Finans<\/strong><\/a><br \/>\n&#8211; Ny undermenu er <a title=\"Offentlig forvaltning\" href=\"http:\/\/s-h.dk\/cv\/?page_id=378\"><strong>Offentlig forvaltning<\/strong><\/a><br \/>\n&#8211;\u00a0Ny undermenu er <a title=\"Farmaka\" href=\"http:\/\/s-h.dk\/cv\/?page_id=382\"><strong>Farmaka<\/strong><\/a><br \/>\n&#8211;\u00a0Ny undermenu er <a title=\"Forsikring\" href=\"http:\/\/s-h.dk\/cv\/?page_id=386\"><strong>Forsikring<\/strong><\/a><br \/>\n&#8211;\u00a0Ny undermenu er <a title=\"Software \/ Konsulent huse\" href=\"http:\/\/s-h.dk\/cv\/?page_id=390\"><strong>Software \/ Konsulent huse<\/strong><\/a><\/li>\n<\/ol>\n<\/li>\n<li>I hovedmenu indgang <strong><span style=\"text-decoration: underline;\">Kompetence Oversigt<\/span><\/strong> findes beskrivelse af kompetencer som jeg har tilegnet mig\u00a0 i mit professionelle virke.\n<ol>\n<li>Ny undermenu\u00a0er <a title=\"Uddannelse\" href=\"http:\/\/s-h.dk\/cv\/?page_id=1254\"><strong>Uddannelse<\/strong><\/a><\/li>\n<li>Ny undermenu\u00a0er<a title=\"Kompetancer for software\" href=\"http:\/\/s-h.dk\/cv\/?page_id=264\"><strong> Kompetencer for software<\/strong><\/a><\/li>\n<li>Ny undermenu\u00a0er <a title=\"Kompetancer for stillings betegnelser\" href=\"http:\/\/s-h.dk\/cv\/?page_id=265\"><strong>Kompetencer for stillingsbetegnelser<\/strong><\/a><\/li>\n<li>Ny undermenu\u00a0er <a title=\"Kompetancer for Sector\" href=\"http:\/\/s-h.dk\/cv\/?page_id=303\"><strong>Kompetencer for sector<\/strong><\/a><\/li>\n<\/ol>\n<\/li>\n<li>I hovedmenu indgang <span style=\"text-decoration: underline;\"><strong>Firma Oversigt<\/strong><\/span> findes beskrivelse af firmaer hvor jeg har udf\u00f8rt arbejde og hvilke type arbejde.<\/li>\n<li>I hovedmenu indgang <span style=\"text-decoration: underline;\"><strong>Kronologisk r\u00e6kkef\u00f8lge<\/strong><\/span> findes beskrivelse af hvilke firmaer jeg har arbejdet i, i \u00e5rstals r\u00e6kkef\u00f8lge.\n<ol>\n<li>Ny undermenu\u00a0er <a title=\"R\u00e6kkef\u00f8lge i tabel form for firmaer\" href=\"http:\/\/s-h.dk\/cv\/?page_id=752\"><strong>R\u00e6kkef\u00f8lge i tabel form for firmaer<\/strong><\/a><\/li>\n<li>Ny undermenu\u00a0er <a title=\"R\u00e6kkef\u00f8lge i liste form for firmaer\" href=\"http:\/\/s-h.dk\/cv\/?page_id=402\"><strong>R\u00e6kkef\u00f8lge i liste form for firmaer<\/strong><\/a><\/li>\n<li>Ny undermenu\u00a0er <a title=\"Tidslinje for firmaer\" href=\"http:\/\/s-h.dk\/cv\/?page_id=1296\"><strong>Tidslinje for firmaer<\/strong><\/a><br \/>\nVed brug af scroll kan der zoomes p\u00e5 mindre intervaller i tiden<\/li>\n<\/ol>\n<\/li>\n<li>I hovedmenu indgang <span style=\"text-decoration: underline;\"><strong>Andet Arbejde<\/strong><\/span> findes beskrivelse af arbejde som ikke er IT relateret som jeg har udf\u00f8rt.<\/li>\n<li>I hovedmenu indgang <span style=\"text-decoration: underline;\"><strong>Andre Hjemmesider<\/strong><\/span> findes link til hjemmesider jeg har lavet i det sidste \u00e5rs tid.<\/li>\n<\/ul>\n","protected":false},"excerpt":{"rendered":"<p>Det giver en kort introduktion til denne hjemmeside og forh\u00e5bentlig ogs\u00e5 en hj\u00e6lp i brugen. Generelt g\u00e6lder I top linjen er der en r\u00e6kke hovedmenu indgange. Undermenuer til hovedmenu indgang vises hvis man placerer mark\u00f8ren \/ cursor over teksten. Hvis der findes flere undermenuer kan mark\u00f8ren placeres p\u00e5 denne tekst og undermenuen vises hvis s\u00e5danne &hellip; <a href=\"http:\/\/s-h.dk\/cv\/vejledning-til-hjemmeside\/\" class=\"more-link\">L\u00e6s videre <span class=\"screen-reader-text\">Vejledning til hjemmeside<\/span> <span class=\"meta-nav\">&rarr;<\/span><\/a><\/p>\n","protected":false},"author":1,"featured_media":0,"parent":0,"menu_order":0,"comment_status":"closed","ping_status":"open","template":"","meta":[],"yoast_head":"<!-- This site is optimized with the Yoast SEO plugin v21.0 - https:\/\/yoast.com\/wordpress\/plugins\/seo\/ -->\n<title>Vejledning til hjemmeside - Cv<\/title>\n<meta name=\"robots\" content=\"index, follow, max-snippet:-1, max-image-preview:large, max-video-preview:-1\" \/>\n<link rel=\"canonical\" href=\"http:\/\/s-h.dk\/cv\/vejledning-til-hjemmeside\/\" \/>\n<meta property=\"og:locale\" content=\"da_DK\" \/>\n<meta property=\"og:type\" content=\"article\" \/>\n<meta property=\"og:title\" content=\"Vejledning til hjemmeside - Cv\" \/>\n<meta property=\"og:description\" content=\"Det giver en kort introduktion til denne hjemmeside og forh\u00e5bentlig ogs\u00e5 en hj\u00e6lp i brugen. Generelt g\u00e6lder I top linjen er der en r\u00e6kke hovedmenu indgange. Undermenuer til hovedmenu indgang vises hvis man placerer mark\u00f8ren \/ cursor over teksten. Hvis der findes flere undermenuer kan mark\u00f8ren placeres p\u00e5 denne tekst og undermenuen vises hvis s\u00e5danne &hellip; L\u00e6s videre Vejledning til hjemmeside &rarr;\" \/>\n<meta property=\"og:url\" content=\"http:\/\/s-h.dk\/cv\/vejledning-til-hjemmeside\/\" \/>\n<meta property=\"og:site_name\" content=\"Cv\" \/>\n<meta property=\"article:modified_time\" content=\"2014-02-07T09:07:14+00:00\" \/>\n<meta name=\"twitter:label1\" content=\"Estimeret l\u00e6setid\" \/>\n\t<meta name=\"twitter:data1\" content=\"2 minutter\" \/>\n<script type=\"application\/ld+json\" class=\"yoast-schema-graph\">{\"@context\":\"https:\/\/schema.org\",\"@graph\":[{\"@type\":\"WebPage\",\"@id\":\"http:\/\/s-h.dk\/cv\/vejledning-til-hjemmeside\/\",\"url\":\"http:\/\/s-h.dk\/cv\/vejledning-til-hjemmeside\/\",\"name\":\"Vejledning til hjemmeside - Cv\",\"isPartOf\":{\"@id\":\"http:\/\/s-h.dk\/cv\/#website\"},\"datePublished\":\"2014-02-02T10:50:43+00:00\",\"dateModified\":\"2014-02-07T09:07:14+00:00\",\"breadcrumb\":{\"@id\":\"http:\/\/s-h.dk\/cv\/vejledning-til-hjemmeside\/#breadcrumb\"},\"inLanguage\":\"da-DK\",\"potentialAction\":[{\"@type\":\"ReadAction\",\"target\":[\"http:\/\/s-h.dk\/cv\/vejledning-til-hjemmeside\/\"]}]},{\"@type\":\"BreadcrumbList\",\"@id\":\"http:\/\/s-h.dk\/cv\/vejledning-til-hjemmeside\/#breadcrumb\",\"itemListElement\":[{\"@type\":\"ListItem\",\"position\":1,\"name\":\"Hjem\",\"item\":\"http:\/\/s-h.dk\/cv\/\"},{\"@type\":\"ListItem\",\"position\":2,\"name\":\"Vejledning til hjemmeside\"}]},{\"@type\":\"WebSite\",\"@id\":\"http:\/\/s-h.dk\/cv\/#website\",\"url\":\"http:\/\/s-h.dk\/cv\/\",\"name\":\"Cv\",\"description\":\"Svend-Henrik Berthelsen\",\"publisher\":{\"@id\":\"http:\/\/s-h.dk\/cv\/#\/schema\/person\/d1069187103bbc1b58c393674a1555d0\"},\"potentialAction\":[{\"@type\":\"SearchAction\",\"target\":{\"@type\":\"EntryPoint\",\"urlTemplate\":\"http:\/\/s-h.dk\/cv\/?s={search_term_string}\"},\"query-input\":\"required name=search_term_string\"}],\"inLanguage\":\"da-DK\"},{\"@type\":[\"Person\",\"Organization\"],\"@id\":\"http:\/\/s-h.dk\/cv\/#\/schema\/person\/d1069187103bbc1b58c393674a1555d0\",\"name\":\"shb\",\"image\":{\"@type\":\"ImageObject\",\"inLanguage\":\"da-DK\",\"@id\":\"http:\/\/s-h.dk\/cv\/#\/schema\/person\/image\/\",\"url\":\"http:\/\/0.gravatar.com\/avatar\/6b36c0dc5af3408f9ce5f6dcff103e4a?s=96&d=mm&r=g\",\"contentUrl\":\"http:\/\/0.gravatar.com\/avatar\/6b36c0dc5af3408f9ce5f6dcff103e4a?s=96&d=mm&r=g\",\"caption\":\"shb\"},\"logo\":{\"@id\":\"http:\/\/s-h.dk\/cv\/#\/schema\/person\/image\/\"}}]}<\/script>\n<!-- \/ Yoast SEO plugin. -->","yoast_head_json":{"title":"Vejledning til hjemmeside - Cv","robots":{"index":"index","follow":"follow","max-snippet":"max-snippet:-1","max-image-preview":"max-image-preview:large","max-video-preview":"max-video-preview:-1"},"canonical":"http:\/\/s-h.dk\/cv\/vejledning-til-hjemmeside\/","og_locale":"da_DK","og_type":"article","og_title":"Vejledning til hjemmeside - Cv","og_description":"Det giver en kort introduktion til denne hjemmeside og forh\u00e5bentlig ogs\u00e5 en hj\u00e6lp i brugen. Generelt g\u00e6lder I top linjen er der en r\u00e6kke hovedmenu indgange. Undermenuer til hovedmenu indgang vises hvis man placerer mark\u00f8ren \/ cursor over teksten. Hvis der findes flere undermenuer kan mark\u00f8ren placeres p\u00e5 denne tekst og undermenuen vises hvis s\u00e5danne &hellip; L\u00e6s videre Vejledning til hjemmeside &rarr;","og_url":"http:\/\/s-h.dk\/cv\/vejledning-til-hjemmeside\/","og_site_name":"Cv","article_modified_time":"2014-02-07T09:07:14+00:00","twitter_misc":{"Estimeret l\u00e6setid":"2 minutter"},"schema":{"@context":"https:\/\/schema.org","@graph":[{"@type":"WebPage","@id":"http:\/\/s-h.dk\/cv\/vejledning-til-hjemmeside\/","url":"http:\/\/s-h.dk\/cv\/vejledning-til-hjemmeside\/","name":"Vejledning til hjemmeside - Cv","isPartOf":{"@id":"http:\/\/s-h.dk\/cv\/#website"},"datePublished":"2014-02-02T10:50:43+00:00","dateModified":"2014-02-07T09:07:14+00:00","breadcrumb":{"@id":"http:\/\/s-h.dk\/cv\/vejledning-til-hjemmeside\/#breadcrumb"},"inLanguage":"da-DK","potentialAction":[{"@type":"ReadAction","target":["http:\/\/s-h.dk\/cv\/vejledning-til-hjemmeside\/"]}]},{"@type":"BreadcrumbList","@id":"http:\/\/s-h.dk\/cv\/vejledning-til-hjemmeside\/#breadcrumb","itemListElement":[{"@type":"ListItem","position":1,"name":"Hjem","item":"http:\/\/s-h.dk\/cv\/"},{"@type":"ListItem","position":2,"name":"Vejledning til hjemmeside"}]},{"@type":"WebSite","@id":"http:\/\/s-h.dk\/cv\/#website","url":"http:\/\/s-h.dk\/cv\/","name":"Cv","description":"Svend-Henrik Berthelsen","publisher":{"@id":"http:\/\/s-h.dk\/cv\/#\/schema\/person\/d1069187103bbc1b58c393674a1555d0"},"potentialAction":[{"@type":"SearchAction","target":{"@type":"EntryPoint","urlTemplate":"http:\/\/s-h.dk\/cv\/?s={search_term_string}"},"query-input":"required name=search_term_string"}],"inLanguage":"da-DK"},{"@type":["Person","Organization"],"@id":"http:\/\/s-h.dk\/cv\/#\/schema\/person\/d1069187103bbc1b58c393674a1555d0","name":"shb","image":{"@type":"ImageObject","inLanguage":"da-DK","@id":"http:\/\/s-h.dk\/cv\/#\/schema\/person\/image\/","url":"http:\/\/0.gravatar.com\/avatar\/6b36c0dc5af3408f9ce5f6dcff103e4a?s=96&d=mm&r=g","contentUrl":"http:\/\/0.gravatar.com\/avatar\/6b36c0dc5af3408f9ce5f6dcff103e4a?s=96&d=mm&r=g","caption":"shb"},"logo":{"@id":"http:\/\/s-h.dk\/cv\/#\/schema\/person\/image\/"}}]}},"_links":{"self":[{"href":"http:\/\/s-h.dk\/cv\/wp-json\/wp\/v2\/pages\/1341"}],"collection":[{"href":"http:\/\/s-h.dk\/cv\/wp-json\/wp\/v2\/pages"}],"about":[{"href":"http:\/\/s-h.dk\/cv\/wp-json\/wp\/v2\/types\/page"}],"author":[{"embeddable":true,"href":"http:\/\/s-h.dk\/cv\/wp-json\/wp\/v2\/users\/1"}],"replies":[{"embeddable":true,"href":"http:\/\/s-h.dk\/cv\/wp-json\/wp\/v2\/comments?post=1341"}],"version-history":[{"count":16,"href":"http:\/\/s-h.dk\/cv\/wp-json\/wp\/v2\/pages\/1341\/revisions"}],"predecessor-version":[{"id":1398,"href":"http:\/\/s-h.dk\/cv\/wp-json\/wp\/v2\/pages\/1341\/revisions\/1398"}],"wp:attachment":[{"href":"http:\/\/s-h.dk\/cv\/wp-json\/wp\/v2\/media?parent=1341"}],"curies":[{"name":"wp","href":"https:\/\/api.w.org\/{rel}","templated":true}]}}